{"id":2614,"date":"2021-09-29T14:00:35","date_gmt":"2021-09-29T14:00:35","guid":{"rendered":"https:\/\/www.msd.at\/en\/?page_id=2614"},"modified":"2025-08-22T14:50:50","modified_gmt":"2025-08-22T14:50:50","slug":"contact-us","status":"publish","type":"page","link":"https:\/\/www.msd.at\/en\/contact-us\/","title":{"rendered":"Contact us"},"content":{"rendered":"\n<h1 class=\"wp-block-heading\">KONTAKT<\/h1>\n\n\n\n<h3 class=\"wp-block-heading\"><strong>Unser Kontakt f\u00fcr Human-Medizin<\/strong><\/h3>\n\n\n\n<p>Merck Sharp &amp; Dohme Ges.m.b.H.<\/p>\n\n\n\n<p>THE ICON VIENNA<br>Wiedner G\u00fcrtel 9-13<br>A-1100 Wien<\/p>\n\n\n\n<p>Tel:\u00a0 + 43 (0) 1\/260 44-0<br>Fax: + 43 (0) 1\/260 44-444<br>E-Mail: <a href=\"mailto:msd-austria@msd.com\">msd-austria@msd.com<\/a><\/p>\n\n\n\n<p>Wir m\u00f6chten unsere Interessenten informieren, dass bei der Kontaktaufnahme personenbezogene Daten zur Bearbeitung der eingehenden Anliegen aufgenommen und von MSD unter voller Achtung der Privatsph\u00e4re behandelt werden.<\/p>\n\n\n\n<p>Interessenten, die mit der Erfassung ihrer Daten nicht einverstanden sind, bitten wir, uns dies schriftlich mitzuteilen. Mehr zu unserer Datenschutzerkl\u00e4rung unter&nbsp;<a href=\"https:\/\/www.msdprivacy.com\/at\/de\/index.html\">https:\/\/www.msdprivacy.com\/at\/de\/index.html<\/a><\/p>\n\n\n\n<p>Alle Bewerbungen, die uns per Email \u00fcber\u00a0<a href=\"mailto:msd-austria@msd.com\">msd-austria@msd.com<\/a> erreichen, m\u00fcssen aus Datenschutzgr\u00fcnden unmittelbar gel\u00f6scht werden.<\/p>\n\n\n\n<p>Infos zu offenen Stellen und Bewerbungen sind auf unserem Jobportal zu finden<\/p>\n\n\n\n<p>Link zu Karriere-Portal auf Button: https:\/\/jobs.msd.com\/austria<\/p>\n\n\n\n<h3 class=\"wp-block-heading\"><\/h3>\n\n\n\n<h3 class=\"wp-block-heading\"><strong>Unsere Kontakte f\u00fcr Tiergesundheit<\/strong><\/h3>\n\n\n\n<p>Intervet Ges.m.b.H<br>Siemensstra\u00dfe 107<br>A-1210 Wien-Floridsdorf<br>Tel: +43 1 256 87 87<\/p>\n\n\n\n<p><\/p>\n\n\n\n<p>MSD Animal Health Danube Biotech GmbH<br>Brennaustra\u00dfe 1<br>A-3500 Krems an der Donau<br>Tel: +43 (0)720 205116002<br>E-Mail:\u00a0<a href=\"mailto:info.at@msd.com\">info.at@msd.com<\/a><\/p>\n\n\n\n<p class=\"has-text-align-right\" style=\"font-size:11px\">AT-NON-02731, Erstellt Dezember 2024<\/p>\n","protected":false},"excerpt":{"rendered":"<p>KONTAKT Unser Kontakt f\u00fcr Human-Medizin Merck Sharp &amp; Dohme Ges.m.b.H. THE ICON VIENNAWiedner G\u00fcrtel 9-13A-1100 Wien Tel:\u00a0 + 43 (0) 1\/260 44-0Fax: + 43 (0) 1\/260 44-444E-Mail: msd-austria@msd.com Wir m\u00f6chten unsere Interessenten informieren, dass bei der Kontaktaufnahme personenbezogene Daten zur Bearbeitung der eingehenden Anliegen aufgenommen und von MSD unter voller Achtung der Privatsph\u00e4re behandelt werden. [&hellip;]<\/p>\n","protected":false},"author":61,"featured_media":0,"parent":0,"menu_order":0,"comment_status":"closed","ping_status":"closed","template":"","meta":{"_acf_changed":false,"bdl_company_name":[],"bdl_item_external_link":[],"editor_notices":[],"footnotes":""},"class_list":["post-2614","page","type-page","status-publish","hentry"],"yoast_head":"<!-- This site is optimized with the Yoast SEO plugin v21.9.1 - https:\/\/yoast.com\/wordpress\/plugins\/seo\/ -->\n<title>Contact us - MCC<\/title>\n<meta name=\"robots\" content=\"index, follow, max-snippet:-1, max-image-preview:large, max-video-preview:-1\" \/>\n<link rel=\"canonical\" href=\"https:\/\/www.msd.at\/en\/contact-us\/\" \/>\n<meta property=\"og:locale\" content=\"en_US\" \/>\n<meta property=\"og:type\" content=\"article\" \/>\n<meta property=\"og:title\" content=\"Contact us - MCC\" \/>\n<meta property=\"og:description\" content=\"KONTAKT Unser Kontakt f\u00fcr Human-Medizin Merck Sharp &amp; Dohme Ges.m.b.H. THE ICON VIENNAWiedner G\u00fcrtel 9-13A-1100 Wien Tel:\u00a0 + 43 (0) 1\/260 44-0Fax: + 43 (0) 1\/260 44-444E-Mail: msd-austria@msd.com Wir m\u00f6chten unsere Interessenten informieren, dass bei der Kontaktaufnahme personenbezogene Daten zur Bearbeitung der eingehenden Anliegen aufgenommen und von MSD unter voller Achtung der Privatsph\u00e4re behandelt werden. [&hellip;]\" \/>\n<meta property=\"og:url\" content=\"https:\/\/www.msd.at\/en\/contact-us\/\" \/>\n<meta property=\"og:site_name\" content=\"MCC\" \/>\n<meta property=\"article:modified_time\" content=\"2025-08-22T14:50:50+00:00\" \/>\n<meta name=\"twitter:card\" content=\"summary_large_image\" \/>\n<meta name=\"twitter:label1\" content=\"Est. reading time\" \/>\n\t<meta name=\"twitter:data1\" content=\"1 minute\" \/>\n<script type=\"application\/ld+json\" class=\"yoast-schema-graph\">{\"@context\":\"https:\/\/schema.org\",\"@graph\":[{\"@type\":\"WebPage\",\"@id\":\"https:\/\/www.msd.at\/en\/contact-us\/\",\"url\":\"https:\/\/www.msd.at\/en\/contact-us\/\",\"name\":\"Contact us - MCC\",\"isPartOf\":{\"@id\":\"https:\/\/www.msd.at\/en\/#website\"},\"datePublished\":\"2021-09-29T14:00:35+00:00\",\"dateModified\":\"2025-08-22T14:50:50+00:00\",\"inLanguage\":\"en-US\",\"potentialAction\":[{\"@type\":\"ReadAction\",\"target\":[\"https:\/\/www.msd.at\/en\/contact-us\/\"]}]},{\"@type\":\"WebSite\",\"@id\":\"https:\/\/www.msd.at\/en\/#website\",\"url\":\"https:\/\/www.msd.at\/en\/\",\"name\":\"MCC\",\"description\":\"Just another vip2-msd.com site\",\"potentialAction\":[{\"@type\":\"SearchAction\",\"target\":{\"@type\":\"EntryPoint\",\"urlTemplate\":\"https:\/\/www.msd.at\/en\/?s={search_term_string}\"},\"query-input\":\"required name=search_term_string\"}],\"inLanguage\":\"en-US\"}]}<\/script>\n<!-- \/ Yoast SEO plugin. -->","yoast_head_json":{"title":"Contact us - MCC","robots":{"index":"index","follow":"follow","max-snippet":"max-snippet:-1","max-image-preview":"max-image-preview:large","max-video-preview":"max-video-preview:-1"},"canonical":"https:\/\/www.msd.at\/en\/contact-us\/","og_locale":"en_US","og_type":"article","og_title":"Contact us - MCC","og_description":"KONTAKT Unser Kontakt f\u00fcr Human-Medizin Merck Sharp &amp; Dohme Ges.m.b.H. THE ICON VIENNAWiedner G\u00fcrtel 9-13A-1100 Wien Tel:\u00a0 + 43 (0) 1\/260 44-0Fax: + 43 (0) 1\/260 44-444E-Mail: msd-austria@msd.com Wir m\u00f6chten unsere Interessenten informieren, dass bei der Kontaktaufnahme personenbezogene Daten zur Bearbeitung der eingehenden Anliegen aufgenommen und von MSD unter voller Achtung der Privatsph\u00e4re behandelt werden. [&hellip;]","og_url":"https:\/\/www.msd.at\/en\/contact-us\/","og_site_name":"MCC","article_modified_time":"2025-08-22T14:50:50+00:00","twitter_card":"summary_large_image","twitter_misc":{"Est. reading time":"1 minute"},"schema":{"@context":"https:\/\/schema.org","@graph":[{"@type":"WebPage","@id":"https:\/\/www.msd.at\/en\/contact-us\/","url":"https:\/\/www.msd.at\/en\/contact-us\/","name":"Contact us - MCC","isPartOf":{"@id":"https:\/\/www.msd.at\/en\/#website"},"datePublished":"2021-09-29T14:00:35+00:00","dateModified":"2025-08-22T14:50:50+00:00","inLanguage":"en-US","potentialAction":[{"@type":"ReadAction","target":["https:\/\/www.msd.at\/en\/contact-us\/"]}]},{"@type":"WebSite","@id":"https:\/\/www.msd.at\/en\/#website","url":"https:\/\/www.msd.at\/en\/","name":"MCC","description":"Just another vip2-msd.com site","potentialAction":[{"@type":"SearchAction","target":{"@type":"EntryPoint","urlTemplate":"https:\/\/www.msd.at\/en\/?s={search_term_string}"},"query-input":"required name=search_term_string"}],"inLanguage":"en-US"}]}},"acf":[],"_links":{"self":[{"href":"https:\/\/www.msd.at\/en\/wp-json\/wp\/v2\/pages\/2614","targetHints":{"allow":["GET"]}}],"collection":[{"href":"https:\/\/www.msd.at\/en\/wp-json\/wp\/v2\/pages"}],"about":[{"href":"https:\/\/www.msd.at\/en\/wp-json\/wp\/v2\/types\/page"}],"author":[{"embeddable":true,"href":"https:\/\/www.msd.at\/en\/wp-json\/wp\/v2\/users\/61"}],"replies":[{"embeddable":true,"href":"https:\/\/www.msd.at\/en\/wp-json\/wp\/v2\/comments?post=2614"}],"version-history":[{"count":8,"href":"https:\/\/www.msd.at\/en\/wp-json\/wp\/v2\/pages\/2614\/revisions"}],"predecessor-version":[{"id":3776,"href":"https:\/\/www.msd.at\/en\/wp-json\/wp\/v2\/pages\/2614\/revisions\/3776"}],"wp:attachment":[{"href":"https:\/\/www.msd.at\/en\/wp-json\/wp\/v2\/media?parent=2614"}],"curies":[{"name":"wp","href":"https:\/\/api.w.org\/{rel}","templated":true}]}}