{"id":7,"date":"2020-10-19T20:18:03","date_gmt":"2020-10-19T20:18:03","guid":{"rendered":"https:\/\/www.msd.at\/de\/?page_id=7"},"modified":"2024-12-03T10:11:18","modified_gmt":"2024-12-03T10:11:18","slug":"home","status":"publish","type":"page","link":"https:\/\/www.msd.at\/de\/","title":{"rendered":"Home"},"content":{"rendered":"\n<div id=\"mco-b2-hero-block-block_3284547495ee260f04702cd2d39865e1\" class=\"mco-b2-hero-block full mccberg-block\">\n    <div class=\"mco-b2-hero-block-wrapper\">\n        <div class=\"mco-b2-hero-block-image-section \">\n                            <div class=\"mco-b2-hero-block-image-container \">\n                    <picture >\n\t<source media=\"(max-width: 767px)\" data-srcset=\"https:\/\/www.msd.at\/de\/wp-content\/uploads\/sites\/91\/2024\/12\/MSD-Journal-Ad-e1733143665445.jpg?w=768\" srcset=\"https:\/\/www.msd.at\/de\/wp-content\/uploads\/sites\/91\/2024\/12\/MSD-Journal-Ad-e1733143665445.jpg?w=768\" >\n<source media=\"(min-width: 768px) and (max-width: 1199px)\" data-srcset=\"https:\/\/www.msd.at\/de\/wp-content\/uploads\/sites\/91\/2024\/12\/MSD-Journal-Ad-e1733143665445.jpg?h=768\" srcset=\"https:\/\/www.msd.at\/de\/wp-content\/uploads\/sites\/91\/2024\/12\/MSD-Journal-Ad-e1733143665445.jpg?h=768\" >\n<source media=\"(min-width: 1200px) and (max-width: 1919px)\" data-srcset=\"https:\/\/www.msd.at\/de\/wp-content\/uploads\/sites\/91\/2024\/12\/MSD-Journal-Ad-e1733143665445.jpg?w=1200\" srcset=\"https:\/\/www.msd.at\/de\/wp-content\/uploads\/sites\/91\/2024\/12\/MSD-Journal-Ad-e1733143665445.jpg?w=1200\" >\n<source media=\"(min-width: 1920px)\" data-srcset=\"https:\/\/www.msd.at\/de\/wp-content\/uploads\/sites\/91\/2024\/12\/MSD-Journal-Ad-e1733143665445.jpg?w=1920\" srcset=\"https:\/\/www.msd.at\/de\/wp-content\/uploads\/sites\/91\/2024\/12\/MSD-Journal-Ad-e1733143665445.jpg?w=1920\" >\n\t<img data-src=\"https:\/\/www.msd.at\/de\/wp-content\/uploads\/sites\/91\/2024\/12\/MSD-Journal-Ad-e1733143665445.jpg?w=1920\" alt=\"\" class=\"eager \" loading=\"eager\" \/>\n<\/picture>                                    <\/div>\n                        <div class=\"mco-b2-hero-block-image-container-two\">\n                            <\/div>\n        <\/div>\n\n        <div class=\"mco-b2-hero-block-content-section\">\n                        \n                            <h1>Wir forschen f\u00fcr das Leben<\/h1>\n            \n                            <div class=\"mco-b2-hero-block-description\"><h3 style=\"color: #00857c\">Seit \u00fcber 130 Jahren ist es unsere Mission, das Leben zu sch\u00fctzen, zu verbessern und zu retten.<\/h3>\n<\/div>\n            \n                    <\/div>\n    <\/div>\n\n    \n<\/div>\n\n\n<div id=\"mco-title-block-block_6f7ee5969bace3999c3976e17a61b71a\" \n\t class=\"mco-title-block mccberg-block aligncenter\" \n\t \t >\n\t<div class=\"wrapper\">\n\t\t<div class=\"mco-title-block-content\">\n\t\t\t\n\t\t\t<h2 class=\"mco-title-block-title\"> <\/h2>\n\n\t\t\t\t\t\t\t<p class=\"mco-title-block-description\"><p>MSD ist ein global f\u00fchrendes biopharmazeutisches Unternehmen mit drei Standorten und rund 950 Mitarbeiter:innen in \u00d6sterreich. Als verl\u00e4sslicher Partner f\u00fcr Gesundheit und Fortschritt bleiben wir bei MSD bestrebt, einen positiven Unterschied im Leben der Menschen und Tiere in \u00d6sterreich zu schaffen, sowohl heute als auch f\u00fcr zuk\u00fcnftige Generationen.<\/p>\n<\/p>\n\t\t\t\t\t\t\n\t\t\t\t\t<\/div>\n\t<\/div>\n<\/div>\n\n<div id=\"mco-b5-content-block-block_202b4dc8a09b9c134cd5cf82b9028130\"\n     class=\"mco-b5-content-block mccberg-block left\">\n    <div class=\"wrapper\">\n\t\t\t\t\t\t\t            <div class=\"mco-b5-content-block-image-section \">\n\t\t\t\t                <picture >\n                                                                        <source media=\"(max-width: 767px)\"\n                                    data-srcset=\"https:\/\/www.msd.at\/de\/wp-content\/uploads\/sites\/91\/2021\/10\/Startseite2.jpg?resize=696,425\"\n                                    srcset=\"https:\/\/www.msd.at\/de\/wp-content\/uploads\/sites\/91\/2021\/10\/Startseite2.jpg?resize=696,425\" \/>\n                                                                                                <source media=\"(min-width: 768px) and (max-width: 1199px)\"\n                                    data-srcset=\"https:\/\/www.msd.at\/de\/wp-content\/uploads\/sites\/91\/2021\/10\/Startseite2.jpg?resize=384,468\"\n                                    srcset=\"https:\/\/www.msd.at\/de\/wp-content\/uploads\/sites\/91\/2021\/10\/Startseite2.jpg?resize=384,468\" \/>\n                                                                                                <source media=\"(min-width: 1200px)\"\n                                    data-srcset=\"https:\/\/www.msd.at\/de\/wp-content\/uploads\/sites\/91\/2021\/10\/Startseite2.jpg?resize=750,650\"\n                                    srcset=\"https:\/\/www.msd.at\/de\/wp-content\/uploads\/sites\/91\/2021\/10\/Startseite2.jpg?resize=750,650\" \/>\n                                                                                                <source media=\"(min-width: 1600px)\"\n                                    data-srcset=\"https:\/\/www.msd.at\/de\/wp-content\/uploads\/sites\/91\/2021\/10\/Startseite2.jpg?resize=850,744\"\n                                    srcset=\"https:\/\/www.msd.at\/de\/wp-content\/uploads\/sites\/91\/2021\/10\/Startseite2.jpg?resize=850,744\" \/>\n                                                                                                <source media=\"(min-width: 1920px)\"\n                                    data-srcset=\"https:\/\/www.msd.at\/de\/wp-content\/uploads\/sites\/91\/2021\/10\/Startseite2.jpg?resize=980,832\"\n                                    srcset=\"https:\/\/www.msd.at\/de\/wp-content\/uploads\/sites\/91\/2021\/10\/Startseite2.jpg?resize=980,832\" \/>\n                                                                                                <img\n                                data-src=\"https:\/\/www.msd.at\/de\/wp-content\/uploads\/sites\/91\/2021\/10\/Startseite2.jpg?resize=650,544\"\n                                alt=\"\"\n                                class=\"lazyload parallax-scroll\"\n                                loading=\"lazy\"\n                            \/>\n                                                            <\/picture>\n\t\t\t\t            <\/div>\n\t\t        <div class=\"mco-b5-content-block-content-section\">\n\t\t\t\n\t\t\t                <h3 class=\"mco-b5-content-block-heading mcc-b5-normal-title\">\n                    HUMANMEDIZIN \u00d6STERREICH                <\/h3 >\n\t\t\t\n\t\t\t                <div class=\"mco-b5-content-block-description\"><p>Erfahren Sie mehr.<\/p>\n<\/div>\n\t\t\t\n                        <div class=\"mco-b5-content-block-content-buttons-container\">\n\t\t\t\t                    <a class=\"btn secondary read_more\"\n                       href=\"https:\/\/www.msd.at\/de\/msd-in-oesterreich\/\"\n                       title=\"Mehr Infos\"\n                                              target=\"\">Mehr Infos<\/a>\n\t\t\t\t\t\t\t\t\t\t\t\t            <\/div>\n        <\/div>\n    <\/div>\n<\/div>\n<div class=\"mco-b5-content-block-modal popup\" style=\"display: none;\" role=\"dialog\" >\n    <div class=\"popup-wrapper\">\n        <div class=\"mco-b5-content-block-modal-content popup-content\">\n            <button class=\"mco-b5-content-block-modal-close popup-close\" >&times;<\/button>\n            <div class=\"mco-b5-content-block-modal-video\"><\/div>\n        <\/div>\n    <\/div>\n<\/div>\n\n\n<div id=\"mco-b5-content-block-block_70fe2f44db2adc7fcb0d2c0ad1427866\"\n     class=\"mco-b5-content-block mccberg-block right\">\n    <div class=\"wrapper\">\n\t\t\t\t\t\t\t            <div class=\"mco-b5-content-block-image-section \">\n\t\t\t\t                <picture >\n                                                                        <source media=\"(max-width: 767px)\"\n                                    data-srcset=\"https:\/\/www.msd.at\/de\/wp-content\/uploads\/sites\/91\/2021\/10\/Startseite3.jpg?resize=696,425\"\n                                    srcset=\"https:\/\/www.msd.at\/de\/wp-content\/uploads\/sites\/91\/2021\/10\/Startseite3.jpg?resize=696,425\" \/>\n                                                                                                <source media=\"(min-width: 768px) and (max-width: 1199px)\"\n                                    data-srcset=\"https:\/\/www.msd.at\/de\/wp-content\/uploads\/sites\/91\/2021\/10\/Startseite3.jpg?resize=384,468\"\n                                    srcset=\"https:\/\/www.msd.at\/de\/wp-content\/uploads\/sites\/91\/2021\/10\/Startseite3.jpg?resize=384,468\" \/>\n                                                                                                <source media=\"(min-width: 1200px)\"\n                                    data-srcset=\"https:\/\/www.msd.at\/de\/wp-content\/uploads\/sites\/91\/2021\/10\/Startseite3.jpg?resize=750,650\"\n                                    srcset=\"https:\/\/www.msd.at\/de\/wp-content\/uploads\/sites\/91\/2021\/10\/Startseite3.jpg?resize=750,650\" \/>\n                                                                                                <source media=\"(min-width: 1600px)\"\n                                    data-srcset=\"https:\/\/www.msd.at\/de\/wp-content\/uploads\/sites\/91\/2021\/10\/Startseite3.jpg?resize=850,744\"\n                                    srcset=\"https:\/\/www.msd.at\/de\/wp-content\/uploads\/sites\/91\/2021\/10\/Startseite3.jpg?resize=850,744\" \/>\n                                                                                                <source media=\"(min-width: 1920px)\"\n                                    data-srcset=\"https:\/\/www.msd.at\/de\/wp-content\/uploads\/sites\/91\/2021\/10\/Startseite3.jpg?resize=980,832\"\n                                    srcset=\"https:\/\/www.msd.at\/de\/wp-content\/uploads\/sites\/91\/2021\/10\/Startseite3.jpg?resize=980,832\" \/>\n                                                                                                <img\n                                data-src=\"https:\/\/www.msd.at\/de\/wp-content\/uploads\/sites\/91\/2021\/10\/Startseite3.jpg?resize=650,544\"\n                                alt=\"\"\n                                class=\"lazyload parallax-scroll\"\n                                loading=\"lazy\"\n                            \/>\n                                                            <\/picture>\n\t\t\t\t            <\/div>\n\t\t        <div class=\"mco-b5-content-block-content-section\">\n\t\t\t\n\t\t\t                <h3 class=\"mco-b5-content-block-heading mcc-b5-normal-title\">\n                    WEITER ZU TIERGESUNDHEIT \u00d6STERREICH                <\/h3 >\n\t\t\t\n\t\t\t                <div class=\"mco-b5-content-block-description\"><p>Erfahren Sie mehr.<\/p>\n<\/div>\n\t\t\t\n                        <div class=\"mco-b5-content-block-content-buttons-container\">\n\t\t\t\t                    <a class=\"btn secondary read_more\"\n                       href=\"https:\/\/www.msd-tiergesundheit.at\/\"\n                       title=\"Mehr Infos\"\n                                              target=\"_blank\">Mehr Infos<\/a>\n\t\t\t\t\t\t\t\t\t\t\t\t            <\/div>\n        <\/div>\n    <\/div>\n<\/div>\n<div class=\"mco-b5-content-block-modal popup\" style=\"display: none;\" role=\"dialog\" >\n    <div class=\"popup-wrapper\">\n        <div class=\"mco-b5-content-block-modal-content popup-content\">\n            <button class=\"mco-b5-content-block-modal-close popup-close\" >&times;<\/button>\n            <div class=\"mco-b5-content-block-modal-video\"><\/div>\n        <\/div>\n    <\/div>\n<\/div>\n\n\n\n<div class=\"wp-block-columns is-layout-flex wp-container-core-columns-is-layout-9d6595d7 wp-block-columns-is-layout-flex\">\n<div class=\"wp-block-column is-layout-flow wp-block-column-is-layout-flow\" style=\"flex-basis:100%\">\n<div class=\"wp-block-group\"><div class=\"wp-block-group__inner-container is-layout-flow wp-block-group-is-layout-flow\"><\/div><\/div>\n<\/div>\n<\/div>\n\n\n<div id=\"mco-title-block-block_2e310094c38847feefc8cf72150412a3\" \n\t class=\"mco-title-block mccberg-block aligncenter\" \n\t \t >\n\t<div class=\"wrapper\">\n\t\t<div class=\"mco-title-block-content\">\n\t\t\t\n\t\t\t<h2 class=\"mco-title-block-title\"> Haben Sie Interesse, Teil unseres Teams bei MSD \u00d6sterreich zu werden? <\/h2>\n\n\t\t\t\t\t\t\t<p class=\"mco-title-block-description\"><p>Wir sind immer auf der Suche nach talentierten und engagierten Kolleginnen und Kollegen, die gemeinsam mit uns an innovativen L\u00f6sungen f\u00fcr die Gesundheit von Mensch und Tier arbeiten m\u00f6chten.<\/p>\n<p>Wenn Sie auf der Suche nach einer neuen Herausforderung sind und sich bei MSD \u00d6sterreich bewerben m\u00f6chten, besuchen Sie bitte unsere Karriereseite. Dort finden Sie aktuelle Stellenangebote und weitere Informationen \u00fcber unsere Unternehmenskultur und Entwicklungsm\u00f6glichkeiten.<\/p>\n<\/p>\n\t\t\t\t\t\t\n\t\t\t \n\t\t\t\t<div class=\"mco-title-block-cta-container\">\n\n\t\t\t\t\t\t\t\t\t\t\t<a\n                            class=\"btn mco-title-block-cta-btn\"\n                            href=\"https:\/\/www.msd.at\/de\/standorte-msd-als-arbeitgeber\/\"\n                            title=\"Zur Karriereseite\"\n                            target=\"_self\"\n                                                    >Zur Karriereseite<\/a>\n\t\t\t\t\t\n\t\t\t\t\t\t\t\t\t\t\n\t\t\t\t<\/div>\n\t\t\t\t\t<\/div>\n\t<\/div>\n<\/div>\n\n\n<p class=\"has-text-align-right\" style=\"font-size:11px\">AT-NON-02734, Erstellt Dezember 2024<\/p>\n","protected":false},"excerpt":{"rendered":"<p>AT-NON-02734, Erstellt Dezember 2024<\/p>\n","protected":false},"author":9,"featured_media":0,"parent":0,"menu_order":1,"comment_status":"closed","ping_status":"closed","template":"","meta":{"_acf_changed":false,"bdl_company_name":[],"bdl_item_external_link":[],"editor_notices":[],"footnotes":""},"class_list":["post-7","page","type-page","status-publish","hentry"],"yoast_head":"<!-- This site is optimized with the Yoast SEO plugin v21.9.1 - https:\/\/yoast.com\/wordpress\/plugins\/seo\/ -->\n<title>Home - MSD<\/title>\n<meta name=\"description\" content=\"At MSD, we&#039;re following the science to tackle some of the world&#039;s greatest health threats. Get a glimpse of how we work to improve lives.\" \/>\n<meta name=\"robots\" content=\"index, follow, max-snippet:-1, max-image-preview:large, max-video-preview:-1\" \/>\n<link rel=\"canonical\" href=\"https:\/\/www.msd.at\/de\/\" \/>\n<meta property=\"og:locale\" content=\"en_US\" \/>\n<meta property=\"og:type\" content=\"article\" \/>\n<meta property=\"og:title\" content=\"Home - MSD\" \/>\n<meta property=\"og:description\" content=\"At MSD, we&#039;re following the science to tackle some of the world&#039;s greatest health threats. Get a glimpse of how we work to improve lives.\" \/>\n<meta property=\"og:url\" content=\"https:\/\/www.msd.at\/de\/\" \/>\n<meta property=\"og:site_name\" content=\"MSD\" \/>\n<meta property=\"article:modified_time\" content=\"2024-12-03T10:11:18+00:00\" \/>\n<meta name=\"twitter:card\" content=\"summary_large_image\" \/>\n<meta name=\"twitter:label1\" content=\"Est. reading time\" \/>\n\t<meta name=\"twitter:data1\" content=\"1 minute\" \/>\n<script type=\"application\/ld+json\" class=\"yoast-schema-graph\">{\"@context\":\"https:\/\/schema.org\",\"@graph\":[{\"@type\":\"WebPage\",\"@id\":\"https:\/\/www.msd.at\/de\/\",\"url\":\"https:\/\/www.msd.at\/de\/\",\"name\":\"Home - MSD\",\"isPartOf\":{\"@id\":\"https:\/\/www.msd.at\/de\/#website\"},\"datePublished\":\"2020-10-19T20:18:03+00:00\",\"dateModified\":\"2024-12-03T10:11:18+00:00\",\"description\":\"At MSD, we're following the science to tackle some of the world's greatest health threats. Get a glimpse of how we work to improve lives.\",\"inLanguage\":\"en-US\",\"potentialAction\":[{\"@type\":\"ReadAction\",\"target\":[\"https:\/\/www.msd.at\/de\/\"]}]},{\"@type\":\"WebSite\",\"@id\":\"https:\/\/www.msd.at\/de\/#website\",\"url\":\"https:\/\/www.msd.at\/de\/\",\"name\":\"MSD\",\"description\":\"Just another vip2-msd.com site\",\"potentialAction\":[{\"@type\":\"SearchAction\",\"target\":{\"@type\":\"EntryPoint\",\"urlTemplate\":\"https:\/\/www.msd.at\/de\/?s={search_term_string}\"},\"query-input\":\"required name=search_term_string\"}],\"inLanguage\":\"en-US\"}]}<\/script>\n<!-- \/ Yoast SEO plugin. -->","yoast_head_json":{"title":"Home - MSD","description":"At MSD, we're following the science to tackle some of the world's greatest health threats. Get a glimpse of how we work to improve lives.","robots":{"index":"index","follow":"follow","max-snippet":"max-snippet:-1","max-image-preview":"max-image-preview:large","max-video-preview":"max-video-preview:-1"},"canonical":"https:\/\/www.msd.at\/de\/","og_locale":"en_US","og_type":"article","og_title":"Home - MSD","og_description":"At MSD, we're following the science to tackle some of the world's greatest health threats. Get a glimpse of how we work to improve lives.","og_url":"https:\/\/www.msd.at\/de\/","og_site_name":"MSD","article_modified_time":"2024-12-03T10:11:18+00:00","twitter_card":"summary_large_image","twitter_misc":{"Est. reading time":"1 minute"},"schema":{"@context":"https:\/\/schema.org","@graph":[{"@type":"WebPage","@id":"https:\/\/www.msd.at\/de\/","url":"https:\/\/www.msd.at\/de\/","name":"Home - MSD","isPartOf":{"@id":"https:\/\/www.msd.at\/de\/#website"},"datePublished":"2020-10-19T20:18:03+00:00","dateModified":"2024-12-03T10:11:18+00:00","description":"At MSD, we're following the science to tackle some of the world's greatest health threats. Get a glimpse of how we work to improve lives.","inLanguage":"en-US","potentialAction":[{"@type":"ReadAction","target":["https:\/\/www.msd.at\/de\/"]}]},{"@type":"WebSite","@id":"https:\/\/www.msd.at\/de\/#website","url":"https:\/\/www.msd.at\/de\/","name":"MSD","description":"Just another vip2-msd.com site","potentialAction":[{"@type":"SearchAction","target":{"@type":"EntryPoint","urlTemplate":"https:\/\/www.msd.at\/de\/?s={search_term_string}"},"query-input":"required name=search_term_string"}],"inLanguage":"en-US"}]}},"acf":[],"_links":{"self":[{"href":"https:\/\/www.msd.at\/de\/wp-json\/wp\/v2\/pages\/7","targetHints":{"allow":["GET"]}}],"collection":[{"href":"https:\/\/www.msd.at\/de\/wp-json\/wp\/v2\/pages"}],"about":[{"href":"https:\/\/www.msd.at\/de\/wp-json\/wp\/v2\/types\/page"}],"author":[{"embeddable":true,"href":"https:\/\/www.msd.at\/de\/wp-json\/wp\/v2\/users\/9"}],"replies":[{"embeddable":true,"href":"https:\/\/www.msd.at\/de\/wp-json\/wp\/v2\/comments?post=7"}],"version-history":[{"count":149,"href":"https:\/\/www.msd.at\/de\/wp-json\/wp\/v2\/pages\/7\/revisions"}],"predecessor-version":[{"id":5594,"href":"https:\/\/www.msd.at\/de\/wp-json\/wp\/v2\/pages\/7\/revisions\/5594"}],"wp:attachment":[{"href":"https:\/\/www.msd.at\/de\/wp-json\/wp\/v2\/media?parent=7"}],"curies":[{"name":"wp","href":"https:\/\/api.w.org\/{rel}","templated":true}]}}