{"id":5955,"date":"2025-06-03T08:17:32","date_gmt":"2025-06-03T08:17:32","guid":{"rendered":"https:\/\/www.msd.at\/de\/?page_id=5955"},"modified":"2025-06-03T08:17:33","modified_gmt":"2025-06-03T08:17:33","slug":"gewinner-join4care-award-2025","status":"publish","type":"page","link":"https:\/\/www.msd.at\/de\/gewinner-join4care-award-2025\/","title":{"rendered":"Gewinner Join4Care Award 2025"},"content":{"rendered":"<div id=\"mco-title-block-block_c5815cb5afcf20cc8f607609e6695024\" \n\t class=\"mco-title-block mccberg-block aligncenter\" \n\t \t >\n\t<div class=\"wrapper\">\n\t\t<div class=\"mco-title-block-content\">\n\t\t\t\n\t\t\t<h2 class=\"mco-title-block-title\">GEWINNER MSD JOIN4CARE AWARD 2025<\/h2>\n\n\t\t\t\t\t\t\t<p class=\"mco-title-block-description\"><p style=\"font-weight: 400\">Projekttitel: <strong>\u201eInterdisziplin\u00e4re Palliativmedizinische Ambulanz\u201c<\/strong><\/p>\n<p style=\"font-weight: 400\">Projektleitung: <strong>Dr. Matthias Huemer<\/strong><\/p>\n<p style=\"font-weight: 400\">Institution: <strong>Medizinische Universit\u00e4t Graz<\/strong><\/p>\n<p style=\"font-weight: 400\">Wir gratulieren dem Gewinnerteam herzlich!<\/p>\n<\/p>\n\t\t\t\t\t\t\n\t\t\t\t\t<\/div>\n\t<\/div>\n<\/div>\n\n\n<div id=\"article-images-block-block_edc4a32c6b5dffbaf71d9b1f421e01b0\" class=\"article-images-block-wrapper wrapper-story-narrow mccberg-block mb-2\">\n    <section class=\"article-images-block single-article-block\">\n        <!-- Secondary image\/video block -->\n        \n\n        \n        <!-- Primary image\/video block -->\n                    <div class=\"article-images-block-img-wrapper mccberg-play-container\">\n                                                            <picture>\n                            <source media=\"(max-width: 767px)\" data-srcset=\"https:\/\/www.msd.at\/de\/wp-content\/uploads\/sites\/91\/2025\/05\/header-join4care2025.jpg?resize=322\">\n                            <source media=\"(min-width: 768px) and (max-width: 1199px)\" data-srcset=\"https:\/\/www.msd.at\/de\/wp-content\/uploads\/sites\/91\/2025\/05\/header-join4care2025.jpg?resize=656\">\n                            <source media=\"(min-width: 1200px)\" data-srcset=\"https:\/\/www.msd.at\/de\/wp-content\/uploads\/sites\/91\/2025\/05\/header-join4care2025.jpg?resize=1076\">\n                            <img\n                                data-src=\"https:\/\/www.msd.at\/de\/wp-content\/uploads\/sites\/91\/2025\/05\/header-join4care2025.jpg?resize=1076\"\n                                alt=\"primary article image\"\n                                class=\"lazyload\"\n                                loading=\"lazy\"\n                            \/>\n                        <\/picture>\n                                                                <\/div>\n                    <\/section>\n<\/div>\n<script>\n\ndocument.addEventListener('DOMContentLoaded', () => {\n    \/\/ Collect all account IDs first and load their scripts\n    const videoPlayers = document.querySelectorAll(\n        \"#article-images-block-block_edc4a32c6b5dffbaf71d9b1f421e01b0 .article-images-block .article-images-block-img-wrapper video\"\n    );\n    const accountIds = new Set();\n\n    videoPlayers.forEach(player => {\n        const accountId = player.getAttribute('data-account');\n        if (accountId) {\n            accountIds.add(accountId);\n        }\n    });\n\n    \/\/ Load all required Brightcove scripts\n    accountIds.forEach(accountId => {\n        if (!document.querySelector(`script[src*=\"${accountId}\"]`)) {\n            let script = document.createElement(\"script\");\n            script.src = `https:\/\/players.brightcove.net\/${accountId}\/default_default\/index.min.js`;\n            document.body.appendChild(script);\n        }\n    });\n\n    \/\/ Initialize player controls after scripts are loaded\n    [].slice.call(document.querySelectorAll(\n            \"#article-images-block-block_edc4a32c6b5dffbaf71d9b1f421e01b0 .article-images-block .article-images-block-img-wrapper\"\n        ))\n        .forEach((block) => {\n            const trigger = block.querySelector('.btn-play');\n            const img = block.querySelector('.lazyload');\n            const videoType = block.querySelector('video, iframe')?.tagName.toLowerCase() === 'video' ? 'brightcove' : 'youtube';\n            const player = trigger === null ? block.querySelector('video, iframe') : trigger.nextElementSibling;\n\n            function initializeBrightcovePlayer() {\n                if (window.videojs) {\n                    \/\/ Initialize the Brightcove player\n                    const bcPlayer = videojs(player);\n\n                    \/\/ set video aspect ratio based on video metadata if available, otherwise default to 16:9\n                    const playerContainer = player.closest('.video-js');\n                    playerContainer.style.aspectRatio = player.getAttribute('data-video-id')\n                        ? bcPlayer.videoWidth() \/ bcPlayer.videoHeight()\n                        : 16 \/ 9;\n\n                    bcPlayer.ready(function() {\n                        \/\/ Play video directly\n                        bcPlayer.play();\n\n                        \/\/ Handle any play errors\n                        bcPlayer.on('error', function() {\n                            console.warn('Video playback error:', bcPlayer.error());\n                        });\n                    });\n                } else {\n                    setTimeout(() => initializeBrightcovePlayer(), 100);\n                }\n            }\n\n            function resetZIndexes() {\n                document.querySelectorAll('.article-images-block-img-wrapper').forEach(wrapper => {\n                    const videoContainer = wrapper.querySelector('.video-js')?.parentNode;\n                    if (videoContainer) {\n                        videoContainer.style.zIndex = '1';\n                    }\n                });\n            }\n\n            trigger?.addEventListener('click', (event) => {\n                event.preventDefault();\n\n                if (player.tagName === 'IFRAME') {\n                    player.src = player.dataset.src;\n                    return false;\n                }\n\n                if (player.tagName === 'DIV' || player.tagName === 'VIDEO') {\n                    const videoId = player.getAttribute('data-video-id');\n\n                    if (!videoId) {\n                        return;\n                    }\n\n                    \/\/ Reset z-indexes before showing new player\n                    resetZIndexes();\n\n                    \/\/ Hide play button\n                    trigger.style.display = 'none';\n                    block.style.height = img.offsetHeight + 'px';\n                    img.style.display = 'none';\n                    if (player.parentNode) {\n                        player.parentNode.style.zIndex = 2;\n                    }\n\n                    player.focus();\n\n                    \/\/ Initialize player with shorter timeout since scripts are preloaded\n                    setTimeout(() => {\n                        initializeBrightcovePlayer();\n                    }, 100);\n                }\n                return false;\n            });\n\n            \/\/ Keep keyboard accessibility\n            trigger?.addEventListener('keydown', (event) => {\n                if (event.keyCode === 13 || event.keyCode === 32) {\n                    event.preventDefault();\n                    trigger.click();\n                }\n            });\n\n            const ariaObserver = new MutationObserver((mutationsList) => {\n                mutationsList.forEach(mutation => {\n                    if (mutation.type === 'attributes') {\n                        if (mutation.target.getAttribute('aria-valuenow') === 'NaN') {\n                            mutation.target.setAttribute('aria-valuenow', '0');\n                            ariaObserver.disconnect();\n                        }\n                    }\n                });\n            });\n\n            ariaObserver.observe(block, {\n                subtree: true,\n                attributes: true,\n                attributeFilter: ['aria-valuenow']\n            });\n        });\n});\n<\/script>\n\n\n\n<p class=\"has-text-align-center\"><em>v.l.n.r.: Prim. Priv.-Doz. Dr. Birgit Gr\u00fcnberger, Dr. med. univ. Dr. scient. med. Huemer, Mag. Helmut Winkler, MBA<\/em><\/p>\n\n\n\n<div style=\"height:35px\" aria-hidden=\"true\" class=\"wp-block-spacer\"><\/div>\n\n\n\n<p>Im Rahmen der medizinischen Fortbildungsreihe \u201eOncology Days\u201c von MEDahead wurde bereits zum 6. Mal der MSD Join4Care-Award vergeben. Eine unabh\u00e4ngige Jury renommierter Expert:innen aus dem Gesundheitswesen hat das Projekt &#8220;<strong>Interdisziplin\u00e4re Palliativmedizinische Ambulanz<\/strong>&#8220;, unter der Leitung von&nbsp;<strong>Dr. Matthias Huemer<\/strong>&nbsp;von der Medizinischen Universit\u00e4t Graz, als Sieger ausgew\u00e4hlt.<\/p>\n\n\n\n<p>\u201eMSD \u00d6sterreich setzt sich intensiv f\u00fcr die Bek\u00e4mpfung von Krebserkrankungen ein und f\u00f6rdert innovative Ans\u00e4tze in der Immuntherapie. Wir sind begeistert von den vielen eingereichten Projekten und gratulieren dem Gewinnerteam herzlich,\u201c erkl\u00e4rt&nbsp;<strong>Helmut Winkler<\/strong>, Business Unit Director Oncology bei MSD \u00d6sterreich.&nbsp;<\/p>\n\n\n\n<p>Das ausgezeichnete Projekt zielt darauf ab, eine palliativmedizinische Ambulanz zu schaffen und f\u00fcr Menschen mit einer weit fortgeschrittenen Tumorerkrankung niederschwelligen Zugang zu spezialisierter Palliativmedizin und vorausschauender Versorgungsplanung zu erm\u00f6glichen. Damit soll nicht nur die palliativmedizinische Versorgung im Gro\u00dfraum Graz\/Graz-Umgebung gest\u00e4rkt, sondern auch bereits vorhandene Ressourcen, wie das mobile Palliativteam, entlastet werden.<\/p>\n\n\n\n<p><strong>Dr. Matthias Huemer<\/strong>, Leiter des Gewinnerteams des Join4Care-Awards, \u00e4u\u00dfert sich begeistert: \u201eEs ist eine gro\u00dfe Ehre, diesen Preis zu erhalten. Mit dem Preisgeld in H\u00f6he von 30.000 Euro k\u00f6nnen wir die Umsetzung unserer Projektidee vorantreiben und die palliativmedizinische Versorgung in unserer Region erheblich verbessern.\u201c&nbsp;<\/p>\n\n\n\n<p>Die Umsetzung der integrativen palliativmedizinischen Ambulanz erfolgt direkt und in r\u00e4umlicher N\u00e4he zur derzeitigen palliativmedizinischen Bettenstation des Universit\u00e4tsklinikums Graz: \u201eUnser Ziel ist es, ein unterst\u00fctzendes multimodales Betreuungsnetzwerk aufzubauen und die Lebensqualit\u00e4t sowie Autonomie der Betroffenen zu f\u00f6rdern,\u201c erkl\u00e4rt <strong>Huemer<\/strong>.<\/p>\n\n\n\n<p>Angesichts der steigenden Pr\u00e4valenz und Komplexit\u00e4t unheilbarer onkologischer Erkrankungen sowie der bedeutend l\u00e4ngeren \u00dcberlebenszeit von Patient:innen durch verbesserte tumorspezifische Therapien, sieht der Mediziner einen wachsenden Bedarf an spezialisierter Palliativmedizin zur Bewahrung der Autonomie und F\u00f6rderung der Lebensqualit\u00e4t der Betroffenen; zus\u00e4tzliche Herausforderungen, wie das neu geschaffene Sterbeverf\u00fcgungsgesetz, w\u00fcrden eine St\u00e4rkung der fl\u00e4chendeckenden palliativmedizinischen Versorgung erfordern. \u201eIn \u00d6sterreich haben derzeit lediglich die H\u00e4lfte aller Menschen, die eine palliativmedizinische Unterst\u00fctzung ben\u00f6tigen, tats\u00e4chlich Zugang zu einem spezialisiertem Palliativteam\u201c, betont&nbsp;<strong>Huemer<\/strong>. Die fr\u00fchzeitige Integration von spezialisierter Palliativmedizin im Verlauf einer unheilbaren Tumorerkrankung w\u00fcrde, laut Huemer, die Lebensqualit\u00e4t und Symptomkontrolle verbessern, das Gesamt\u00fcberleben von Menschen mit unheilbarer Erkrankung verl\u00e4ngern und die An- und Zugeh\u00f6rigen der erkrankten Menschen entlasten.<\/p>\n\n\n\n<div style=\"height:35px\" aria-hidden=\"true\" class=\"wp-block-spacer\"><\/div>\n\n\n\n<p class=\"has-text-align-right\" style=\"font-size:11px\">AT-NON-03042, Erstellt: Juni 2025<\/p>\n","protected":false},"excerpt":{"rendered":"<p>v.l.n.r.: Prim. Priv.-Doz. Dr. Birgit Gr\u00fcnberger, Dr. med. univ. Dr. scient. med. Huemer, Mag. Helmut Winkler, MBA Im Rahmen der medizinischen Fortbildungsreihe \u201eOncology Days\u201c von MEDahead wurde bereits zum 6. Mal der MSD Join4Care-Award vergeben. Eine unabh\u00e4ngige Jury renommierter Expert:innen aus dem Gesundheitswesen hat das Projekt &#8220;Interdisziplin\u00e4re Palliativmedizinische Ambulanz&#8220;, unter der Leitung von&nbsp;Dr. Matthias Huemer&nbsp;von [&hellip;]<\/p>\n","protected":false},"author":883,"featured_media":0,"parent":0,"menu_order":0,"comment_status":"closed","ping_status":"closed","template":"","meta":{"_acf_changed":false,"bdl_company_name":[],"bdl_item_external_link":[],"editor_notices":[],"footnotes":""},"class_list":["post-5955","page","type-page","status-publish","hentry"],"yoast_head":"<!-- This site is optimized with the Yoast SEO plugin v21.9.1 - https:\/\/yoast.com\/wordpress\/plugins\/seo\/ -->\n<title>Gewinner Join4Care Award 2025 - MSD<\/title>\n<meta name=\"robots\" content=\"index, follow, max-snippet:-1, max-image-preview:large, max-video-preview:-1\" \/>\n<link rel=\"canonical\" href=\"https:\/\/www.msd.at\/de\/gewinner-join4care-award-2025\/\" \/>\n<meta property=\"og:locale\" content=\"en_US\" \/>\n<meta property=\"og:type\" content=\"article\" \/>\n<meta property=\"og:title\" content=\"Gewinner Join4Care Award 2025 - MSD\" \/>\n<meta property=\"og:description\" content=\"v.l.n.r.: Prim. Priv.-Doz. Dr. Birgit Gr\u00fcnberger, Dr. med. univ. Dr. scient. med. Huemer, Mag. Helmut Winkler, MBA Im Rahmen der medizinischen Fortbildungsreihe \u201eOncology Days\u201c von MEDahead wurde bereits zum 6. Mal der MSD Join4Care-Award vergeben. Eine unabh\u00e4ngige Jury renommierter Expert:innen aus dem Gesundheitswesen hat das Projekt &#8220;Interdisziplin\u00e4re Palliativmedizinische Ambulanz&#8220;, unter der Leitung von&nbsp;Dr. Matthias Huemer&nbsp;von [&hellip;]\" \/>\n<meta property=\"og:url\" content=\"https:\/\/www.msd.at\/de\/gewinner-join4care-award-2025\/\" \/>\n<meta property=\"og:site_name\" content=\"MSD\" \/>\n<meta property=\"article:modified_time\" content=\"2025-06-03T08:17:33+00:00\" \/>\n<meta name=\"twitter:card\" content=\"summary_large_image\" \/>\n<meta name=\"twitter:label1\" content=\"Est. reading time\" \/>\n\t<meta name=\"twitter:data1\" content=\"2 minutes\" \/>\n<script type=\"application\/ld+json\" class=\"yoast-schema-graph\">{\"@context\":\"https:\/\/schema.org\",\"@graph\":[{\"@type\":\"WebPage\",\"@id\":\"https:\/\/www.msd.at\/de\/gewinner-join4care-award-2025\/\",\"url\":\"https:\/\/www.msd.at\/de\/gewinner-join4care-award-2025\/\",\"name\":\"Gewinner Join4Care Award 2025 - MSD\",\"isPartOf\":{\"@id\":\"https:\/\/www.msd.at\/de\/#website\"},\"datePublished\":\"2025-06-03T08:17:32+00:00\",\"dateModified\":\"2025-06-03T08:17:33+00:00\",\"inLanguage\":\"en-US\",\"potentialAction\":[{\"@type\":\"ReadAction\",\"target\":[\"https:\/\/www.msd.at\/de\/gewinner-join4care-award-2025\/\"]}]},{\"@type\":\"WebSite\",\"@id\":\"https:\/\/www.msd.at\/de\/#website\",\"url\":\"https:\/\/www.msd.at\/de\/\",\"name\":\"MSD\",\"description\":\"Just another vip2-msd.com site\",\"potentialAction\":[{\"@type\":\"SearchAction\",\"target\":{\"@type\":\"EntryPoint\",\"urlTemplate\":\"https:\/\/www.msd.at\/de\/?s={search_term_string}\"},\"query-input\":\"required name=search_term_string\"}],\"inLanguage\":\"en-US\"}]}<\/script>\n<!-- \/ Yoast SEO plugin. -->","yoast_head_json":{"title":"Gewinner Join4Care Award 2025 - MSD","robots":{"index":"index","follow":"follow","max-snippet":"max-snippet:-1","max-image-preview":"max-image-preview:large","max-video-preview":"max-video-preview:-1"},"canonical":"https:\/\/www.msd.at\/de\/gewinner-join4care-award-2025\/","og_locale":"en_US","og_type":"article","og_title":"Gewinner Join4Care Award 2025 - MSD","og_description":"v.l.n.r.: Prim. Priv.-Doz. Dr. Birgit Gr\u00fcnberger, Dr. med. univ. Dr. scient. med. Huemer, Mag. Helmut Winkler, MBA Im Rahmen der medizinischen Fortbildungsreihe \u201eOncology Days\u201c von MEDahead wurde bereits zum 6. Mal der MSD Join4Care-Award vergeben. Eine unabh\u00e4ngige Jury renommierter Expert:innen aus dem Gesundheitswesen hat das Projekt &#8220;Interdisziplin\u00e4re Palliativmedizinische Ambulanz&#8220;, unter der Leitung von&nbsp;Dr. Matthias Huemer&nbsp;von [&hellip;]","og_url":"https:\/\/www.msd.at\/de\/gewinner-join4care-award-2025\/","og_site_name":"MSD","article_modified_time":"2025-06-03T08:17:33+00:00","twitter_card":"summary_large_image","twitter_misc":{"Est. reading time":"2 minutes"},"schema":{"@context":"https:\/\/schema.org","@graph":[{"@type":"WebPage","@id":"https:\/\/www.msd.at\/de\/gewinner-join4care-award-2025\/","url":"https:\/\/www.msd.at\/de\/gewinner-join4care-award-2025\/","name":"Gewinner Join4Care Award 2025 - MSD","isPartOf":{"@id":"https:\/\/www.msd.at\/de\/#website"},"datePublished":"2025-06-03T08:17:32+00:00","dateModified":"2025-06-03T08:17:33+00:00","inLanguage":"en-US","potentialAction":[{"@type":"ReadAction","target":["https:\/\/www.msd.at\/de\/gewinner-join4care-award-2025\/"]}]},{"@type":"WebSite","@id":"https:\/\/www.msd.at\/de\/#website","url":"https:\/\/www.msd.at\/de\/","name":"MSD","description":"Just another vip2-msd.com site","potentialAction":[{"@type":"SearchAction","target":{"@type":"EntryPoint","urlTemplate":"https:\/\/www.msd.at\/de\/?s={search_term_string}"},"query-input":"required name=search_term_string"}],"inLanguage":"en-US"}]}},"acf":[],"_links":{"self":[{"href":"https:\/\/www.msd.at\/de\/wp-json\/wp\/v2\/pages\/5955","targetHints":{"allow":["GET"]}}],"collection":[{"href":"https:\/\/www.msd.at\/de\/wp-json\/wp\/v2\/pages"}],"about":[{"href":"https:\/\/www.msd.at\/de\/wp-json\/wp\/v2\/types\/page"}],"author":[{"embeddable":true,"href":"https:\/\/www.msd.at\/de\/wp-json\/wp\/v2\/users\/883"}],"replies":[{"embeddable":true,"href":"https:\/\/www.msd.at\/de\/wp-json\/wp\/v2\/comments?post=5955"}],"version-history":[{"count":4,"href":"https:\/\/www.msd.at\/de\/wp-json\/wp\/v2\/pages\/5955\/revisions"}],"predecessor-version":[{"id":5993,"href":"https:\/\/www.msd.at\/de\/wp-json\/wp\/v2\/pages\/5955\/revisions\/5993"}],"wp:attachment":[{"href":"https:\/\/www.msd.at\/de\/wp-json\/wp\/v2\/media?parent=5955"}],"curies":[{"name":"wp","href":"https:\/\/api.w.org\/{rel}","templated":true}]}}