{"id":5739,"date":"2026-03-24T11:06:00","date_gmt":"2026-03-24T11:06:00","guid":{"rendered":"https:\/\/www.msd.at\/de\/?page_id=5739"},"modified":"2026-03-24T09:07:02","modified_gmt":"2026-03-24T09:07:02","slug":"breast-care-demo","status":"publish","type":"page","link":"https:\/\/www.msd.at\/de\/breast-care-demo\/","title":{"rendered":"Breast Care &#8211; Demo"},"content":{"rendered":"\n<div id=\"mco-b2-hero-block-block_5fbfa09c1a698b5a24e05dd857f5ebed\" class=\"mco-b2-hero-block full mccberg-block\">\n    <div class=\"mco-b2-hero-block-wrapper\">\n        <div class=\"mco-b2-hero-block-image-section \">\n                            <div class=\"mco-b2-hero-block-image-container \">\n                    <picture >\n\t<source media=\"(max-width: 767px)\" data-srcset=\"https:\/\/www.msd.at\/de\/wp-content\/uploads\/sites\/91\/2023\/09\/BCN-Gruppe-1.jpg?w=768\" srcset=\"https:\/\/www.msd.at\/de\/wp-content\/uploads\/sites\/91\/2023\/09\/BCN-Gruppe-1.jpg?w=768\" >\n<source media=\"(min-width: 768px) and (max-width: 1199px)\" data-srcset=\"https:\/\/www.msd.at\/de\/wp-content\/uploads\/sites\/91\/2023\/09\/BCN-Gruppe-1.jpg?h=768\" srcset=\"https:\/\/www.msd.at\/de\/wp-content\/uploads\/sites\/91\/2023\/09\/BCN-Gruppe-1.jpg?h=768\" >\n<source media=\"(min-width: 1200px) and (max-width: 1919px)\" data-srcset=\"https:\/\/www.msd.at\/de\/wp-content\/uploads\/sites\/91\/2023\/09\/BCN-Gruppe-1.jpg?w=1200\" srcset=\"https:\/\/www.msd.at\/de\/wp-content\/uploads\/sites\/91\/2023\/09\/BCN-Gruppe-1.jpg?w=1200\" >\n<source media=\"(min-width: 1920px)\" data-srcset=\"https:\/\/www.msd.at\/de\/wp-content\/uploads\/sites\/91\/2023\/09\/BCN-Gruppe-1.jpg?w=1920\" srcset=\"https:\/\/www.msd.at\/de\/wp-content\/uploads\/sites\/91\/2023\/09\/BCN-Gruppe-1.jpg?w=1920\" >\n\t<img data-src=\"https:\/\/www.msd.at\/de\/wp-content\/uploads\/sites\/91\/2023\/09\/BCN-Gruppe-1.jpg?w=1920\" alt=\"\" class=\"eager \" loading=\"eager\" \/>\n<\/picture>                                    <\/div>\n                        <div class=\"mco-b2-hero-block-image-container-two\">\n                            <\/div>\n        <\/div>\n\n        <div class=\"mco-b2-hero-block-content-section\">\n                        \n                            <h1>Breast Care Nurses<\/h1>\n            \n                            <div class=\"mco-b2-hero-block-description\"><p>Wir bei MSD haben uns dazu entschlossen die Breast Care Nurses vor den Vorhang zu holen. In dieser wichtigen Funktion unterst\u00fctzt die Breast Care Nurse die von ihr betreuten Patient:innen auf ihrem Weg von der Diagnose \u00fcber die Therapie bis zur Nachsorge und versucht zugleich \u00c4rzte und Krankenpfleger:innen f\u00fcr deren Bed\u00fcrfnisse zu sensibilisieren.<br \/>\nGerade im Moment der Diagnose sind viele betroffene Frauen von den zahlreichen Informationen \u00fcberfordert. Hier achtet die Breast Care Nurse darauf, dass die Patient:innen wirklich verstehen was w\u00e4hrend der anstehenden Therapie passiert und geben ihnen die M\u00f6glichkeit nochmals nachzufragen und ihre Sorgen und \u00c4ngste zu kommunizieren.<\/p>\n<\/div>\n            \n                    <\/div>\n    <\/div>\n\n    \n<\/div>\n\n\n\n<h2 id=\"breastcarenurses\" style=\"color:#e82187;\">Breast Care Nurses<\/h2>\n\n\n\n<div class=\"wp-block-columns is-layout-flex wp-container-core-columns-is-layout-9d6595d7 wp-block-columns-is-layout-flex\">\n<div class=\"wp-block-column is-layout-flow wp-block-column-is-layout-flow\">\n<h4 style=\"color:#e82187\"><b>Tanja Kl\u00f6sch<\/b><br>LKH Baden<\/h4>\n\n\n\n<figure class=\"wp-block-image size-large\"><img loading=\"lazy\" decoding=\"async\" width=\"600\" height=\"600\" src=\"https:\/\/www.msd.at\/de\/wp-content\/uploads\/sites\/91\/2023\/09\/BCN-Tanja-Kloesch-LKHBaden.jpg?w=600\" alt=\"\" class=\"wp-image-4365\"\/><\/figure>\n\n\n\n<p>Als BCN begleite ich meine Patientinnen bei der Diagnose, Behandlung und Nachsorge. Ich bin kontinuierliche Ansprechpartnerin und stehe mit Empathie und Wissen zur Seite.<\/p>\n<\/div>\n\n\n\n<div class=\"wp-block-column is-layout-flow wp-block-column-is-layout-flow\">\n<h4 style=\"color:#e82187\"><b>Verena Kattinger MSc MBA <\/b><br>Sanatorium Hera<\/h4>\n\n\n\n<figure class=\"wp-block-image size-large\"><img loading=\"lazy\" decoding=\"async\" width=\"600\" height=\"600\" src=\"https:\/\/www.msd.at\/de\/wp-content\/uploads\/sites\/91\/2023\/09\/BCN-Verena-Kattinger-SanatoriumHera.jpg?w=600\" alt=\"\" class=\"wp-image-4366\"\/><\/figure>\n\n\n\n<p>Zuversicht und Empathie \u00e4ndern nicht die Diagnose, aber manchmal die augenblickliche Situation.<\/p>\n<\/div>\n\n\n\n<div class=\"wp-block-column is-layout-flow wp-block-column-is-layout-flow\">\n<h4 style=\"color:#e82187\"><b>Olga Scheidl<\/b><br>Klinik Favoriten<\/h4>\n\n\n\n<figure class=\"wp-block-image size-large\"><img loading=\"lazy\" decoding=\"async\" width=\"600\" height=\"600\" src=\"https:\/\/www.msd.at\/de\/wp-content\/uploads\/sites\/91\/2023\/09\/BCN-Olga-Scheidl-KlinikFavoriten-1.jpg?w=600\" alt=\"\" class=\"wp-image-4422\"\/><\/figure>\n\n\n\n<p>Um das Selbstmanagement und die eigene Gesundheitskompetenz der Patient*innen zu f\u00f6rdern und zu st\u00e4rken, biete ich praktische Tipps und Informationen zu den verschiedensten Bereichen rundum das Thema Pflege bei Brustkrebs.<\/p>\n<\/div>\n<\/div>\n\n\n\n<div class=\"wp-block-columns is-layout-flex wp-container-core-columns-is-layout-9d6595d7 wp-block-columns-is-layout-flex\">\n<div class=\"wp-block-column is-layout-flow wp-block-column-is-layout-flow\">\n<h4 style=\"color:#e82187\"><b>Lisa Wiedermann<\/b><br>LKH Wiener Neustadt<\/h4>\n\n\n\n<figure class=\"wp-block-image size-large\"><img loading=\"lazy\" decoding=\"async\" width=\"600\" height=\"600\" src=\"https:\/\/www.msd.at\/de\/wp-content\/uploads\/sites\/91\/2023\/09\/BCN-Elisabeth-Wiedermann-LKHWr.-Neustadt.jpg?w=600\" alt=\"\" class=\"wp-image-4360\"\/><\/figure>\n\n\n\n<p>In meiner Funktion als Breast Care Nurse muss ich nicht das Rad neu erfinden \u2013 es geht darum, ein kontinuierlicher Ansprechpartner f\u00fcr meine Patient*innen in der fordernden Zeit einer Brusterkrankung zu sein.<\/p>\n<\/div>\n\n\n\n<div class=\"wp-block-column is-layout-flow wp-block-column-is-layout-flow\">\n<h4 style=\"color:#e82187\"><b>Susanna Lena<\/b><br>Klinik Ottakring<\/h4>\n\n\n\n<figure class=\"wp-block-image size-large\"><img loading=\"lazy\" decoding=\"async\" width=\"600\" height=\"600\" src=\"https:\/\/www.msd.at\/de\/wp-content\/uploads\/sites\/91\/2023\/09\/BCN-Susanna-Lena-KlinikOttakring.jpg?w=600\" alt=\"\" class=\"wp-image-4423\"\/><\/figure>\n\n\n\n<p>Als Breast Care Nurse begleite und betreue ich seit 2012 einf\u00fchlsam Patient*innen w\u00e4hrend ihres gesamten Therapieprozesses. Mein Ziel ist es ihnen dabei zu helfen, wieder in den Alltag zur\u00fcckzufinden und ihre Lebensfreude wieder zu entdecken. Durch meine langj\u00e4hrige Erfahrung und fundiertes Fachwissen kann ich auf die individuellen Bed\u00fcrfnisse meiner Patient*innen eingehen und ihnen die bestm\u00f6gliche Betreuung bieten. Es erf\u00fcllt mich mit Dankbarkeit, Teil des Heilungsprozesses zu sein und Betroffene auf ihrem Weg zur Genesung zu begleiten.<\/p>\n<\/div>\n\n\n\n<div class=\"wp-block-column is-layout-flow wp-block-column-is-layout-flow\">\n<h4 style=\"color:#e82187\"><b>Danijela Dohnal-Suvajac <\/b><br>LKH M\u00f6dling<\/h4>\n\n\n\n<figure class=\"wp-block-image size-large\"><img loading=\"lazy\" decoding=\"async\" width=\"600\" height=\"600\" src=\"https:\/\/www.msd.at\/de\/wp-content\/uploads\/sites\/91\/2023\/09\/BCN-Danijela-Dohnal-Suvajac-LKHMoedling.jpg?w=600\" alt=\"\" class=\"wp-image-4412\"\/><\/figure>\n\n\n\n<p>F\u00fcr Betroffene mit Brustkrebs bildet die Breast Care Nurse DIE konstante Ansprechperson in einem multidisiplin\u00e4ren Behandlungsteam. Dass die Patient*innenzufriedenheit durch die kontinuierliche Begleitung der BCN steigt ist bereits mehrfach wissenschaftlich bewiesen. Umso wichtiger ist es die selbstst\u00e4ndige T\u00e4tigkeit der Breast Care Nurse in \u00f6sterreichischen Brustzentren zu etablieren<\/p>\n<\/div>\n<\/div>\n\n\n\n<div class=\"wp-block-columns is-layout-flex wp-container-core-columns-is-layout-9d6595d7 wp-block-columns-is-layout-flex\">\n<div class=\"wp-block-column is-layout-flow wp-block-column-is-layout-flow\">\n<h4 style=\"color:#e82187\"><b>Andrea Winglhofer<\/b><br>LKH Horn<\/h4>\n\n\n\n<figure class=\"wp-block-image size-large\"><img loading=\"lazy\" decoding=\"async\" width=\"600\" height=\"600\" src=\"https:\/\/www.msd.at\/de\/wp-content\/uploads\/sites\/91\/2023\/06\/BCN-Andrea-Winglhofer-LKH-Horn.jpg?w=600\" alt=\"\" class=\"wp-image-4358\"\/><\/figure>\n\n\n\n<p>Wir Breast Care Nurses begleiten die Patient*innen verl\u00e4sslich und kompetent durch ihre Brustkrebserkrankung.<\/p>\n<\/div>\n\n\n\n<div class=\"wp-block-column is-layout-flow wp-block-column-is-layout-flow\">\n<h4 style=\"color:#e82187\"><b>Susanne Blum<\/b><br>St. Josef Krankenhaus Wien<\/h4>\n\n\n\n<figure class=\"wp-block-image size-large\"><img loading=\"lazy\" decoding=\"async\" width=\"600\" height=\"600\" src=\"https:\/\/www.msd.at\/de\/wp-content\/uploads\/sites\/91\/2023\/09\/BCN-SusanneBlum\u2013StJosefKrankenhausWien.jpg?w=600\" alt=\"\" class=\"wp-image-4424\"\/><\/figure>\n\n\n\n<p>Die \u201eDiagnose Brustkrebs\u201c passt sich an die Lebensgewohnheiten der Patientin\/des Patienten an, nicht umgekehrt. Mentale Unterst\u00fctzung und gut informiert von Beginn an, st\u00e4rkt die Resilienz und gibt Halt.<\/p>\n<\/div>\n\n\n\n<div class=\"wp-block-column is-layout-flow wp-block-column-is-layout-flow\">\n<h4 style=\"color:#e82187\"><b>Angelika Hajdinyak<\/b><br>LKH Univ. Klinikum Graz<\/h4>\n\n\n\n<figure class=\"wp-block-image size-large\"><img loading=\"lazy\" decoding=\"async\" width=\"600\" height=\"600\" src=\"https:\/\/www.msd.at\/de\/wp-content\/uploads\/sites\/91\/2023\/09\/BCN-Angelika-Hajdinyak-LKHGraz.jpg?w=600\" alt=\"\" class=\"wp-image-4359\"\/><\/figure>\n\n\n\n<p>\u201eSt\u00e4rke ist, auch einmal Schw\u00e4che zu zeigen und trotzdem einen Schritt nach dem anderen durch die Behandlung zu gehen\u201c. \u201eAuf Ihrem Weg durch die Therapie bin ich gerne unterst\u00fctzend an Ihrer Seite\u201c.<\/p>\n<\/div>\n<\/div>\n\n\n\n<div class=\"wp-block-columns is-layout-flex wp-container-core-columns-is-layout-9d6595d7 wp-block-columns-is-layout-flex\">\n<div class=\"wp-block-column is-layout-flow wp-block-column-is-layout-flow\">\n<h4 style=\"color:#e82187\"><b>Gabriele Moitzi<\/b><br>KH der Barmherzigen Br\u00fcder Graz<\/h4>\n\n\n\n<figure class=\"wp-block-image size-large\"><img loading=\"lazy\" decoding=\"async\" width=\"600\" height=\"600\" src=\"https:\/\/www.msd.at\/de\/wp-content\/uploads\/sites\/91\/2023\/09\/BCN-Gabriele-Moitzi-BarmherzigeBruederGraz-1.jpg?w=600\" alt=\"\" class=\"wp-image-4414\"\/><\/figure>\n\n\n\n<p>\u201eEs ist eine sehr erf\u00fcllende Aufgabe, die Patientinnen ab dem Erstkontakt zum Krankenhaus bis zur Nachsorge zu unterst\u00fctzen. In meiner t\u00e4glichen Arbeit mit Brustkrebspatientinnen merke ich auch, wie wichtig unsere Arbeit als BCN f\u00fcr die Patientinnen, aber auch f\u00fcr die interdisziplin\u00e4re Zusammenarbeit ist, damit der ganze Behandlungs- und Therapieprozess reibungslos funktioniert. So k\u00f6nnen wir Sicherheit geben und Vertrauen aufbauen.&#8221;<\/p>\n<\/div>\n\n\n\n<div class=\"wp-block-column is-layout-flow wp-block-column-is-layout-flow\">\n<h4 style=\"color:#e82187\"><b>Jeanine M\u00fchlbacher<\/b><br>UK St. P\u00f6lten<\/h4>\n\n\n\n<figure class=\"wp-block-image size-large\"><img loading=\"lazy\" decoding=\"async\" width=\"600\" height=\"600\" src=\"https:\/\/www.msd.at\/de\/wp-content\/uploads\/sites\/91\/2023\/09\/BCN-Jeanine-Muehlbacher-UKStPoelten.jpg?w=600\" alt=\"\" class=\"wp-image-4418\"\/><\/figure>\n\n\n\n<p>\u201eVielen Betroffenen gibt die Begleitung einer BCN die n\u00f6tige Sicherheit, um H\u00f6hen und Tiefen einer anstrengenden Therapiezeit selbstbestimmt zu meistern\u201c.<\/p>\n<\/div>\n\n\n\n<div class=\"wp-block-column is-layout-flow wp-block-column-is-layout-flow\">\n<h4 style=\"color:#e82187\"><b>Maria Gruber<\/b><br>LK Mistelbach<\/h4>\n\n\n\n<figure class=\"wp-block-image size-large\"><img loading=\"lazy\" decoding=\"async\" width=\"600\" height=\"600\" src=\"https:\/\/www.msd.at\/de\/wp-content\/uploads\/sites\/91\/2023\/09\/BCN-MariaGruber\u2013LKMistelbach.jpg?w=600\" alt=\"\" class=\"wp-image-4429\"\/><\/figure>\n\n\n\n<p>\u201eIch sehe meine Aufgabe darin Patientinnen nach dem ersten Schock der Diagnose verl\u00e4sslich zur Seite zu stehen, Ihnen Sicherheit zu vermitteln, dass sie den Weg nicht alleine gehen m\u00fcssen und mit Rat und Tat zur Seite zu stehen\u201c.<\/p>\n<\/div>\n<\/div>\n\n\n\n<div class=\"wp-block-columns is-layout-flex wp-container-core-columns-is-layout-9d6595d7 wp-block-columns-is-layout-flex\">\n<div class=\"wp-block-column is-layout-flow wp-block-column-is-layout-flow\">\n<h4 style=\"color:#e82187\"><b>Katrin Failenschmid<\/b><br>Klinik Hietzing<\/h4>\n\n\n\n<figure class=\"wp-block-image size-large\"><img loading=\"lazy\" decoding=\"async\" width=\"600\" height=\"600\" src=\"https:\/\/www.msd.at\/de\/wp-content\/uploads\/sites\/91\/2023\/09\/BCN-Katrin-Failenschmid-KlinikHietzing.jpg?w=600\" alt=\"\" class=\"wp-image-4362\"\/><\/figure>\n\n\n\n<p>Wichtig ist mir die gute und enge Zusammenarbeit sowie das funktionierende Netzwerk mit allen Gruppen, die an der Therapieentscheidung und \u2013 durchf\u00fchrung beteiligt sind: Breast Care Nurse, Chirurgen, Onkologen, Gyn\u00e4kologen und Pathologen.&nbsp;<\/p>\n<\/div>\n\n\n\n<div class=\"wp-block-column is-layout-flow wp-block-column-is-layout-flow\"><\/div>\n\n\n\n<div class=\"wp-block-column is-layout-flow wp-block-column-is-layout-flow\"><\/div>\n<\/div>\n\n\n\n<div class=\"wp-block-columns is-layout-flex wp-container-core-columns-is-layout-9d6595d7 wp-block-columns-is-layout-flex\">\n<div class=\"wp-block-column is-layout-flow wp-block-column-is-layout-flow\" style=\"flex-basis:100%\"><div class=\"wp-block-image\">\n<figure class=\"aligncenter size-large is-resized\"><a href=\"https:\/\/www.msd.at\/de\/wp-content\/uploads\/sites\/91\/2023\/09\/MSD_Brustbroschuere_2022.pdf\" target=\"_blank\" rel=\"noreferrer noopener\"><img loading=\"lazy\" decoding=\"async\" src=\"https:\/\/www.msd.at\/de\/wp-content\/uploads\/sites\/91\/2023\/09\/anleitung-selbstuntersuchung-download.png?w=1024\" alt=\"\" class=\"wp-image-4494\" width=\"768\" height=\"365\"\/><\/a><\/figure><\/div>\n\n\n<p class=\"has-text-align-center\"><strong>Brosch\u00fcre hier downloaden:<\/strong><\/p>\n\n\n\n<p class=\"has-text-align-center\"><a href=\"https:\/\/www.msd.at\/de\/wp-content\/uploads\/sites\/91\/2024\/02\/MSD_Brustbroschuere_2023.pdf\" target=\"_blank\" class=\"wp-block-button__link has-background\" style=\"background:linear-gradient(135deg,rgb(232,33,135) 4%,rgb(232,33,135) 100%); padding-bottom:1rem;\" rel=\"noopener\"><code style=\"color:#FFFFFF;\">Download (PDF)<\/code><\/a><\/p>\n<\/div>\n<\/div>\n\n\n\n<div class=\"wp-block-columns is-layout-flex wp-container-core-columns-is-layout-9d6595d7 wp-block-columns-is-layout-flex\">\n<div class=\"wp-block-column is-layout-flow wp-block-column-is-layout-flow\">\n<div class=\"wp-block-columns has-background is-layout-flex wp-container-core-columns-is-layout-9d6595d7 wp-block-columns-is-layout-flex\" style=\"background:linear-gradient(135deg,rgb(249,227,226) 0%,rgb(249,227,226) 100%)\">\n<div class=\"wp-block-column is-layout-flow wp-block-column-is-layout-flow\" style=\"flex-basis:50%\">\n<h4 class=\"wp-block-heading\">Weitere Informationen zum \u00f6sterreichischen Fr\u00fcherkennungsprogramm f\u00fcr Brustkrebs finden Sie hier:<\/h4>\n\n\n\n<a href=\"https:\/\/www.frueh-erkennen.at\" target=\"_blank\" class=\"wp-block-button__link has-background\" style=\"background:linear-gradient(135deg,rgb(232,33,135) 4%,rgb(232,33,135) 100%); padding-bottom:1rem;\" rel=\"noopener\"><code style=\"color:#FFFFFF;\">Mehr Infos<\/code><\/a>\n<\/div>\n\n\n\n<div class=\"wp-block-column is-layout-flow wp-block-column-is-layout-flow\" style=\"flex-basis:50%\"><div class=\"wp-block-image\">\n<figure class=\"aligncenter size-large is-resized\"><img loading=\"lazy\" decoding=\"async\" src=\"https:\/\/www.msd.at\/de\/wp-content\/uploads\/sites\/91\/2023\/09\/csm_Group.png?w=1024\" alt=\"\" class=\"wp-image-4459\" width=\"512\" height=\"432\"\/><\/figure><\/div><\/div>\n<\/div>\n<\/div>\n\n\n\n<div class=\"wp-block-column is-layout-flow wp-block-column-is-layout-flow\">\n<div class=\"wp-block-columns has-background is-layout-flex wp-container-core-columns-is-layout-9d6595d7 wp-block-columns-is-layout-flex\" style=\"background:linear-gradient(135deg,rgb(249,227,226) 0%,rgb(249,227,226) 100%)\">\n<div class=\"wp-block-column is-layout-flow wp-block-column-is-layout-flow\" style=\"flex-basis:50%\">\n<h4 class=\"wp-block-heading\">Weitere Informationen zum triple-negativen Brustkrebs finden Sie hier:<br><br><br><\/h4>\n\n\n\n<a href=\"https:\/\/www.msd.at\/de\/wp-content\/uploads\/sites\/91\/2024\/09\/AT-OBR-00189_Broschuere_Brustkrebs_FINAL.pdf\" target=\"_blank\" class=\"wp-block-button__link has-background\" style=\"background:linear-gradient(135deg,rgb(232,33,135) 4%,rgb(232,33,135) 100%); padding-bottom:1rem;\" rel=\"noopener\"><code style=\"color:#FFFFFF;\">Download (PDF)<\/code><\/a>\n<\/div>\n\n\n\n<div class=\"wp-block-column is-layout-flow wp-block-column-is-layout-flow\" style=\"flex-basis:50%\"><div class=\"wp-block-image\">\n<figure class=\"aligncenter size-full is-resized\"><img loading=\"lazy\" decoding=\"async\" src=\"https:\/\/www.msd.at\/de\/wp-content\/uploads\/sites\/91\/2024\/09\/msd-breast-cancer_d47ef8.jpg\" alt=\"\" class=\"wp-image-5420\" width=\"275\" height=\"275\"\/><\/figure><\/div><\/div>\n<\/div>\n<\/div>\n<\/div>\n\n\n\n<p class=\"has-text-align-right has-small-font-size\">AT-NON-02569, erstellt 12\/24<\/p>\n","protected":false},"excerpt":{"rendered":"<p>Breast Care Nurses Tanja Kl\u00f6schLKH Baden Als BCN begleite ich meine Patientinnen bei der Diagnose, Behandlung und Nachsorge. Ich bin kontinuierliche Ansprechpartnerin und stehe mit Empathie und Wissen zur Seite. Verena Kattinger MSc MBA Sanatorium Hera Zuversicht und Empathie \u00e4ndern nicht die Diagnose, aber manchmal die augenblickliche Situation. Olga ScheidlKlinik Favoriten Um das Selbstmanagement und [&hellip;]<\/p>\n","protected":false},"author":883,"featured_media":0,"parent":0,"menu_order":0,"comment_status":"closed","ping_status":"closed","template":"","meta":{"_acf_changed":false,"bdl_company_name":[],"bdl_item_external_link":[],"editor_notices":[],"footnotes":""},"class_list":["post-5739","page","type-page","status-publish","hentry"],"yoast_head":"<!-- This site is optimized with the Yoast SEO plugin v21.9.1 - https:\/\/yoast.com\/wordpress\/plugins\/seo\/ -->\n<title>Breast Care - Demo - MSD<\/title>\n<meta name=\"robots\" content=\"index, follow, max-snippet:-1, max-image-preview:large, max-video-preview:-1\" \/>\n<link rel=\"canonical\" href=\"https:\/\/www.msd.at\/de\/breast-care-demo\/\" \/>\n<meta property=\"og:locale\" content=\"en_US\" \/>\n<meta property=\"og:type\" content=\"article\" \/>\n<meta property=\"og:title\" content=\"Breast Care - Demo - MSD\" \/>\n<meta property=\"og:description\" content=\"Breast Care Nurses Tanja Kl\u00f6schLKH Baden Als BCN begleite ich meine Patientinnen bei der Diagnose, Behandlung und Nachsorge. Ich bin kontinuierliche Ansprechpartnerin und stehe mit Empathie und Wissen zur Seite. Verena Kattinger MSc MBA Sanatorium Hera Zuversicht und Empathie \u00e4ndern nicht die Diagnose, aber manchmal die augenblickliche Situation. Olga ScheidlKlinik Favoriten Um das Selbstmanagement und [&hellip;]\" \/>\n<meta property=\"og:url\" content=\"https:\/\/www.msd.at\/de\/breast-care-demo\/\" \/>\n<meta property=\"og:site_name\" content=\"MSD\" \/>\n<meta property=\"article:modified_time\" content=\"2026-03-24T09:07:02+00:00\" \/>\n<meta property=\"og:image\" content=\"https:\/\/www.msd.at\/de\/wp-content\/uploads\/sites\/91\/2023\/09\/BCN-Tanja-Kloesch-LKHBaden.jpg?w=600\" \/>\n<meta name=\"twitter:card\" content=\"summary_large_image\" \/>\n<meta name=\"twitter:label1\" content=\"Est. reading time\" \/>\n\t<meta name=\"twitter:data1\" content=\"6 minutes\" \/>\n<script type=\"application\/ld+json\" class=\"yoast-schema-graph\">{\"@context\":\"https:\/\/schema.org\",\"@graph\":[{\"@type\":\"WebPage\",\"@id\":\"https:\/\/www.msd.at\/de\/breast-care-demo\/\",\"url\":\"https:\/\/www.msd.at\/de\/breast-care-demo\/\",\"name\":\"Breast Care - Demo - MSD\",\"isPartOf\":{\"@id\":\"https:\/\/www.msd.at\/de\/#website\"},\"datePublished\":\"2026-03-24T11:06:00+00:00\",\"dateModified\":\"2026-03-24T09:07:02+00:00\",\"inLanguage\":\"en-US\",\"potentialAction\":[{\"@type\":\"ReadAction\",\"target\":[\"https:\/\/www.msd.at\/de\/breast-care-demo\/\"]}]},{\"@type\":\"WebSite\",\"@id\":\"https:\/\/www.msd.at\/de\/#website\",\"url\":\"https:\/\/www.msd.at\/de\/\",\"name\":\"MSD\",\"description\":\"Just another vip2-msd.com site\",\"potentialAction\":[{\"@type\":\"SearchAction\",\"target\":{\"@type\":\"EntryPoint\",\"urlTemplate\":\"https:\/\/www.msd.at\/de\/?s={search_term_string}\"},\"query-input\":\"required name=search_term_string\"}],\"inLanguage\":\"en-US\"}]}<\/script>\n<!-- \/ Yoast SEO plugin. -->","yoast_head_json":{"title":"Breast Care - Demo - MSD","robots":{"index":"index","follow":"follow","max-snippet":"max-snippet:-1","max-image-preview":"max-image-preview:large","max-video-preview":"max-video-preview:-1"},"canonical":"https:\/\/www.msd.at\/de\/breast-care-demo\/","og_locale":"en_US","og_type":"article","og_title":"Breast Care - Demo - MSD","og_description":"Breast Care Nurses Tanja Kl\u00f6schLKH Baden Als BCN begleite ich meine Patientinnen bei der Diagnose, Behandlung und Nachsorge. Ich bin kontinuierliche Ansprechpartnerin und stehe mit Empathie und Wissen zur Seite. Verena Kattinger MSc MBA Sanatorium Hera Zuversicht und Empathie \u00e4ndern nicht die Diagnose, aber manchmal die augenblickliche Situation. Olga ScheidlKlinik Favoriten Um das Selbstmanagement und [&hellip;]","og_url":"https:\/\/www.msd.at\/de\/breast-care-demo\/","og_site_name":"MSD","article_modified_time":"2026-03-24T09:07:02+00:00","og_image":[{"url":"https:\/\/www.msd.at\/de\/wp-content\/uploads\/sites\/91\/2023\/09\/BCN-Tanja-Kloesch-LKHBaden.jpg?w=600"}],"twitter_card":"summary_large_image","twitter_misc":{"Est. reading time":"6 minutes"},"schema":{"@context":"https:\/\/schema.org","@graph":[{"@type":"WebPage","@id":"https:\/\/www.msd.at\/de\/breast-care-demo\/","url":"https:\/\/www.msd.at\/de\/breast-care-demo\/","name":"Breast Care - Demo - MSD","isPartOf":{"@id":"https:\/\/www.msd.at\/de\/#website"},"datePublished":"2026-03-24T11:06:00+00:00","dateModified":"2026-03-24T09:07:02+00:00","inLanguage":"en-US","potentialAction":[{"@type":"ReadAction","target":["https:\/\/www.msd.at\/de\/breast-care-demo\/"]}]},{"@type":"WebSite","@id":"https:\/\/www.msd.at\/de\/#website","url":"https:\/\/www.msd.at\/de\/","name":"MSD","description":"Just another vip2-msd.com site","potentialAction":[{"@type":"SearchAction","target":{"@type":"EntryPoint","urlTemplate":"https:\/\/www.msd.at\/de\/?s={search_term_string}"},"query-input":"required name=search_term_string"}],"inLanguage":"en-US"}]}},"acf":[],"_links":{"self":[{"href":"https:\/\/www.msd.at\/de\/wp-json\/wp\/v2\/pages\/5739","targetHints":{"allow":["GET"]}}],"collection":[{"href":"https:\/\/www.msd.at\/de\/wp-json\/wp\/v2\/pages"}],"about":[{"href":"https:\/\/www.msd.at\/de\/wp-json\/wp\/v2\/types\/page"}],"author":[{"embeddable":true,"href":"https:\/\/www.msd.at\/de\/wp-json\/wp\/v2\/users\/883"}],"replies":[{"embeddable":true,"href":"https:\/\/www.msd.at\/de\/wp-json\/wp\/v2\/comments?post=5739"}],"version-history":[{"count":1,"href":"https:\/\/www.msd.at\/de\/wp-json\/wp\/v2\/pages\/5739\/revisions"}],"predecessor-version":[{"id":6391,"href":"https:\/\/www.msd.at\/de\/wp-json\/wp\/v2\/pages\/5739\/revisions\/6391"}],"wp:attachment":[{"href":"https:\/\/www.msd.at\/de\/wp-json\/wp\/v2\/media?parent=5739"}],"curies":[{"name":"wp","href":"https:\/\/api.w.org\/{rel}","templated":true}]}}