{"id":5282,"date":"2024-08-08T09:16:33","date_gmt":"2024-08-08T09:16:33","guid":{"rendered":"https:\/\/www.msd.at\/de\/?page_id=5282"},"modified":"2025-02-03T11:11:38","modified_gmt":"2025-02-03T11:11:38","slug":"lungenhochdruck","status":"publish","type":"page","link":"https:\/\/www.msd.at\/de\/lungenhochdruck\/","title":{"rendered":"Lungenhochdruck"},"content":{"rendered":"\n<div id=\"mco-b2-hero-block-block_1340ed2112e9254da0ca499252895f64\" class=\"mco-b2-hero-block full mccberg-block\">\n    <div class=\"mco-b2-hero-block-wrapper\">\n        <div class=\"mco-b2-hero-block-image-section \">\n\n                            <div class=\"mco-b2-hero-block-image-container \">\n                    <picture >\n\t<source media=\"(max-width: 767px)\" data-srcset=\"https:\/\/www.msd.at\/de\/wp-content\/uploads\/sites\/91\/2023\/06\/Lungenhochdruck_bild1.jpg?w=768\" srcset=\"https:\/\/www.msd.at\/de\/wp-content\/uploads\/sites\/91\/2023\/06\/Lungenhochdruck_bild1.jpg?w=768\" >\n<source media=\"(min-width: 768px) and (max-width: 1199px)\" data-srcset=\"https:\/\/www.msd.at\/de\/wp-content\/uploads\/sites\/91\/2023\/06\/Lungenhochdruck_bild1.jpg?h=768\" srcset=\"https:\/\/www.msd.at\/de\/wp-content\/uploads\/sites\/91\/2023\/06\/Lungenhochdruck_bild1.jpg?h=768\" >\n<source media=\"(min-width: 1200px) and (max-width: 1919px)\" data-srcset=\"https:\/\/www.msd.at\/de\/wp-content\/uploads\/sites\/91\/2023\/06\/Lungenhochdruck_bild1.jpg?w=1200\" srcset=\"https:\/\/www.msd.at\/de\/wp-content\/uploads\/sites\/91\/2023\/06\/Lungenhochdruck_bild1.jpg?w=1200\" >\n<source media=\"(min-width: 1920px)\" data-srcset=\"https:\/\/www.msd.at\/de\/wp-content\/uploads\/sites\/91\/2023\/06\/Lungenhochdruck_bild1.jpg?w=1920\" srcset=\"https:\/\/www.msd.at\/de\/wp-content\/uploads\/sites\/91\/2023\/06\/Lungenhochdruck_bild1.jpg?w=1920\" >\n\t<img data-src=\"https:\/\/www.msd.at\/de\/wp-content\/uploads\/sites\/91\/2023\/06\/Lungenhochdruck_bild1.jpg?w=1920\" alt=\"\" class=\"eager \" loading=\"eager\" \/>\n<\/picture>                                    <\/div>\n                        <div class=\"mco-b2-hero-block-image-container-two\">\n                            <\/div>\n        <\/div>\n\n        <div class=\"mco-b2-hero-block-content-section\">\n                        \n                            <h1>Was ist pulmonale Hypertonie?<\/h1>\n            \n                            <div class=\"mco-b2-hero-block-description\"><p style=\"font-weight: 400\">Als pulmonale Hypertonie (PH) wird ein erh\u00f6hter Blutdruck im Lungengef\u00e4\u00dfsystem bezeichnet. Dabei handelt es sich um eine chronische Erkrankung, die lebenslang andauern kann. Medizinisch betrachtet spricht man von einer PH, wenn der mittlere Blutdruck in der Lungenarterie in Ruhe h\u00f6her als 20 mmHg ist. Normalerweise liegt der mittlere Blutdruck in der Lungenarterie zwischen 8 und 20 mmHg. Eine Folge des erh\u00f6hten Blutdrucks in den Lungengef\u00e4\u00dfen ist der Verlust der Elastizit\u00e4t des Herzens, was zu einem Rechtsherzversagen f\u00fchren kann.<\/p>\n<\/div>\n            \n                    <\/div>\n    <\/div>\n\n    \n<\/div>\n\n\n<div id=\"mco-title-block-block_50d480979fe56bed818ffe8816d98748\" \n\t class=\"mco-title-block mccberg-block aligncenter\" \n\t \t >\n\t<div class=\"wrapper\">\n\t\t<div class=\"mco-title-block-content\">\n\t\t\t\n\t\t\t<h2 class=\"mco-title-block-title\">Symptome der pulmonalen Hypertonie<\/h2>\n\n\t\t\t\t\t\t\t<p class=\"mco-title-block-description\"><p style=\"font-weight: 400\">Die bei PH auftretenden Symptome werden vorrangig durch eine fortschreitende Dysfunktion des rechten Herzens verursacht. Die Symptome k\u00f6nnen ebenfalls bei anderen Krankheitsbildern auftreten.<\/p>\n<p style=\"font-weight: 400\">Folgende Symptome k\u00f6nnen anfangs unter Belastung und bei fortschreitender Erkrankung auch in Ruhe auftreten:<\/p>\n<ul>\n<li style=\"text-align: left\">Atemnot bei Belastung und\/oder bei Beugung nach vorne<\/li>\n<li style=\"text-align: left\">Schnelle Ersch\u00f6pfung<\/li>\n<li style=\"text-align: left\">Empfindung verst\u00e4rkter, meist beschleunigter und unregelm\u00e4\u00dfiger Herzaktionen<\/li>\n<li style=\"text-align: left\">Leichte Blutbeimischung beim Aushusten (H\u00e4moptyse)<\/li>\n<li style=\"text-align: left\">Bl\u00e4hungen und \u00dcbelkeit ausgel\u00f6st durch Bewegung<\/li>\n<li style=\"text-align: left\">Gewichtszunahme aufgrund von Wassereinlagerung<\/li>\n<li style=\"text-align: left\">Ohnmacht (Synkope) w\u00e4hrend oder nach k\u00f6rperlicher Anstrengung<\/li>\n<\/ul>\n<\/p>\n\t\t\t\t\t\t\n\t\t\t\t\t<\/div>\n\t<\/div>\n<\/div>\n\n<div id=\"mco-title-block-block_c4e0643089c265d99c79d778462bc936\" \n\t class=\"mco-title-block mccberg-block aligncenter\" \n\t \t >\n\t<div class=\"wrapper\">\n\t\t<div class=\"mco-title-block-content\">\n\t\t\t\n\t\t\t<h2 class=\"mco-title-block-title\">Therapiem\u00f6glichkeiten bei PAH<\/h2>\n\n\t\t\t\t\t\t\t<p class=\"mco-title-block-description\"><p>Anhand unterschiedlicher diagnostischer Parameter, wie z. B. den Ergebnissen des 6-Minuten-Gehtests und des Rechtsherzkatheters, wird in den PH-Zentren der Schweregrad der PAH ermittelt und der Krankheitsverlauf eingesch\u00e4tzt. Auf Grundlage dessen wird eine Therapie festgelegt.F\u00fcr das Erreichen der Therapieziele spielen neben den Medikamenten auch Schulungen und Beratungen eine wichtige Rolle.<\/p>\n<p>Jedes PAH-Medikament hat einen bestimmten Wirkmechanismus, der zur Senkung des Lungenhochdrucks f\u00fchren kann. Welches Medikament f\u00fcr Sie geeignet ist, entscheidet IhrArzt im PH-Zentrum. Dabei kann es sich um eine Behandlung mit einem Medikament oder gleichzeitig mitmehr als einem Medikament handeln.<\/p>\n<p>Eine Transplantation der Lunge bleibt eine wichtige Behandlungsoption f\u00fcr PAH-Patient:innen, die auf eine optimierte medikament\u00f6se Therapie nicht ansprechen.<\/p>\n<\/p>\n\t\t\t\t\t\t\n\t\t\t\t\t<\/div>\n\t<\/div>\n<\/div>\n\n<div id=\"mco-title-block-block_6154257fc8e4ecb1ed55066404f11676\" \n\t class=\"mco-title-block mccberg-block aligncenter\" \n\t \t >\n\t<div class=\"wrapper\">\n\t\t<div class=\"mco-title-block-content\">\n\t\t\t\n\t\t\t<h2 class=\"mco-title-block-title\">Was gibt es bei PH zu beachten?<\/h2>\n\n\t\t\t\t\t\t\n\t\t\t\t\t<\/div>\n\t<\/div>\n<\/div>\n\n\n<div class=\"wp-block-columns is-layout-flex wp-container-core-columns-is-layout-9d6595d7 wp-block-columns-is-layout-flex\">\n<div class=\"wp-block-column is-layout-flow wp-block-column-is-layout-flow\" style=\"flex-basis:32%\">\n<h2 class=\"wp-block-heading\">K\u00f6rperliche Aktivit\u00e4t<\/h2>\n<\/div>\n\n\n\n<div class=\"wp-block-column is-layout-flow wp-block-column-is-layout-flow\" style=\"flex-basis:66.66%\">\n<p>Es wird empfohlen, auch bei Lungenhochdruck k\u00f6rperlich aktiv zu sein, sich dabei aber nicht zu \u00fcberlasten. Wenn exzessive k\u00f6rperliche Anstrengung zu Atemnot oder Brustschmerzen f\u00fchrt, sollte sie vermieden bzw. abgebrochen werden. Ein k\u00f6rperliches Training und regelm\u00e4\u00dfige Bewegung sollten Sie immer mit Ihrem Arzt und f\u00fcr das Training von PH-Patient:innen ausgebildetem Fachpersonal besprechen.<\/p>\n<\/div>\n<\/div>\n\n\n\n<hr class=\"wp-block-separator has-alpha-channel-opacity\"\/>\n\n\n\n<div class=\"wp-block-columns is-layout-flex wp-container-core-columns-is-layout-9d6595d7 wp-block-columns-is-layout-flex\">\n<div class=\"wp-block-column is-layout-flow wp-block-column-is-layout-flow\" style=\"flex-basis:32%\">\n<h2 class=\"wp-block-heading\">Gesundheit<\/h2>\n<\/div>\n\n\n\n<div class=\"wp-block-column is-layout-flow wp-block-column-is-layout-flow\" style=\"flex-basis:66.66%\">\n<p>Zum generellen Gesundheitsschutz wird PH-Patient:innen eine Impfung gegen Pneumokokken, Grippe (Influenza) und SARSCoV2 empfohlen. Zudem steigt bei PH-Patient:innen h\u00e4ufig das Operationsrisiko. Wenn m\u00f6glich, sollte im Vorfeld von Operationen auch die medikament\u00f6se PH-Behandlung durch den behandelnden PH-Spezialisten gepr\u00fcft und optimiert werden.<\/p>\n<\/div>\n<\/div>\n\n\n\n<hr class=\"wp-block-separator has-alpha-channel-opacity\"\/>\n\n\n\n<div class=\"wp-block-columns is-layout-flex wp-container-core-columns-is-layout-9d6595d7 wp-block-columns-is-layout-flex\">\n<div class=\"wp-block-column is-layout-flow wp-block-column-is-layout-flow\" style=\"flex-basis:32%\">\n<h2 class=\"wp-block-heading\">Schwangerschaft<\/h2>\n<\/div>\n\n\n\n<div class=\"wp-block-column is-layout-flow wp-block-column-is-layout-flow\" style=\"flex-basis:66.66%\">\n<p>Das Thema Schwangerschaft ist ein sensibles Thema &#8211; insbesondere bei Kinderwunsch. Als PH-Patientin sollte eine Schwangerschaft vermieden werden, da diese mit einem hohen Risiko f\u00fcr Komplikationen verbunden ist. Sprechen Sie mit Ihrem behandelnden Arzt, wenn Sie sich psychologische Unterst\u00fctzung zu diesem Thema w\u00fcnschen.<\/p>\n<\/div>\n<\/div>\n\n\n\n<hr class=\"wp-block-separator has-alpha-channel-opacity\"\/>\n\n\n\n<div class=\"wp-block-columns is-layout-flex wp-container-core-columns-is-layout-9d6595d7 wp-block-columns-is-layout-flex\">\n<div class=\"wp-block-column is-layout-flow wp-block-column-is-layout-flow\" style=\"flex-basis:32%\">\n<h2 class=\"wp-block-heading\">Reisen<\/h2>\n<\/div>\n\n\n\n<div class=\"wp-block-column is-layout-flow wp-block-column-is-layout-flow\" style=\"flex-basis:66.66%\">\n<p>Besprechen Sie Ihre Reisepl\u00e4ne mit Ihrem Arzt. Dieser kann anhand Ihres Gesundheitszustandes entscheiden, ob eine Reise m\u00f6glich ist, und Sie \u00fcber verschiedene Vorsichtsma\u00dfnahmen aufkl\u00e4ren.<\/p>\n<\/div>\n<\/div>\n\n\n\n<p class=\"has-text-align-right\" style=\"font-size:11px\">AT-NON-02524, Erstellt J\u00e4nner 2025<\/p>\n","protected":false},"excerpt":{"rendered":"<p>K\u00f6rperliche Aktivit\u00e4t Es wird empfohlen, auch bei Lungenhochdruck k\u00f6rperlich aktiv zu sein, sich dabei aber nicht zu \u00fcberlasten. Wenn exzessive k\u00f6rperliche Anstrengung zu Atemnot oder Brustschmerzen f\u00fchrt, sollte sie vermieden bzw. abgebrochen werden. Ein k\u00f6rperliches Training und regelm\u00e4\u00dfige Bewegung sollten Sie immer mit Ihrem Arzt und f\u00fcr das Training von PH-Patient:innen ausgebildetem Fachpersonal besprechen. Gesundheit [&hellip;]<\/p>\n","protected":false},"author":883,"featured_media":0,"parent":0,"menu_order":0,"comment_status":"closed","ping_status":"closed","template":"","meta":{"_acf_changed":false,"bdl_company_name":[],"bdl_item_external_link":[],"editor_notices":[],"footnotes":""},"class_list":["post-5282","page","type-page","status-publish","hentry"],"yoast_head":"<!-- This site is optimized with the Yoast SEO plugin v21.9.1 - https:\/\/yoast.com\/wordpress\/plugins\/seo\/ -->\n<title>Lungenhochdruck - MSD<\/title>\n<meta name=\"robots\" content=\"index, follow, max-snippet:-1, max-image-preview:large, max-video-preview:-1\" \/>\n<link rel=\"canonical\" href=\"https:\/\/www.msd.at\/de\/lungenhochdruck\/\" \/>\n<meta property=\"og:locale\" content=\"en_US\" \/>\n<meta property=\"og:type\" content=\"article\" \/>\n<meta property=\"og:title\" content=\"Lungenhochdruck - MSD\" \/>\n<meta property=\"og:description\" content=\"K\u00f6rperliche Aktivit\u00e4t Es wird empfohlen, auch bei Lungenhochdruck k\u00f6rperlich aktiv zu sein, sich dabei aber nicht zu \u00fcberlasten. Wenn exzessive k\u00f6rperliche Anstrengung zu Atemnot oder Brustschmerzen f\u00fchrt, sollte sie vermieden bzw. abgebrochen werden. Ein k\u00f6rperliches Training und regelm\u00e4\u00dfige Bewegung sollten Sie immer mit Ihrem Arzt und f\u00fcr das Training von PH-Patient:innen ausgebildetem Fachpersonal besprechen. Gesundheit [&hellip;]\" \/>\n<meta property=\"og:url\" content=\"https:\/\/www.msd.at\/de\/lungenhochdruck\/\" \/>\n<meta property=\"og:site_name\" content=\"MSD\" \/>\n<meta property=\"article:modified_time\" content=\"2025-02-03T11:11:38+00:00\" \/>\n<meta name=\"twitter:card\" content=\"summary_large_image\" \/>\n<meta name=\"twitter:label1\" content=\"Est. reading time\" \/>\n\t<meta name=\"twitter:data1\" content=\"1 minute\" \/>\n<script type=\"application\/ld+json\" class=\"yoast-schema-graph\">{\"@context\":\"https:\/\/schema.org\",\"@graph\":[{\"@type\":\"WebPage\",\"@id\":\"https:\/\/www.msd.at\/de\/lungenhochdruck\/\",\"url\":\"https:\/\/www.msd.at\/de\/lungenhochdruck\/\",\"name\":\"Lungenhochdruck - MSD\",\"isPartOf\":{\"@id\":\"https:\/\/www.msd.at\/de\/#website\"},\"datePublished\":\"2024-08-08T09:16:33+00:00\",\"dateModified\":\"2025-02-03T11:11:38+00:00\",\"inLanguage\":\"en-US\",\"potentialAction\":[{\"@type\":\"ReadAction\",\"target\":[\"https:\/\/www.msd.at\/de\/lungenhochdruck\/\"]}]},{\"@type\":\"WebSite\",\"@id\":\"https:\/\/www.msd.at\/de\/#website\",\"url\":\"https:\/\/www.msd.at\/de\/\",\"name\":\"MSD\",\"description\":\"Just another vip2-msd.com site\",\"potentialAction\":[{\"@type\":\"SearchAction\",\"target\":{\"@type\":\"EntryPoint\",\"urlTemplate\":\"https:\/\/www.msd.at\/de\/?s={search_term_string}\"},\"query-input\":\"required name=search_term_string\"}],\"inLanguage\":\"en-US\"}]}<\/script>\n<!-- \/ Yoast SEO plugin. -->","yoast_head_json":{"title":"Lungenhochdruck - MSD","robots":{"index":"index","follow":"follow","max-snippet":"max-snippet:-1","max-image-preview":"max-image-preview:large","max-video-preview":"max-video-preview:-1"},"canonical":"https:\/\/www.msd.at\/de\/lungenhochdruck\/","og_locale":"en_US","og_type":"article","og_title":"Lungenhochdruck - MSD","og_description":"K\u00f6rperliche Aktivit\u00e4t Es wird empfohlen, auch bei Lungenhochdruck k\u00f6rperlich aktiv zu sein, sich dabei aber nicht zu \u00fcberlasten. Wenn exzessive k\u00f6rperliche Anstrengung zu Atemnot oder Brustschmerzen f\u00fchrt, sollte sie vermieden bzw. abgebrochen werden. Ein k\u00f6rperliches Training und regelm\u00e4\u00dfige Bewegung sollten Sie immer mit Ihrem Arzt und f\u00fcr das Training von PH-Patient:innen ausgebildetem Fachpersonal besprechen. Gesundheit [&hellip;]","og_url":"https:\/\/www.msd.at\/de\/lungenhochdruck\/","og_site_name":"MSD","article_modified_time":"2025-02-03T11:11:38+00:00","twitter_card":"summary_large_image","twitter_misc":{"Est. reading time":"1 minute"},"schema":{"@context":"https:\/\/schema.org","@graph":[{"@type":"WebPage","@id":"https:\/\/www.msd.at\/de\/lungenhochdruck\/","url":"https:\/\/www.msd.at\/de\/lungenhochdruck\/","name":"Lungenhochdruck - MSD","isPartOf":{"@id":"https:\/\/www.msd.at\/de\/#website"},"datePublished":"2024-08-08T09:16:33+00:00","dateModified":"2025-02-03T11:11:38+00:00","inLanguage":"en-US","potentialAction":[{"@type":"ReadAction","target":["https:\/\/www.msd.at\/de\/lungenhochdruck\/"]}]},{"@type":"WebSite","@id":"https:\/\/www.msd.at\/de\/#website","url":"https:\/\/www.msd.at\/de\/","name":"MSD","description":"Just another vip2-msd.com site","potentialAction":[{"@type":"SearchAction","target":{"@type":"EntryPoint","urlTemplate":"https:\/\/www.msd.at\/de\/?s={search_term_string}"},"query-input":"required name=search_term_string"}],"inLanguage":"en-US"}]}},"acf":[],"_links":{"self":[{"href":"https:\/\/www.msd.at\/de\/wp-json\/wp\/v2\/pages\/5282","targetHints":{"allow":["GET"]}}],"collection":[{"href":"https:\/\/www.msd.at\/de\/wp-json\/wp\/v2\/pages"}],"about":[{"href":"https:\/\/www.msd.at\/de\/wp-json\/wp\/v2\/types\/page"}],"author":[{"embeddable":true,"href":"https:\/\/www.msd.at\/de\/wp-json\/wp\/v2\/users\/883"}],"replies":[{"embeddable":true,"href":"https:\/\/www.msd.at\/de\/wp-json\/wp\/v2\/comments?post=5282"}],"version-history":[{"count":36,"href":"https:\/\/www.msd.at\/de\/wp-json\/wp\/v2\/pages\/5282\/revisions"}],"predecessor-version":[{"id":5703,"href":"https:\/\/www.msd.at\/de\/wp-json\/wp\/v2\/pages\/5282\/revisions\/5703"}],"wp:attachment":[{"href":"https:\/\/www.msd.at\/de\/wp-json\/wp\/v2\/media?parent=5282"}],"curies":[{"name":"wp","href":"https:\/\/api.w.org\/{rel}","templated":true}]}}