{"id":5213,"date":"2024-07-17T09:25:14","date_gmt":"2024-07-17T09:25:14","guid":{"rendered":"https:\/\/www.msd.at\/de\/?page_id=5213"},"modified":"2024-11-27T10:24:12","modified_gmt":"2024-11-27T10:24:12","slug":"faqs-zur-karriere-bei-msd","status":"publish","type":"page","link":"https:\/\/www.msd.at\/de\/faqs-zur-karriere-bei-msd\/","title":{"rendered":"FAQs zur Karriere bei MSD"},"content":{"rendered":"\n<div id=\"mco-b2-hero-block-block_84abd95c40a2d534cf81eb4891fd00c0\" class=\"mco-b2-hero-block full mccberg-block\">\n    <div class=\"mco-b2-hero-block-wrapper\">\n        <div class=\"mco-b2-hero-block-image-section \">\n\n                            <div class=\"mco-b2-hero-block-image-container \">\n                    <picture >\n\t<source media=\"(max-width: 767px)\" data-srcset=\"https:\/\/www.msd.at\/de\/wp-content\/uploads\/sites\/91\/2024\/07\/karriere_faq_Employees.jpg?w=768\" srcset=\"https:\/\/www.msd.at\/de\/wp-content\/uploads\/sites\/91\/2024\/07\/karriere_faq_Employees.jpg?w=768\" >\n<source media=\"(min-width: 768px) and (max-width: 1199px)\" data-srcset=\"https:\/\/www.msd.at\/de\/wp-content\/uploads\/sites\/91\/2024\/07\/karriere_faq_Employees.jpg?h=768\" srcset=\"https:\/\/www.msd.at\/de\/wp-content\/uploads\/sites\/91\/2024\/07\/karriere_faq_Employees.jpg?h=768\" >\n<source media=\"(min-width: 1200px) and (max-width: 1919px)\" data-srcset=\"https:\/\/www.msd.at\/de\/wp-content\/uploads\/sites\/91\/2024\/07\/karriere_faq_Employees.jpg?w=1200\" srcset=\"https:\/\/www.msd.at\/de\/wp-content\/uploads\/sites\/91\/2024\/07\/karriere_faq_Employees.jpg?w=1200\" >\n<source media=\"(min-width: 1920px)\" data-srcset=\"https:\/\/www.msd.at\/de\/wp-content\/uploads\/sites\/91\/2024\/07\/karriere_faq_Employees.jpg?w=1920\" srcset=\"https:\/\/www.msd.at\/de\/wp-content\/uploads\/sites\/91\/2024\/07\/karriere_faq_Employees.jpg?w=1920\" >\n\t<img data-src=\"https:\/\/www.msd.at\/de\/wp-content\/uploads\/sites\/91\/2024\/07\/karriere_faq_Employees.jpg?w=1920\" alt=\"\" class=\"eager \" loading=\"eager\" \/>\n<\/picture>                                    <\/div>\n                        <div class=\"mco-b2-hero-block-image-container-two\">\n                            <\/div>\n        <\/div>\n\n        <div class=\"mco-b2-hero-block-content-section\">\n                        \n                            <h1>FAQs zur Karriere bei MSD<\/h1>\n            \n                            <div class=\"mco-b2-hero-block-description\"><p>Du hast noch Fragen zum Bewerbungsprozess? Die Antworten auf die am h\u00e4ufigsten gestellten Fragen findest du hier!<\/p>\n<\/div>\n            \n                    <\/div>\n    <\/div>\n\n    \n<\/div>\n\n\n\n<div data-type=\"multiple\" itemscope itemtype=\"https:\/\/schema.org\/FAQPage\" id=\"accordion_list_block_8961a0a2baaf16ee57d30710d1841340\" class=\"b6-accordion-list mccberg-block\">\n    \n    <div class=\"b6-accordion-list-block-heading\">\n        <h2>\n            <span>FAQs<\/span>\n        <\/h2>\n                    <button\n                class=\"btn tertiary b6-accordion-list-toggle-expand\"\n                data-open-text=\"Alle anzeigen\"\n                data-close-text=\"Alle verbergen\"\n                aria-label=\"Alle anzeigen\"\n            >\n                <span class=\"open-text\">Alle anzeigen<\/span>\n                <span class=\"close-text\">Alle verbergen<\/span>\n            <\/button>\n            <\/div>\n\n                        <div itemscope itemprop=\"mainEntity\" itemtype=\"https:\/\/schema.org\/Question\" class=\"b6-accordion-list-item\">\n                <details  id=\"mcc_details_id_1\" class=\"b6-accordion-list-item-details\">\n                    <summary itemprop=\"name\"  class=\"b6-accordion-list-item-summary\">\n                        <h5 class= 'b6-accordion-list-item-summary-heading'>Wie kann ich mich bei MSD bewerben?<\/h5>                    <\/summary>\n                    <div itemscope itemprop=\"acceptedAnswer\" itemtype=\"https:\/\/schema.org\/Answer\"  class=\"b6-accordion-list-item-content\">\n                        <div itemprop=\"text\" ><p>MSD hat mit dem Online-Karriereportal einen international einheitlichen Bewerbungsprozess etabliert. Wenn du dich als Fach- oder F\u00fchrungskraft f\u00fcr eine ausgeschriebene Position bei MSD interessierst, bewirb dich bitte immer direkt \u00fcber das Karriereportal auf die jeweilige Vakanz. Daf\u00fcr musst du zun\u00e4chst ein pers\u00f6nliches Profil erstellen. Bitte habe Verst\u00e4ndnis daf\u00fcr, dass wir (Initiativ-) Bewerbungen, die uns auf anderem Wege, z. B. per Post oder E-Mail, \u00fcbermittelt werden, nicht bearbeiten k\u00f6nnen. Sind f\u00fcr dich aktuell keine passenden Stellen gelistet, kannst du dein Profil \u00fcber &#8220;Sign Up Now&#8221; in die MSD Talent Community einstellen. Anhand deiner gespeicherten Suchkriterien wirst du automatisch per E-Mail benachrichtigt, wenn eine f\u00fcr dich interessante Position ausgeschrieben wird.<\/p>\n<\/div>\n                                            <\/div>\n                <\/details>\n                <hr \/>\n            <\/div>\n                    <div itemscope itemprop=\"mainEntity\" itemtype=\"https:\/\/schema.org\/Question\" class=\"b6-accordion-list-item\">\n                <details  id=\"mcc_details_id_2\" class=\"b6-accordion-list-item-details\">\n                    <summary itemprop=\"name\"  class=\"b6-accordion-list-item-summary\">\n                        <h5 class= 'b6-accordion-list-item-summary-heading'>Welche Unterlagen muss ich einreichen?<\/h5>                    <\/summary>\n                    <div itemscope itemprop=\"acceptedAnswer\" itemtype=\"https:\/\/schema.org\/Answer\"  class=\"b6-accordion-list-item-content\">\n                        <div itemprop=\"text\" ><p>Wir freuen uns, wenn du uns neben deinem Lebenslauf und (Arbeits-) Zeugnissen auch ein aussagekr\u00e4ftiges Motivationsschreiben \u00fcbermittelst.<\/p>\n<\/div>\n                                            <\/div>\n                <\/details>\n                <hr \/>\n            <\/div>\n                    <div itemscope itemprop=\"mainEntity\" itemtype=\"https:\/\/schema.org\/Question\" class=\"b6-accordion-list-item\">\n                <details  id=\"mcc_details_id_3\" class=\"b6-accordion-list-item-details\">\n                    <summary itemprop=\"name\"  class=\"b6-accordion-list-item-summary\">\n                        <h5 class= 'b6-accordion-list-item-summary-heading'>Welche Dateiformate kann ich in das MSD-Karriereportal einstellen?<\/h5>                    <\/summary>\n                    <div itemscope itemprop=\"acceptedAnswer\" itemtype=\"https:\/\/schema.org\/Answer\"  class=\"b6-accordion-list-item-content\">\n                        <div itemprop=\"text\" ><p>Das System akzeptiert zahlreiche Dateiformate, einschlie\u00dflich PDF und Microsoft Word, nicht jedoch .zip oder .odt. Bitte beachte, dass die Gr\u00f6\u00dfe einzelner Dokumente bzw. Dateien 5 MB nicht \u00fcberschreiten darf.<\/p>\n<\/div>\n                                            <\/div>\n                <\/details>\n                <hr \/>\n            <\/div>\n                    <div itemscope itemprop=\"mainEntity\" itemtype=\"https:\/\/schema.org\/Question\" class=\"b6-accordion-list-item\">\n                <details  id=\"mcc_details_id_4\" class=\"b6-accordion-list-item-details\">\n                    <summary itemprop=\"name\"  class=\"b6-accordion-list-item-summary\">\n                        <h5 class= 'b6-accordion-list-item-summary-heading'>Sind meine pers\u00f6nlichen Daten sicher?<\/h5>                    <\/summary>\n                    <div itemscope itemprop=\"acceptedAnswer\" itemtype=\"https:\/\/schema.org\/Answer\"  class=\"b6-accordion-list-item-content\">\n                        <div itemprop=\"text\" ><p>Wir nehmen den Schutz deiner Daten sehr ernst. Bitte lese hierzu die Datenschutzerkl\u00e4rung von MSD und die Nutzungsbedingungen f\u00fcr das Karriereportal. Bewerber:innen m\u00fcssen vor der \u00dcbermittlung ihrer Bewerbung diesen Bedingungen zustimmen.<\/p>\n<\/div>\n                                            <\/div>\n                <\/details>\n                <hr \/>\n            <\/div>\n                    <div itemscope itemprop=\"mainEntity\" itemtype=\"https:\/\/schema.org\/Question\" class=\"b6-accordion-list-item\">\n                <details  id=\"mcc_details_id_5\" class=\"b6-accordion-list-item-details\">\n                    <summary itemprop=\"name\"  class=\"b6-accordion-list-item-summary\">\n                        <h5 class= 'b6-accordion-list-item-summary-heading'>Kann ich meine pers\u00f6nlichen Daten l\u00f6schen?<\/h5>                    <\/summary>\n                    <div itemscope itemprop=\"acceptedAnswer\" itemtype=\"https:\/\/schema.org\/Answer\"  class=\"b6-accordion-list-item-content\">\n                        <div itemprop=\"text\" ><p>Du hast das Recht und die M\u00f6glichkeit, jederzeit auf die in deinem pers\u00f6nlichen Profil hinterlegten Daten zuzugreifen, diese zu ver\u00e4ndern bzw. zu korrigieren oder zu l\u00f6schen. Solltest du nicht pers\u00f6nlich eine L\u00f6schung deiner Daten vornehmen wollen, schreibe bitte an die in der Datenschutzerkl\u00e4rung hinterlegte E-Mail-Adresse des Datenschutzbeauftragten (<a href=\"mailto:euprivacydpo@msd.com\">euprivacydpo@msd.com<\/a>) und veranlasse so die L\u00f6schung deiner pers\u00f6nlichen Daten.<\/p>\n<\/div>\n                                            <\/div>\n                <\/details>\n                <hr \/>\n            <\/div>\n                    <div itemscope itemprop=\"mainEntity\" itemtype=\"https:\/\/schema.org\/Question\" class=\"b6-accordion-list-item\">\n                <details  id=\"mcc_details_id_6\" class=\"b6-accordion-list-item-details\">\n                    <summary itemprop=\"name\"  class=\"b6-accordion-list-item-summary\">\n                        <h5 class= 'b6-accordion-list-item-summary-heading'>Was geschieht mit meiner Bewerbung, nachdem ich sie in das MSD-Karriereportal eingestellt habe? <\/h5>                    <\/summary>\n                    <div itemscope itemprop=\"acceptedAnswer\" itemtype=\"https:\/\/schema.org\/Answer\"  class=\"b6-accordion-list-item-content\">\n                        <div itemprop=\"text\" ><p>Mit Abschluss deiner Bewerbung erh\u00e4ltst du eine systemgenerierte E-Mail an die von dir angegebene E-Mail-Adresse, mit der die erfolgreiche \u00dcbermittlung deiner Bewerbung best\u00e4tigt wird. Unsere Talent Acquisition Advisor \u00fcberpr\u00fcfen regelm\u00e4\u00dfig alle eingegangenen Bewerbungen. Entsprechen deine Qualifikationen und Erfahrungen den Anforderungen an eine vakante Position, wirst du von uns telefonisch und\/oder per E-Mail kontaktiert.<\/p>\n<\/div>\n                                            <\/div>\n                <\/details>\n                <hr \/>\n            <\/div>\n                    <div itemscope itemprop=\"mainEntity\" itemtype=\"https:\/\/schema.org\/Question\" class=\"b6-accordion-list-item\">\n                <details  id=\"mcc_details_id_7\" class=\"b6-accordion-list-item-details\">\n                    <summary itemprop=\"name\"  class=\"b6-accordion-list-item-summary\">\n                        <h5 class= 'b6-accordion-list-item-summary-heading'>Wann bekomme ich eine R\u00fcckmeldung zu meiner Bewerbung?<\/h5>                    <\/summary>\n                    <div itemscope itemprop=\"acceptedAnswer\" itemtype=\"https:\/\/schema.org\/Answer\"  class=\"b6-accordion-list-item-content\">\n                        <div itemprop=\"text\" ><p>\u00dcblicherweise bekommst du nach sp\u00e4testens drei Wochen eine R\u00fcckmeldung. Geschieht dies nicht, konnten wir deine Bewerbung zu diesem Zeitpunkt leider nicht ber\u00fccksichtigen. Unser Talent Acquisition Team ist sehr bem\u00fcht, dir in diesem Fall eine schriftliche Absage zu schicken. Wir werden deine Bewerbung jedoch in unseren Systemen behalten, um dich ggf. bei zuk\u00fcnftigen Vakanzen ber\u00fccksichtigen zu k\u00f6nnen. Hierf\u00fcr ist es sinnvoll, wenn du von Zeit zu Zeit dein Profil in unserem Karriereportal auf Aktualit\u00e4t pr\u00fcfst und ggf. erg\u00e4nzt. Erfolgt keine Aktualisierung und solltest du die L\u00f6schung deiner Daten nicht veranlassen, wird deine Bewerbung nach zwei Jahren automatisch gel\u00f6scht.<\/p>\n<\/div>\n                                            <\/div>\n                <\/details>\n                <hr \/>\n            <\/div>\n                    <div itemscope itemprop=\"mainEntity\" itemtype=\"https:\/\/schema.org\/Question\" class=\"b6-accordion-list-item\">\n                <details  id=\"mcc_details_id_8\" class=\"b6-accordion-list-item-details\">\n                    <summary itemprop=\"name\"  class=\"b6-accordion-list-item-summary\">\n                        <h5 class= 'b6-accordion-list-item-summary-heading'>Was passiert nach einer positiven R\u00fcckmeldung?<\/h5>                    <\/summary>\n                    <div itemscope itemprop=\"acceptedAnswer\" itemtype=\"https:\/\/schema.org\/Answer\"  class=\"b6-accordion-list-item-content\">\n                        <div itemprop=\"text\" ><p>Viele unserer Rekrutierungsprozesse beginnen mit einem Telefonat zwischen dir und einem unserer Talent Acquisition Advisor oder dem zust\u00e4ndigen Vorgesetzten. In manchen F\u00e4llen laden wir interessante Kandidat:innen direkt zu einem bzw. zwei pers\u00f6nlichen Gespr\u00e4chen am Standort ein. Abh\u00e4ngig von der zu besetzenden Position hast du die M\u00f6glichkeit, neben dem potenziellen Vorgesetzten auch weitere MSD Kollegen:innen, zu denen Schnittstellen bestehen, kennenzulernen.<\/p>\n<\/div>\n                                            <\/div>\n                <\/details>\n                <hr \/>\n            <\/div>\n                    <div itemscope itemprop=\"mainEntity\" itemtype=\"https:\/\/schema.org\/Question\" class=\"b6-accordion-list-item\">\n                <details  id=\"mcc_details_id_9\" class=\"b6-accordion-list-item-details\">\n                    <summary itemprop=\"name\"  class=\"b6-accordion-list-item-summary\">\n                        <h5 class= 'b6-accordion-list-item-summary-heading'>Ich suche eine Ausbildungs-, Praktikanten- oder Werkstudentenstelle \u2013 wie kann ich mich hierf\u00fcr bewerben? <\/h5>                    <\/summary>\n                    <div itemscope itemprop=\"acceptedAnswer\" itemtype=\"https:\/\/schema.org\/Answer\"  class=\"b6-accordion-list-item-content\">\n                        <div itemprop=\"text\" ><p>Wir bieten Student:innen, Absolvent:innen und angehenden Auszubildenden die M\u00f6glichkeit, in verschiedenen Bereichen bei MSD erste berufliche Erfahrungen zu sammeln. Freie Ausbildungsstellen, Praktikantenpl\u00e4tze und Werkstudentent\u00e4tigkeiten werden auf unserer offiziellen Jobb\u00f6rse <a href=\"https:\/\/jobs.msd.com\/austria\">Welcome to MSD Austria | MSD Careers<\/a> ver\u00f6ffentlicht.<\/p>\n<\/div>\n                                            <\/div>\n                <\/details>\n                <hr \/>\n            <\/div>\n                    <div itemscope itemprop=\"mainEntity\" itemtype=\"https:\/\/schema.org\/Question\" class=\"b6-accordion-list-item\">\n                <details  id=\"mcc_details_id_10\" class=\"b6-accordion-list-item-details\">\n                    <summary itemprop=\"name\"  class=\"b6-accordion-list-item-summary\">\n                        <h5 class= 'b6-accordion-list-item-summary-heading'>Kann ich meine Bewerbung pers\u00f6nlich an einem MSD-Standort abgeben?<\/h5>                    <\/summary>\n                    <div itemscope itemprop=\"acceptedAnswer\" itemtype=\"https:\/\/schema.org\/Answer\"  class=\"b6-accordion-list-item-content\">\n                        <div itemprop=\"text\" ><p>Leider k\u00f6nnen pers\u00f6nlich abgegebene oder per E-Mail bzw. postalisch verschickte Bewerbungen nicht bearbeitet werden. Bitte beachte die obigen Punkte. Wir bitten um Verst\u00e4ndnis, dass wir deine Bewerbung im Hinblick auf aktuelle oder zuk\u00fcnftige Vakanzen nur dann ber\u00fccksichtigen k\u00f6nnen, wenn du diese direkt \u00fcber unser Online-Karriereportal einstellst.<\/p>\n<\/div>\n                                            <\/div>\n                <\/details>\n                <hr \/>\n            <\/div>\n                    <div itemscope itemprop=\"mainEntity\" itemtype=\"https:\/\/schema.org\/Question\" class=\"b6-accordion-list-item\">\n                <details  id=\"mcc_details_id_11\" class=\"b6-accordion-list-item-details\">\n                    <summary itemprop=\"name\"  class=\"b6-accordion-list-item-summary\">\n                        <h5 class= 'b6-accordion-list-item-summary-heading'>Derzeit sind keine f\u00fcr mich passenden Stellen gelistet. Kann ich meine Bewerbung dennoch in das Karriereportal einstellen, um f\u00fcr zuk\u00fcnftige Stellen ber\u00fccksichtigt zu werden?<\/h5>                    <\/summary>\n                    <div itemscope itemprop=\"acceptedAnswer\" itemtype=\"https:\/\/schema.org\/Answer\"  class=\"b6-accordion-list-item-content\">\n                        <div itemprop=\"text\" ><p>Ja. Du kannst dich bei MSD auch allgemein bewerben, um bei zuk\u00fcnftigen Vakanzen ber\u00fccksichtigt zu werden. Bitte registriere dich bzw. melde dich an und erstelle dein Profil unter &#8220;Applicant Sign-In&#8221;. Sind f\u00fcr dich aktuell keine passenden Stellen gelistet, kannst du dein Profil \u00fcber &#8220;Sign Up Now&#8221; in die &#8220;<a href=\"https:\/\/jobs.msd.com\/gb\/en\/jointalentcommunity\" target=\"_blank\" rel=\"noopener\">MSD Talent Community<\/a>&#8221; einstellen. Anhand deiner gespeicherten Suchkriterien wirst du automatisch per E-Mail benachrichtigt, wenn eine f\u00fcr dich interessante Position ausgeschrieben wird.<\/p>\n<\/div>\n                                            <\/div>\n                <\/details>\n                <hr \/>\n            <\/div>\n            <\/div>\n\n\n<p class=\"has-text-align-right\" style=\"font-size:11px\">AT-NON-02495, Erstellt August 2024<\/p>\n","protected":false},"excerpt":{"rendered":"<p>AT-NON-02495, Erstellt August 2024<\/p>\n","protected":false},"author":883,"featured_media":0,"parent":0,"menu_order":0,"comment_status":"closed","ping_status":"closed","template":"","meta":{"_acf_changed":false,"bdl_company_name":[],"bdl_item_external_link":[],"editor_notices":[],"footnotes":""},"class_list":["post-5213","page","type-page","status-publish","hentry"],"yoast_head":"<!-- This site is optimized with the Yoast SEO plugin v21.9.1 - https:\/\/yoast.com\/wordpress\/plugins\/seo\/ -->\n<title>FAQs zur Karriere bei MSD - MSD<\/title>\n<meta name=\"robots\" content=\"index, follow, max-snippet:-1, max-image-preview:large, max-video-preview:-1\" \/>\n<link rel=\"canonical\" href=\"https:\/\/www.msd.at\/de\/faqs-zur-karriere-bei-msd\/\" \/>\n<meta property=\"og:locale\" content=\"en_US\" \/>\n<meta property=\"og:type\" content=\"article\" \/>\n<meta property=\"og:title\" content=\"FAQs zur Karriere bei MSD - MSD\" \/>\n<meta property=\"og:description\" content=\"AT-NON-02495, Erstellt August 2024\" \/>\n<meta property=\"og:url\" content=\"https:\/\/www.msd.at\/de\/faqs-zur-karriere-bei-msd\/\" \/>\n<meta property=\"og:site_name\" content=\"MSD\" \/>\n<meta property=\"article:modified_time\" content=\"2024-11-27T10:24:12+00:00\" \/>\n<meta name=\"twitter:card\" content=\"summary_large_image\" \/>\n<meta name=\"twitter:label1\" content=\"Est. reading time\" \/>\n\t<meta name=\"twitter:data1\" content=\"1 minute\" \/>\n<script type=\"application\/ld+json\" class=\"yoast-schema-graph\">{\"@context\":\"https:\/\/schema.org\",\"@graph\":[{\"@type\":\"WebPage\",\"@id\":\"https:\/\/www.msd.at\/de\/faqs-zur-karriere-bei-msd\/\",\"url\":\"https:\/\/www.msd.at\/de\/faqs-zur-karriere-bei-msd\/\",\"name\":\"FAQs zur Karriere bei MSD - MSD\",\"isPartOf\":{\"@id\":\"https:\/\/www.msd.at\/de\/#website\"},\"datePublished\":\"2024-07-17T09:25:14+00:00\",\"dateModified\":\"2024-11-27T10:24:12+00:00\",\"inLanguage\":\"en-US\",\"potentialAction\":[{\"@type\":\"ReadAction\",\"target\":[\"https:\/\/www.msd.at\/de\/faqs-zur-karriere-bei-msd\/\"]}]},{\"@type\":\"WebSite\",\"@id\":\"https:\/\/www.msd.at\/de\/#website\",\"url\":\"https:\/\/www.msd.at\/de\/\",\"name\":\"MSD\",\"description\":\"Just another vip2-msd.com site\",\"potentialAction\":[{\"@type\":\"SearchAction\",\"target\":{\"@type\":\"EntryPoint\",\"urlTemplate\":\"https:\/\/www.msd.at\/de\/?s={search_term_string}\"},\"query-input\":\"required name=search_term_string\"}],\"inLanguage\":\"en-US\"}]}<\/script>\n<!-- \/ Yoast SEO plugin. -->","yoast_head_json":{"title":"FAQs zur Karriere bei MSD - MSD","robots":{"index":"index","follow":"follow","max-snippet":"max-snippet:-1","max-image-preview":"max-image-preview:large","max-video-preview":"max-video-preview:-1"},"canonical":"https:\/\/www.msd.at\/de\/faqs-zur-karriere-bei-msd\/","og_locale":"en_US","og_type":"article","og_title":"FAQs zur Karriere bei MSD - MSD","og_description":"AT-NON-02495, Erstellt August 2024","og_url":"https:\/\/www.msd.at\/de\/faqs-zur-karriere-bei-msd\/","og_site_name":"MSD","article_modified_time":"2024-11-27T10:24:12+00:00","twitter_card":"summary_large_image","twitter_misc":{"Est. reading time":"1 minute"},"schema":{"@context":"https:\/\/schema.org","@graph":[{"@type":"WebPage","@id":"https:\/\/www.msd.at\/de\/faqs-zur-karriere-bei-msd\/","url":"https:\/\/www.msd.at\/de\/faqs-zur-karriere-bei-msd\/","name":"FAQs zur Karriere bei MSD - MSD","isPartOf":{"@id":"https:\/\/www.msd.at\/de\/#website"},"datePublished":"2024-07-17T09:25:14+00:00","dateModified":"2024-11-27T10:24:12+00:00","inLanguage":"en-US","potentialAction":[{"@type":"ReadAction","target":["https:\/\/www.msd.at\/de\/faqs-zur-karriere-bei-msd\/"]}]},{"@type":"WebSite","@id":"https:\/\/www.msd.at\/de\/#website","url":"https:\/\/www.msd.at\/de\/","name":"MSD","description":"Just another vip2-msd.com site","potentialAction":[{"@type":"SearchAction","target":{"@type":"EntryPoint","urlTemplate":"https:\/\/www.msd.at\/de\/?s={search_term_string}"},"query-input":"required name=search_term_string"}],"inLanguage":"en-US"}]}},"acf":[],"_links":{"self":[{"href":"https:\/\/www.msd.at\/de\/wp-json\/wp\/v2\/pages\/5213","targetHints":{"allow":["GET"]}}],"collection":[{"href":"https:\/\/www.msd.at\/de\/wp-json\/wp\/v2\/pages"}],"about":[{"href":"https:\/\/www.msd.at\/de\/wp-json\/wp\/v2\/types\/page"}],"author":[{"embeddable":true,"href":"https:\/\/www.msd.at\/de\/wp-json\/wp\/v2\/users\/883"}],"replies":[{"embeddable":true,"href":"https:\/\/www.msd.at\/de\/wp-json\/wp\/v2\/comments?post=5213"}],"version-history":[{"count":26,"href":"https:\/\/www.msd.at\/de\/wp-json\/wp\/v2\/pages\/5213\/revisions"}],"predecessor-version":[{"id":5511,"href":"https:\/\/www.msd.at\/de\/wp-json\/wp\/v2\/pages\/5213\/revisions\/5511"}],"wp:attachment":[{"href":"https:\/\/www.msd.at\/de\/wp-json\/wp\/v2\/media?parent=5213"}],"curies":[{"name":"wp","href":"https:\/\/api.w.org\/{rel}","templated":true}]}}