{"id":4907,"date":"2024-02-12T13:02:58","date_gmt":"2024-02-12T13:02:58","guid":{"rendered":"https:\/\/www.msd.at\/de\/?page_id=4907"},"modified":"2025-07-09T13:39:05","modified_gmt":"2025-07-09T13:39:05","slug":"hpv-forderpreis","status":"publish","type":"page","link":"https:\/\/www.msd.at\/de\/hpv-forderpreis\/","title":{"rendered":"HPV F\u00f6rderpreis"},"content":{"rendered":"\n<div id=\"mco-b2-hero-block-block_bf60f421f0b4faafd729c462ac17f033\" class=\"mco-b2-hero-block full mccberg-block\">\n    <div class=\"mco-b2-hero-block-wrapper\">\n        <div class=\"mco-b2-hero-block-image-section \">\n                            <div class=\"mco-b2-hero-block-image-container \">\n                    <picture >\n\t<source media=\"(max-width: 767px)\" data-srcset=\"https:\/\/www.msd.at\/de\/wp-content\/uploads\/sites\/91\/2024\/02\/neues-Logo_gegen-hpv.jpg?w=768\" srcset=\"https:\/\/www.msd.at\/de\/wp-content\/uploads\/sites\/91\/2024\/02\/neues-Logo_gegen-hpv.jpg?w=768\" >\n<source media=\"(min-width: 768px) and (max-width: 1199px)\" data-srcset=\"https:\/\/www.msd.at\/de\/wp-content\/uploads\/sites\/91\/2024\/02\/neues-Logo_gegen-hpv.jpg?h=768\" srcset=\"https:\/\/www.msd.at\/de\/wp-content\/uploads\/sites\/91\/2024\/02\/neues-Logo_gegen-hpv.jpg?h=768\" >\n<source media=\"(min-width: 1200px) and (max-width: 1919px)\" data-srcset=\"https:\/\/www.msd.at\/de\/wp-content\/uploads\/sites\/91\/2024\/02\/neues-Logo_gegen-hpv.jpg?w=1200\" srcset=\"https:\/\/www.msd.at\/de\/wp-content\/uploads\/sites\/91\/2024\/02\/neues-Logo_gegen-hpv.jpg?w=1200\" >\n<source media=\"(min-width: 1920px)\" data-srcset=\"https:\/\/www.msd.at\/de\/wp-content\/uploads\/sites\/91\/2024\/02\/neues-Logo_gegen-hpv.jpg?w=1920\" srcset=\"https:\/\/www.msd.at\/de\/wp-content\/uploads\/sites\/91\/2024\/02\/neues-Logo_gegen-hpv.jpg?w=1920\" >\n\t<img data-src=\"https:\/\/www.msd.at\/de\/wp-content\/uploads\/sites\/91\/2024\/02\/neues-Logo_gegen-hpv.jpg?w=1920\" alt=\"Logo Gemeinsam gegen HPV\" class=\"eager \" loading=\"eager\" \/>\n<\/picture>                                    <\/div>\n                        <div class=\"mco-b2-hero-block-image-container-two\">\n                            <\/div>\n        <\/div>\n\n        <div class=\"mco-b2-hero-block-content-section\">\n                        \n                            <h1>Der HPV-F\u00f6rderpreis zur Aufkl\u00e4rung \u00fcber Humane Papillomaviren<\/h1>\n            \n                            <div class=\"mco-b2-hero-block-description\"><p style=\"font-weight: 400\">HPV steht f\u00fcr Humane Papillomaviren. Sie k\u00f6nnen bestimmte Krebsarten und Krebsvorstufen verursachen. Die WHO hat das Ziel ver\u00f6ffentlicht, durch <strong>HPV-Infektionen verursachten Geb\u00e4rmutterhalskrebs bis 2030 weltweit zu eliminieren.<\/strong><\/p>\n<\/div>\n            \n                    <\/div>\n    <\/div>\n\n    \n<\/div>\n\n\n\n<p>Der HPV-F\u00f6rderpreis zeichnet zukunftsorientierte Projekte oder Aktivit\u00e4ten aus, die konsequent auf die Steigerung von HPV-Awareness in&nbsp;<strong>verschiedenen Zielgruppen<\/strong>&nbsp;der \u00f6sterreichischen Bev\u00f6lkerung abzielen. Das Preisgeld des HPV-F\u00f6rderpreises wird von einem unabh\u00e4ngigen Expert:innenkomitee vergeben und betr\u00e4gt dieses Jahr insgesamt 40.000\u20ac. Pr\u00e4miert werden&nbsp;verschiedenste Projekte und Initiativen, die sich auf HPV-Pr\u00e4vention und Bewusstseinsschaffung fokussieren.<\/p>\n\n\n\n<p><strong>Die Einreichfrist f\u00fcr den HPV F\u00f6rderpreis endete am 30.Juni 2025. Eine Einreichung ist aktuell nicht m\u00f6glich. Erfahren Sie mehr zu den bisherigen Gewinner:innen <a href=\"https:\/\/www.msd.at\/de\/hpv-forderpreis-gewinner\/\" target=\"_blank\" rel=\"noreferrer noopener\">hier<\/a>.<\/strong><\/p>\n\n\n<div id=\"mco-title-block-block_456ffe8be676bb5e2fa95b228f4816e9\" \n\t class=\"mco-title-block mccberg-block aligncenter\" \n\t \t >\n\t<div class=\"wrapper\">\n\t\t<div class=\"mco-title-block-content\">\n\t\t\t\n\t\t\t<h2 class=\"mco-title-block-title\">Downloads<\/h2>\n\n\t\t\t\t\t\t\t<p class=\"mco-title-block-description\"><p>Hier finden Sie alle Unterlagen zur Ausschreibung des HPV-F\u00f6rderpreises 2025.<\/p>\n<p><a href=\"https:\/\/www.msd.at\/de\/wp-content\/uploads\/sites\/91\/2025\/03\/HPV-HCC-Forderpreis-Jury-Liste-2025.pdf\" target=\"_blank\" rel=\"noopener\">Jury-Kontaktliste<\/a><\/p>\n<p>&nbsp;<\/p>\n<\/p>\n\t\t\t\t\t\t\n\t\t\t\t\t<\/div>\n\t<\/div>\n<\/div>\n\n\n<div style=\"height:40px\" aria-hidden=\"true\" class=\"wp-block-spacer\"><\/div>\n\n\n\n<p class=\"has-text-align-right\" style=\"font-size:11px\">AT-GSL-00801, Erstellt Juli 2025<\/p>\n\n\n\n<p><\/p>\n","protected":false},"excerpt":{"rendered":"<p>Der HPV-F\u00f6rderpreis zeichnet zukunftsorientierte Projekte oder Aktivit\u00e4ten aus, die konsequent auf die Steigerung von HPV-Awareness in&nbsp;verschiedenen Zielgruppen&nbsp;der \u00f6sterreichischen Bev\u00f6lkerung abzielen. Das Preisgeld des HPV-F\u00f6rderpreises wird von einem unabh\u00e4ngigen Expert:innenkomitee vergeben und betr\u00e4gt dieses Jahr insgesamt 40.000\u20ac. Pr\u00e4miert werden&nbsp;verschiedenste Projekte und Initiativen, die sich auf HPV-Pr\u00e4vention und Bewusstseinsschaffung fokussieren. Die Einreichfrist f\u00fcr den HPV F\u00f6rderpreis endete [&hellip;]<\/p>\n","protected":false},"author":883,"featured_media":0,"parent":0,"menu_order":0,"comment_status":"closed","ping_status":"closed","template":"","meta":{"_acf_changed":false,"bdl_company_name":[],"bdl_item_external_link":[],"editor_notices":[],"footnotes":""},"class_list":["post-4907","page","type-page","status-publish","hentry"],"yoast_head":"<!-- This site is optimized with the Yoast SEO plugin v21.9.1 - https:\/\/yoast.com\/wordpress\/plugins\/seo\/ -->\n<title>HPV F\u00f6rderpreis - MSD<\/title>\n<meta name=\"robots\" content=\"index, follow, max-snippet:-1, max-image-preview:large, max-video-preview:-1\" \/>\n<link rel=\"canonical\" href=\"https:\/\/www.msd.at\/de\/hpv-forderpreis\/\" \/>\n<meta property=\"og:locale\" content=\"en_US\" \/>\n<meta property=\"og:type\" content=\"article\" \/>\n<meta property=\"og:title\" content=\"HPV F\u00f6rderpreis - MSD\" \/>\n<meta property=\"og:description\" content=\"Der HPV-F\u00f6rderpreis zeichnet zukunftsorientierte Projekte oder Aktivit\u00e4ten aus, die konsequent auf die Steigerung von HPV-Awareness in&nbsp;verschiedenen Zielgruppen&nbsp;der \u00f6sterreichischen Bev\u00f6lkerung abzielen. Das Preisgeld des HPV-F\u00f6rderpreises wird von einem unabh\u00e4ngigen Expert:innenkomitee vergeben und betr\u00e4gt dieses Jahr insgesamt 40.000\u20ac. Pr\u00e4miert werden&nbsp;verschiedenste Projekte und Initiativen, die sich auf HPV-Pr\u00e4vention und Bewusstseinsschaffung fokussieren. Die Einreichfrist f\u00fcr den HPV F\u00f6rderpreis endete [&hellip;]\" \/>\n<meta property=\"og:url\" content=\"https:\/\/www.msd.at\/de\/hpv-forderpreis\/\" \/>\n<meta property=\"og:site_name\" content=\"MSD\" \/>\n<meta property=\"article:modified_time\" content=\"2025-07-09T13:39:05+00:00\" \/>\n<meta name=\"twitter:card\" content=\"summary_large_image\" \/>\n<meta name=\"twitter:label1\" content=\"Est. reading time\" \/>\n\t<meta name=\"twitter:data1\" content=\"1 minute\" \/>\n<script type=\"application\/ld+json\" class=\"yoast-schema-graph\">{\"@context\":\"https:\/\/schema.org\",\"@graph\":[{\"@type\":\"WebPage\",\"@id\":\"https:\/\/www.msd.at\/de\/hpv-forderpreis\/\",\"url\":\"https:\/\/www.msd.at\/de\/hpv-forderpreis\/\",\"name\":\"HPV F\u00f6rderpreis - MSD\",\"isPartOf\":{\"@id\":\"https:\/\/www.msd.at\/de\/#website\"},\"datePublished\":\"2024-02-12T13:02:58+00:00\",\"dateModified\":\"2025-07-09T13:39:05+00:00\",\"inLanguage\":\"en-US\",\"potentialAction\":[{\"@type\":\"ReadAction\",\"target\":[\"https:\/\/www.msd.at\/de\/hpv-forderpreis\/\"]}]},{\"@type\":\"WebSite\",\"@id\":\"https:\/\/www.msd.at\/de\/#website\",\"url\":\"https:\/\/www.msd.at\/de\/\",\"name\":\"MSD\",\"description\":\"Just another vip2-msd.com site\",\"potentialAction\":[{\"@type\":\"SearchAction\",\"target\":{\"@type\":\"EntryPoint\",\"urlTemplate\":\"https:\/\/www.msd.at\/de\/?s={search_term_string}\"},\"query-input\":\"required name=search_term_string\"}],\"inLanguage\":\"en-US\"}]}<\/script>\n<!-- \/ Yoast SEO plugin. -->","yoast_head_json":{"title":"HPV F\u00f6rderpreis - MSD","robots":{"index":"index","follow":"follow","max-snippet":"max-snippet:-1","max-image-preview":"max-image-preview:large","max-video-preview":"max-video-preview:-1"},"canonical":"https:\/\/www.msd.at\/de\/hpv-forderpreis\/","og_locale":"en_US","og_type":"article","og_title":"HPV F\u00f6rderpreis - MSD","og_description":"Der HPV-F\u00f6rderpreis zeichnet zukunftsorientierte Projekte oder Aktivit\u00e4ten aus, die konsequent auf die Steigerung von HPV-Awareness in&nbsp;verschiedenen Zielgruppen&nbsp;der \u00f6sterreichischen Bev\u00f6lkerung abzielen. Das Preisgeld des HPV-F\u00f6rderpreises wird von einem unabh\u00e4ngigen Expert:innenkomitee vergeben und betr\u00e4gt dieses Jahr insgesamt 40.000\u20ac. Pr\u00e4miert werden&nbsp;verschiedenste Projekte und Initiativen, die sich auf HPV-Pr\u00e4vention und Bewusstseinsschaffung fokussieren. Die Einreichfrist f\u00fcr den HPV F\u00f6rderpreis endete [&hellip;]","og_url":"https:\/\/www.msd.at\/de\/hpv-forderpreis\/","og_site_name":"MSD","article_modified_time":"2025-07-09T13:39:05+00:00","twitter_card":"summary_large_image","twitter_misc":{"Est. reading time":"1 minute"},"schema":{"@context":"https:\/\/schema.org","@graph":[{"@type":"WebPage","@id":"https:\/\/www.msd.at\/de\/hpv-forderpreis\/","url":"https:\/\/www.msd.at\/de\/hpv-forderpreis\/","name":"HPV F\u00f6rderpreis - MSD","isPartOf":{"@id":"https:\/\/www.msd.at\/de\/#website"},"datePublished":"2024-02-12T13:02:58+00:00","dateModified":"2025-07-09T13:39:05+00:00","inLanguage":"en-US","potentialAction":[{"@type":"ReadAction","target":["https:\/\/www.msd.at\/de\/hpv-forderpreis\/"]}]},{"@type":"WebSite","@id":"https:\/\/www.msd.at\/de\/#website","url":"https:\/\/www.msd.at\/de\/","name":"MSD","description":"Just another vip2-msd.com site","potentialAction":[{"@type":"SearchAction","target":{"@type":"EntryPoint","urlTemplate":"https:\/\/www.msd.at\/de\/?s={search_term_string}"},"query-input":"required name=search_term_string"}],"inLanguage":"en-US"}]}},"acf":[],"_links":{"self":[{"href":"https:\/\/www.msd.at\/de\/wp-json\/wp\/v2\/pages\/4907","targetHints":{"allow":["GET"]}}],"collection":[{"href":"https:\/\/www.msd.at\/de\/wp-json\/wp\/v2\/pages"}],"about":[{"href":"https:\/\/www.msd.at\/de\/wp-json\/wp\/v2\/types\/page"}],"author":[{"embeddable":true,"href":"https:\/\/www.msd.at\/de\/wp-json\/wp\/v2\/users\/883"}],"replies":[{"embeddable":true,"href":"https:\/\/www.msd.at\/de\/wp-json\/wp\/v2\/comments?post=4907"}],"version-history":[{"count":72,"href":"https:\/\/www.msd.at\/de\/wp-json\/wp\/v2\/pages\/4907\/revisions"}],"predecessor-version":[{"id":6243,"href":"https:\/\/www.msd.at\/de\/wp-json\/wp\/v2\/pages\/4907\/revisions\/6243"}],"wp:attachment":[{"href":"https:\/\/www.msd.at\/de\/wp-json\/wp\/v2\/media?parent=4907"}],"curies":[{"name":"wp","href":"https:\/\/api.w.org\/{rel}","templated":true}]}}