{"id":4276,"date":"2023-07-13T13:57:12","date_gmt":"2023-07-13T13:57:12","guid":{"rendered":"https:\/\/www.msd.at\/de\/?page_id=4276"},"modified":"2025-06-03T08:14:34","modified_gmt":"2025-06-03T08:14:34","slug":"gewinner-join4care-award-2022-23","status":"publish","type":"page","link":"https:\/\/www.msd.at\/de\/gewinner-join4care-award-2022-23\/","title":{"rendered":"Gewinner Join4Care Award 2022\/23"},"content":{"rendered":"<div id=\"mco-title-block-block_bf2577bfaed8e398207fbc807d3f6fea\" \n\t class=\"mco-title-block mccberg-block aligncenter\" \n\t \t >\n\t<div class=\"wrapper\">\n\t\t<div class=\"mco-title-block-content\">\n\t\t\t\n\t\t\t<h2 class=\"mco-title-block-title\">GEWINNER MSD JOIN4CARE AWARD 2023 (4. AUSGABE)<\/h2>\n\n\t\t\t\t\t\t\t<p class=\"mco-title-block-description\"><p style=\"font-weight: 400\">Projekttitel: <strong>\u201eHeartfish-Uro-Oncology\u201c<\/strong><\/p>\n<p style=\"font-weight: 400\">Projektleitung:\u00a0<strong>Dr. David Kiesl<\/strong><\/p>\n<p style=\"font-weight: 400\">Institution:\u00a0<strong>Ordensklinikum Linz<\/strong><\/p>\n<p style=\"font-weight: 400\">Wir gratulieren dem Gewinnerteam herzlich!<\/p>\n<\/p>\n\t\t\t\t\t\t\n\t\t\t\t\t<\/div>\n\t<\/div>\n<\/div>\n\n\n<div id=\"article-images-block-block_6cbc5fb1817a425b6e63219746ba5bb1\" class=\"article-images-block-wrapper wrapper-story-narrow mccberg-block mb-2\">\n    <section class=\"article-images-block single-article-block\">\n        <!-- Secondary image\/video block -->\n        \n\n        \n        <!-- Primary image\/video block -->\n                    <div class=\"article-images-block-img-wrapper mccberg-play-container\">\n                                                            <picture>\n                            <source media=\"(max-width: 767px)\"\n                                    data-srcset=\"https:\/\/www.msd.at\/de\/wp-content\/uploads\/sites\/91\/2023\/07\/join4care-gewinner-heartfish-e1689256592810.jpg?w=322\">\n                            <source media=\"(min-width: 768px) and (max-width: 1199px)\"\n                                    data-srcset=\"https:\/\/www.msd.at\/de\/wp-content\/uploads\/sites\/91\/2023\/07\/join4care-gewinner-heartfish-e1689256592810.jpg?w=656\">\n                            <source media=\"(min-width: 1200px)\"\n                                    data-srcset=\"https:\/\/www.msd.at\/de\/wp-content\/uploads\/sites\/91\/2023\/07\/join4care-gewinner-heartfish-e1689256592810.jpg?w=1076\">\n                            <img\n                                data-src=\"https:\/\/www.msd.at\/de\/wp-content\/uploads\/sites\/91\/2023\/07\/join4care-gewinner-heartfish-e1689256592810.jpg?w=1076\"\n                                alt=\"primary article image\"\n                                class=\"lazyload\"\n                                loading=\"lazy\"\n                            \/>\n                        <\/picture>\n                                                                <\/div>\n                    <\/section>\n<\/div>\n<script>\n\ndocument.addEventListener('DOMContentLoaded', () => {\n    \/\/ Collect all account IDs first and load their scripts\n    const videoPlayers = document.querySelectorAll(\n        \"#article-images-block-block_6cbc5fb1817a425b6e63219746ba5bb1 .article-images-block .article-images-block-img-wrapper video\"\n    );\n    const accountIds = new Set();\n\n    videoPlayers.forEach(player => {\n        const accountId = player.getAttribute('data-account');\n        if (accountId) {\n            accountIds.add(accountId);\n        }\n    });\n\n    \/\/ Load all required Brightcove scripts\n    accountIds.forEach(accountId => {\n        if (!document.querySelector(`script[src*=\"${accountId}\"]`)) {\n            let script = document.createElement(\"script\");\n            script.src = `https:\/\/players.brightcove.net\/${accountId}\/default_default\/index.min.js`;\n            document.body.appendChild(script);\n        }\n    });\n\n    \/\/ Initialize player controls after scripts are loaded\n    [].slice.call(document.querySelectorAll(\n            \"#article-images-block-block_6cbc5fb1817a425b6e63219746ba5bb1 .article-images-block .article-images-block-img-wrapper\"\n        ))\n        .forEach((block) => {\n            const trigger = block.querySelector('.btn-play');\n            const img = block.querySelector('.lazyload');\n            const videoType = block.querySelector('video, iframe')?.tagName.toLowerCase() === 'video' ? 'brightcove' : 'youtube';\n            const player = trigger === null ? block.querySelector('video, iframe') : trigger.nextElementSibling;\n\n            function initializeBrightcovePlayer() {\n                if (window.videojs) {\n                    \/\/ Initialize the Brightcove player\n                    const bcPlayer = videojs(player);\n\n                    \/\/ set video aspect ratio based on video metadata if available, otherwise default to 16:9\n                    const playerContainer = player.closest('.video-js');\n                    playerContainer.style.aspectRatio = player.getAttribute('data-video-id')\n                        ? bcPlayer.videoWidth() \/ bcPlayer.videoHeight()\n                        : 16 \/ 9;\n\n                    bcPlayer.ready(function() {\n                        \/\/ Play video directly\n                        bcPlayer.play();\n\n                        \/\/ Handle any play errors\n                        bcPlayer.on('error', function() {\n                            console.warn('Video playback error:', bcPlayer.error());\n                        });\n                    });\n                } else {\n                    setTimeout(() => initializeBrightcovePlayer(), 100);\n                }\n            }\n\n            function resetZIndexes() {\n                document.querySelectorAll('.article-images-block-img-wrapper').forEach(wrapper => {\n                    const videoContainer = wrapper.querySelector('.video-js')?.parentNode;\n                    if (videoContainer) {\n                        videoContainer.style.zIndex = '1';\n                    }\n                });\n            }\n\n            trigger?.addEventListener('click', (event) => {\n                event.preventDefault();\n\n                if (player.tagName === 'IFRAME') {\n                    player.src = player.dataset.src;\n                    return false;\n                }\n\n                if (player.tagName === 'DIV' || player.tagName === 'VIDEO') {\n                    const videoId = player.getAttribute('data-video-id');\n\n                    if (!videoId) {\n                        return;\n                    }\n\n                    \/\/ Reset z-indexes before showing new player\n                    resetZIndexes();\n\n                    \/\/ Hide play button\n                    trigger.style.display = 'none';\n                    block.style.height = img.offsetHeight + 'px';\n                    img.style.display = 'none';\n                    if (player.parentNode) {\n                        player.parentNode.style.zIndex = 2;\n                    }\n\n                    player.focus();\n\n                    \/\/ Initialize player with shorter timeout since scripts are preloaded\n                    setTimeout(() => {\n                        initializeBrightcovePlayer();\n                    }, 100);\n                }\n                return false;\n            });\n\n            \/\/ Keep keyboard accessibility\n            trigger?.addEventListener('keydown', (event) => {\n                if (event.keyCode === 13 || event.keyCode === 32) {\n                    event.preventDefault();\n                    trigger.click();\n                }\n            });\n\n            const ariaObserver = new MutationObserver((mutationsList) => {\n                mutationsList.forEach(mutation => {\n                    if (mutation.type === 'attributes') {\n                        if (mutation.target.getAttribute('aria-valuenow') === 'NaN') {\n                            mutation.target.setAttribute('aria-valuenow', '0');\n                            ariaObserver.disconnect();\n                        }\n                    }\n                });\n            });\n\n            ariaObserver.observe(block, {\n                subtree: true,\n                attributes: true,\n                attributeFilter: ['aria-valuenow']\n            });\n        });\n});\n<\/script>\n\n\n\n<p class=\"has-text-align-center\"><em>v.l.n.r.:<\/em> Andrea Kurz, Business Unit Director Oncology, MSD Ina Herzer, Gesch\u00e4ftsf\u00fchrerin. Gewinner: Dr. David Kiesl. Prim.a Priv.-Doz.in Dr.in Birgit Gr\u00fcnberger, Univ.-Prof. Dr. Philipp Jost<\/p>\n\n\n<div id=\"mco-title-block-block_b473fc97b9bbcaff06ca7fcd660a08f4\" \n\t class=\"mco-title-block mccberg-block aligncenter\" \n\t \t >\n\t<div class=\"wrapper\">\n\t\t<div class=\"mco-title-block-content\">\n\t\t\t\n\t\t\t<h2 class=\"mco-title-block-title\">Gewinnerprojekt 2023 \u201eHeartfish-Uro-Oncology\u201c<\/h2>\n\n\t\t\t\t\t\t\n\t\t\t\t\t<\/div>\n\t<\/div>\n<\/div>\n\n\n<p><strong>Integration multimodaler Konzepte und telemedizinischer M\u00f6glichkeiten in das ambulante Setting bei der Patient:innenbetreuung&nbsp;<\/strong><\/p>\n\n\n\n<p>Insbesondere bei einer Krebserkrankung erreichen die meisten Menschen nicht die empfohlene k\u00f6rperliche Aktivit\u00e4t. Die Folge sind therapiebedingte Nebenwirkungen wie&nbsp;M\u00fcdigkeit, Depression oder Lymph\u00f6deme<em>&nbsp;<\/em>bei Krebsbehandlungen. Regelm\u00e4\u00dfige k\u00f6rperliche Aktivit\u00e4t kann kardiovaskul\u00e4re Ereignisse reduzieren und damit die Lebensqualit\u00e4t der Patienten und Patientinnen w\u00e4hrend und nach der Therapie verbessern.<\/p>\n\n\n\n<p><em>\u201eIn unserem Projekt wollen wir den Patienten und Patientinnen eine Unterst\u00fctzung in der Krebstherapie anbieten. Ziel dabei ist es, durch die entwickelte Gesundheitsapp mit gezielten Trainingsprogrammen die k\u00f6rperliche Aktivit\u00e4t und die Gesundheitskompetenz bei den Patienten und Patientinnen zu steigern und so m\u00f6glichen Nebenwirkungen vorzubeugen sowie die&nbsp;<\/em><em>Therapiebereitschaft und -adh\u00e4renz zu erh\u00f6hen<\/em><em>\u201c,&nbsp;<\/em>erkl\u00e4rt<em>&nbsp;<\/em><strong>Dr. David Kiesl<\/strong>, Internist am Ordensklinikum Linz und Sportmediziner am Institut f\u00fcr Sport- und Gesundheitsmedizin.<em><\/em><\/p>\n\n\n\n<p>Auch internationale Leitlinien empfehlen t\u00e4gliche Bewegung zur Steigerung der Lebensqualit\u00e4t. Allein rund 60% der gesunden Bev\u00f6lkerung in Europa erreichen das von der WHO empfohlene Aktivit\u00e4tsniveau kaum. Bei einer Krebserkrankung kommt es zu einer weiteren Abnahme der Aktivit\u00e4t um 60%. Gesundheitsapplikationen und Peer Support bieten in aktuellen Zeiten eine hervorragende Chance, k\u00f6rperliche Bewegung im Alltag st\u00e4rker zu f\u00f6rdern.<\/p>\n\n\n\n<p><em>\u201eDie entwickelte \u201eHeartfish App\u201c stellt onkologische<\/em>,&nbsp;<em>psychoonkologische sowie di\u00e4tologische Inhalte zur Verf\u00fcgung<\/em><em>. Die Aktivit\u00e4tsprogramme k\u00f6nnen individuell an die Patienten und Patientinnen angepasst werden,&nbsp;<\/em><em>um das empfohlene Aktivit\u00e4tsniveau auch w\u00e4hrend der Therapie zu erreichen und zu halten.<\/em><em>\u201c,&nbsp;<\/em>schildert&nbsp;<strong>Dr. David Kiesl&nbsp;<\/strong>genauer.<em>&nbsp;<\/em>Dazu f\u00fchrt er weiter aus:&nbsp;<em>\u201eDas&nbsp;<\/em><em>12-w\u00f6chige Kursprogramm stellt eine digitalisierte Version der onkologischen Aufkl\u00e4rung und eine unterst\u00fctzende Therapiebetreuung dar. So k\u00f6nnen multimodale Konzepte auf Basis neuer telemedizinischer M\u00f6glichkeiten auch in der Patientenbetreuung umgesetzt werden.\u201c<\/em><\/p>\n\n\n\n<p>Das Projekt unter der Leitung von Facharzt&nbsp;<strong>Dr. David Kiesl&nbsp;<\/strong>und in Zusammenarbeit mit der Krebshilfe Ober\u00f6sterreich soll die Wirksamkeit der Lebensstiltherapie verbessern und eine innovative telemedizinische Betreuung f\u00fcr uro-onkologische Patienten und Patientinnen mit fortgeschrittenen Krebserkrankungen bieten.&nbsp;Dies erm\u00f6glicht die digitale Integration onkologischer Supportivkonzepte durch eine App namens \u201eHeartfish\u201c, die Patienten und Patientinnen multimodal betreuen und ihre Gesundheitskompetenz f\u00f6rdern.<strong><\/strong><\/p>\n\n\n\n<p><em>\u201eGerade&nbsp;uro-onkologische Patienten und Patientinnen bei fortgeschrittenen Krebserkrankungen&nbsp;ben\u00f6tigen&nbsp;unter laufender Therapie&nbsp;Stabilit\u00e4t und kontinuierliche medizinische Betreuung auch unabh\u00e4ngig von&nbsp;klinischen Visiten.\u201c,&nbsp;<\/em>betont Dr. Kiesl und hebt weiter hervor: \u201e<em>Es ist uns eine unglaubliche Freude, unser Projekt nun mit der Unterst\u00fctzung von MSD weiter umzusetzen und damit die Betreuung w\u00e4hrend der Krebstherapie verbessern und innovativ unterst\u00fctzen k\u00f6nnen\u201c.<\/em><\/p>\n\n\n\n<div style=\"height:40px\" aria-hidden=\"true\" class=\"wp-block-spacer\"><\/div>\n\n\n\n<center><div style=\"max-width: 720px;\">\n  <style>\n  video-js.video-js.vjs-fluid:not(.vjs-audio-only-mode) {\n    padding-top: 56.25%;\n  }\n  <\/style><video-js\n    data-account=\"4090876667001\"\n    data-player=\"GDYmj1q5U4\"\n    data-embed=\"default\"\ntitle=\"Join4Care Award 2022\/23\"\n    controls=\"\"\n    data-video-id=\"6338825371112\"\n    data-playlist-id=\"\"\n    data-application-id=\"\"\n    class=\"vjs-fluid\"><\/video-js>\n<\/div>\n<script\n  src=https:\/\/players.brightcove.net\/4090876667001\/GDYmj1q5U4_default\/index.min.js>\n<\/script><\/center>\n\n\n\n<div style=\"height:40px\" aria-hidden=\"true\" class=\"wp-block-spacer\"><\/div>\n\n\n\n<p class=\"has-text-align-right\" style=\"font-size:11px\">AT-NON-03042, Erstellt Juni 2025<\/p>\n","protected":false},"excerpt":{"rendered":"<p>v.l.n.r.: Andrea Kurz, Business Unit Director Oncology, MSD Ina Herzer, Gesch\u00e4ftsf\u00fchrerin. Gewinner: Dr. David Kiesl. Prim.a Priv.-Doz.in Dr.in Birgit Gr\u00fcnberger, Univ.-Prof. Dr. Philipp Jost Integration multimodaler Konzepte und telemedizinischer M\u00f6glichkeiten in das ambulante Setting bei der Patient:innenbetreuung&nbsp; Insbesondere bei einer Krebserkrankung erreichen die meisten Menschen nicht die empfohlene k\u00f6rperliche Aktivit\u00e4t. Die Folge sind therapiebedingte Nebenwirkungen [&hellip;]<\/p>\n","protected":false},"author":883,"featured_media":0,"parent":0,"menu_order":0,"comment_status":"closed","ping_status":"closed","template":"","meta":{"_acf_changed":false,"bdl_company_name":[],"bdl_item_external_link":[],"editor_notices":[],"footnotes":""},"class_list":["post-4276","page","type-page","status-publish","hentry"],"yoast_head":"<!-- This site is optimized with the Yoast SEO plugin v21.9.1 - https:\/\/yoast.com\/wordpress\/plugins\/seo\/ -->\n<title>Gewinner Join4Care Award 2022\/23 - MSD<\/title>\n<meta name=\"robots\" content=\"index, follow, max-snippet:-1, max-image-preview:large, max-video-preview:-1\" \/>\n<link rel=\"canonical\" href=\"https:\/\/www.msd.at\/de\/gewinner-join4care-award-2022-23\/\" \/>\n<meta property=\"og:locale\" content=\"en_US\" \/>\n<meta property=\"og:type\" content=\"article\" \/>\n<meta property=\"og:title\" content=\"Gewinner Join4Care Award 2022\/23 - MSD\" \/>\n<meta property=\"og:description\" content=\"v.l.n.r.: Andrea Kurz, Business Unit Director Oncology, MSD Ina Herzer, Gesch\u00e4ftsf\u00fchrerin. Gewinner: Dr. David Kiesl. Prim.a Priv.-Doz.in Dr.in Birgit Gr\u00fcnberger, Univ.-Prof. Dr. Philipp Jost Integration multimodaler Konzepte und telemedizinischer M\u00f6glichkeiten in das ambulante Setting bei der Patient:innenbetreuung&nbsp; Insbesondere bei einer Krebserkrankung erreichen die meisten Menschen nicht die empfohlene k\u00f6rperliche Aktivit\u00e4t. Die Folge sind therapiebedingte Nebenwirkungen [&hellip;]\" \/>\n<meta property=\"og:url\" content=\"https:\/\/www.msd.at\/de\/gewinner-join4care-award-2022-23\/\" \/>\n<meta property=\"og:site_name\" content=\"MSD\" \/>\n<meta property=\"article:modified_time\" content=\"2025-06-03T08:14:34+00:00\" \/>\n<meta name=\"twitter:card\" content=\"summary_large_image\" \/>\n<meta name=\"twitter:label1\" content=\"Est. reading time\" \/>\n\t<meta name=\"twitter:data1\" content=\"2 minutes\" \/>\n<script type=\"application\/ld+json\" class=\"yoast-schema-graph\">{\"@context\":\"https:\/\/schema.org\",\"@graph\":[{\"@type\":\"WebPage\",\"@id\":\"https:\/\/www.msd.at\/de\/gewinner-join4care-award-2022-23\/\",\"url\":\"https:\/\/www.msd.at\/de\/gewinner-join4care-award-2022-23\/\",\"name\":\"Gewinner Join4Care Award 2022\/23 - MSD\",\"isPartOf\":{\"@id\":\"https:\/\/www.msd.at\/de\/#website\"},\"datePublished\":\"2023-07-13T13:57:12+00:00\",\"dateModified\":\"2025-06-03T08:14:34+00:00\",\"inLanguage\":\"en-US\",\"potentialAction\":[{\"@type\":\"ReadAction\",\"target\":[\"https:\/\/www.msd.at\/de\/gewinner-join4care-award-2022-23\/\"]}]},{\"@type\":\"WebSite\",\"@id\":\"https:\/\/www.msd.at\/de\/#website\",\"url\":\"https:\/\/www.msd.at\/de\/\",\"name\":\"MSD\",\"description\":\"Just another vip2-msd.com site\",\"potentialAction\":[{\"@type\":\"SearchAction\",\"target\":{\"@type\":\"EntryPoint\",\"urlTemplate\":\"https:\/\/www.msd.at\/de\/?s={search_term_string}\"},\"query-input\":\"required name=search_term_string\"}],\"inLanguage\":\"en-US\"}]}<\/script>\n<!-- \/ Yoast SEO plugin. -->","yoast_head_json":{"title":"Gewinner Join4Care Award 2022\/23 - MSD","robots":{"index":"index","follow":"follow","max-snippet":"max-snippet:-1","max-image-preview":"max-image-preview:large","max-video-preview":"max-video-preview:-1"},"canonical":"https:\/\/www.msd.at\/de\/gewinner-join4care-award-2022-23\/","og_locale":"en_US","og_type":"article","og_title":"Gewinner Join4Care Award 2022\/23 - MSD","og_description":"v.l.n.r.: Andrea Kurz, Business Unit Director Oncology, MSD Ina Herzer, Gesch\u00e4ftsf\u00fchrerin. Gewinner: Dr. David Kiesl. Prim.a Priv.-Doz.in Dr.in Birgit Gr\u00fcnberger, Univ.-Prof. Dr. Philipp Jost Integration multimodaler Konzepte und telemedizinischer M\u00f6glichkeiten in das ambulante Setting bei der Patient:innenbetreuung&nbsp; Insbesondere bei einer Krebserkrankung erreichen die meisten Menschen nicht die empfohlene k\u00f6rperliche Aktivit\u00e4t. Die Folge sind therapiebedingte Nebenwirkungen [&hellip;]","og_url":"https:\/\/www.msd.at\/de\/gewinner-join4care-award-2022-23\/","og_site_name":"MSD","article_modified_time":"2025-06-03T08:14:34+00:00","twitter_card":"summary_large_image","twitter_misc":{"Est. reading time":"2 minutes"},"schema":{"@context":"https:\/\/schema.org","@graph":[{"@type":"WebPage","@id":"https:\/\/www.msd.at\/de\/gewinner-join4care-award-2022-23\/","url":"https:\/\/www.msd.at\/de\/gewinner-join4care-award-2022-23\/","name":"Gewinner Join4Care Award 2022\/23 - MSD","isPartOf":{"@id":"https:\/\/www.msd.at\/de\/#website"},"datePublished":"2023-07-13T13:57:12+00:00","dateModified":"2025-06-03T08:14:34+00:00","inLanguage":"en-US","potentialAction":[{"@type":"ReadAction","target":["https:\/\/www.msd.at\/de\/gewinner-join4care-award-2022-23\/"]}]},{"@type":"WebSite","@id":"https:\/\/www.msd.at\/de\/#website","url":"https:\/\/www.msd.at\/de\/","name":"MSD","description":"Just another vip2-msd.com site","potentialAction":[{"@type":"SearchAction","target":{"@type":"EntryPoint","urlTemplate":"https:\/\/www.msd.at\/de\/?s={search_term_string}"},"query-input":"required name=search_term_string"}],"inLanguage":"en-US"}]}},"acf":[],"_links":{"self":[{"href":"https:\/\/www.msd.at\/de\/wp-json\/wp\/v2\/pages\/4276","targetHints":{"allow":["GET"]}}],"collection":[{"href":"https:\/\/www.msd.at\/de\/wp-json\/wp\/v2\/pages"}],"about":[{"href":"https:\/\/www.msd.at\/de\/wp-json\/wp\/v2\/types\/page"}],"author":[{"embeddable":true,"href":"https:\/\/www.msd.at\/de\/wp-json\/wp\/v2\/users\/883"}],"replies":[{"embeddable":true,"href":"https:\/\/www.msd.at\/de\/wp-json\/wp\/v2\/comments?post=4276"}],"version-history":[{"count":18,"href":"https:\/\/www.msd.at\/de\/wp-json\/wp\/v2\/pages\/4276\/revisions"}],"predecessor-version":[{"id":5990,"href":"https:\/\/www.msd.at\/de\/wp-json\/wp\/v2\/pages\/4276\/revisions\/5990"}],"wp:attachment":[{"href":"https:\/\/www.msd.at\/de\/wp-json\/wp\/v2\/media?parent=4276"}],"curies":[{"name":"wp","href":"https:\/\/api.w.org\/{rel}","templated":true}]}}