{"id":4000,"date":"2023-05-03T10:17:17","date_gmt":"2023-05-03T10:17:17","guid":{"rendered":"https:\/\/www.msd.at\/de\/?page_id=4000"},"modified":"2025-02-06T12:59:48","modified_gmt":"2025-02-06T12:59:48","slug":"antibiotikaresistenzen","status":"publish","type":"page","link":"https:\/\/www.msd.at\/de\/antibiotikaresistenzen\/","title":{"rendered":"Antibiotika-Resistenzen"},"content":{"rendered":"\n<div id=\"mco-b2-hero-block-block_ae506f5912f4f08177466cde85e9ad51\" class=\"mco-b2-hero-block full mccberg-block\">\n    <div class=\"mco-b2-hero-block-wrapper\">\n        <div class=\"mco-b2-hero-block-image-section \">\n                            <div class=\"mco-b2-hero-block-image-container \">\n                    <picture >\n\t<source media=\"(max-width: 767px)\" data-srcset=\"https:\/\/www.msd.at\/de\/wp-content\/uploads\/sites\/91\/2023\/05\/iStock-615889954.jpg?w=768\" srcset=\"https:\/\/www.msd.at\/de\/wp-content\/uploads\/sites\/91\/2023\/05\/iStock-615889954.jpg?w=768\" >\n<source media=\"(min-width: 768px) and (max-width: 1199px)\" data-srcset=\"https:\/\/www.msd.at\/de\/wp-content\/uploads\/sites\/91\/2023\/05\/iStock-615889954.jpg?h=768\" srcset=\"https:\/\/www.msd.at\/de\/wp-content\/uploads\/sites\/91\/2023\/05\/iStock-615889954.jpg?h=768\" >\n<source media=\"(min-width: 1200px) and (max-width: 1919px)\" data-srcset=\"https:\/\/www.msd.at\/de\/wp-content\/uploads\/sites\/91\/2023\/05\/iStock-615889954.jpg?w=1200\" srcset=\"https:\/\/www.msd.at\/de\/wp-content\/uploads\/sites\/91\/2023\/05\/iStock-615889954.jpg?w=1200\" >\n<source media=\"(min-width: 1920px)\" data-srcset=\"https:\/\/www.msd.at\/de\/wp-content\/uploads\/sites\/91\/2023\/05\/iStock-615889954.jpg?w=1920\" srcset=\"https:\/\/www.msd.at\/de\/wp-content\/uploads\/sites\/91\/2023\/05\/iStock-615889954.jpg?w=1920\" >\n\t<img data-src=\"https:\/\/www.msd.at\/de\/wp-content\/uploads\/sites\/91\/2023\/05\/iStock-615889954.jpg?w=1920\" alt=\"\" class=\"eager \" loading=\"eager\" \/>\n<\/picture>                                    <\/div>\n                        <div class=\"mco-b2-hero-block-image-container-two\">\n                            <\/div>\n        <\/div>\n\n        <div class=\"mco-b2-hero-block-content-section\">\n                        \n                            <h1>ANTIBIOTIKA-RESISTENZEN<\/h1>\n            \n                            <div class=\"mco-b2-hero-block-description\"><p>Antibiotika-Resistenzen sind eine der gr\u00f6\u00dften zuk\u00fcnftigen Gesundheitsbedrohungen und betreffen uns alle. Als MSD sehen wir uns in der Verantwortung, auf dieses Thema aufmerksam zu machen und zur Aufkl\u00e4rung beizutragen.<\/p>\n<\/div>\n            \n                    <\/div>\n    <\/div>\n\n    \n<\/div>\n\n\n\n<div style=\"height:56px\" aria-hidden=\"true\" class=\"wp-block-spacer\"><\/div>\n\n\n\n<div class=\"wp-block-media-text alignwide has-media-on-the-right is-stacked-on-mobile\" style=\"grid-template-columns:auto 60%\"><div class=\"wp-block-media-text__content\">\n<h2 class=\"wp-block-heading\">Was sind Antibiotika-Resistenzen?<\/h2>\n\n\n\n<p>Antibiotika-Resistenzen sind ein ernstes Problem, welches sich aus der zunehmenden Anpassungsf\u00e4higkeit von Bakterien gegen\u00fcber Antibiotika ergibt. Dies f\u00fchrt dazu, dass Infektionen schwerer zu behandeln sind und das Risiko von Krankheits\u00fcbertragungen erh\u00f6ht wird.<\/p>\n<\/div><figure class=\"wp-block-media-text__media\"><img loading=\"lazy\" decoding=\"async\" width=\"3864\" height=\"2576\" src=\"https:\/\/www.msd.at\/de\/wp-content\/uploads\/sites\/91\/2023\/05\/iStock-186846700.jpg?w=1024\" alt=\"\" class=\"wp-image-4012 size-full\"\/><\/figure><\/div>\n\n\n\n<div style=\"height:56px\" aria-hidden=\"true\" class=\"wp-block-spacer\"><\/div>\n\n\n\n<h3 class=\"wp-block-heading\">Warum entwickeln Bakterien Resistenzen gegen Antibiotika?<\/h3>\n\n\n\n<p>Die zu schnelle und zu h\u00e4ufige Verschreibung von Antibiotika ist einer der h\u00e4ufigsten Gr\u00fcnde. Ein weiterer Faktor ist der nicht zielgerichtete Einsatz von Antibiotika. Wenn Antibiotika eingesetzt werden, m\u00fcssen sie speziell auf den Erreger abgestimmt sein. Andernfalls k\u00f6nnen Bakterien, die nicht betroffen sein sollten, ebenfalls Resistenzen entwickeln.<\/p>\n\n\n\n<p>Auch die inkorrekte Einnahme von Antibiotika durch Patient*innen kann zu Resistenzen f\u00fchren. Werden Antibiotika nicht vollst\u00e4ndig eingenommen oder nicht wie verschrieben eingenommen, k\u00f6nnen Bakterien \u00fcberleben und Resistenzen entwickeln.<\/p>\n\n\n\n<p>Ein weiterer wichtiger Faktor ist die \u00fcberm\u00e4\u00dfige Verwendung von Antibiotika in der Tierzucht. Antibiotika werden h\u00e4ufig in der Massentierhaltung eingesetzt, um Infektionen bei Tieren zu vermeiden oder zu behandeln. Dadurch kann die \u00dcbertragung von bakteriellen Resistenzen, die Menschen betreffen, beg\u00fcnstigt werden.<\/p>\n\n\n\n<p>Schlie\u00dflich tr\u00e4gt auch die Globalisierung zur Verbreitung von Resistenzen bei. Bakterien k\u00f6nnen sich weltweit verbreiten und somit auch Resistenzen gegen Antibiotika.<\/p>\n\n\n\n<p>Es ist wichtig, dass wir uns bewusst machen, welche Faktoren zur Entstehung von Antibiotikaresistenzen beitragen. Nur durch gezielte Ma\u00dfnahmen und bewusstes Handeln k\u00f6nnen wir die Ausbreitung von Resistenzen verlangsamen und die Wirksamkeit von Antibiotika langfristig erhalten.<\/p>\n\n\n\n<div style=\"height:56px\" aria-hidden=\"true\" class=\"wp-block-spacer\"><\/div>\n\n\n\n<div class=\"wp-block-media-text alignwide is-stacked-on-mobile\" style=\"grid-template-columns:60% auto\"><figure class=\"wp-block-media-text__media\"><img loading=\"lazy\" decoding=\"async\" width=\"3864\" height=\"2576\" src=\"https:\/\/www.msd.at\/de\/wp-content\/uploads\/sites\/91\/2023\/05\/iStock-1324653833.jpg?w=1024\" alt=\"\" class=\"wp-image-4014 size-full\"\/><\/figure><div class=\"wp-block-media-text__content\">\n<h3 class=\"wp-block-heading\">Gemeinsame Verantwortung im Kampf gegen Antibiotika-Resistenzen<\/h3>\n\n\n\n<p>Wir alle tragen eine gemeinsame Verantwortung, um diese Bedrohung zu bek\u00e4mpfen.<\/p>\n<\/div><\/div>\n\n\n\n<div style=\"height:26px\" aria-hidden=\"true\" class=\"wp-block-spacer\"><\/div>\n\n\n\n<ul class=\"wp-block-list\" id=\"block-785c886d-6faf-4491-a6ba-29766a2218fa\">\n<li>Als <strong>Patientin oder Patient<\/strong> ist es wichtig, verordnete Antibiotika richtig und vollst\u00e4ndig einzunehmen. Dar\u00fcber hinaus k\u00f6nnen wir durch einfache Hygienema\u00dfnahmen, wie regelm\u00e4\u00dfiges H\u00e4ndewaschen, dazu beitragen, Infektionen zu verhindern&nbsp;und dadurch die Verschreibung von Antibiotika zu vermindern.<\/li>\n\n\n\n<li><strong>\u00c4rzte<\/strong> wiederum m\u00fcssen bei der Verschreibung von Antibiotika besonders sorgf\u00e4ltig sein und sicherstellen, dass Antibiotika nur dann eingesetzt werden, wenn es wirklich notwendig ist.<\/li>\n\n\n\n<li>Die <strong>Pharmaindustrie<\/strong> spielt ebenfalls eine wichtige Rolle, indem sie weiterhin an der Entwicklung neuer Antibiotika forscht, um den Kampf gegen resistente Bakterien zu unterst\u00fctzen.<\/li>\n\n\n\n<li>Und schlie\u00dflich m\u00fcssen auch <strong>Regierungen und staatliche Institutionen<\/strong> Anreize schaffen, um die Forschung an neuen Antibiotika und anderen Ma\u00dfnahmen zur Bek\u00e4mpfung von Antibiotikaresistenzen zu f\u00f6rdern.<\/li>\n<\/ul>\n\n\n\n<div style=\"height:56px\" aria-hidden=\"true\" class=\"wp-block-spacer\"><\/div>\n\n\n\n<h3 class=\"wp-block-heading\">Was kann jeder Einzelne, jede Einzelne t\u00e4glich gegen die Ausbreitung von Infektionen tun?<\/h3>\n\n\n\n<ul class=\"wp-block-list\">\n<li>Regelm\u00e4\u00dfiges und gr\u00fcndliches H\u00e4ndewaschen. Denn viele Erreger verbreiten sich durch direkten Kontakt \u00fcber die H\u00e4nde.<\/li>\n\n\n\n<li>Nicht in die Hand Husten, sondern in den \u00c4rmel. So bleiben die H\u00e4nde sauber. Abstand zu anderen Personen beim Husten halten.<\/li>\n\n\n\n<li>Die H\u00e4nde m\u00f6glichst vom Gesicht fernhalten.<\/li>\n\n\n\n<li>Handt\u00fccher, Waschlappen und Hygieneartikel wie Zahnb\u00fcrsten sollten nur von einer Person verwendet werden.<\/li>\n\n\n\n<li>Waschen Sie Obst und Gem\u00fcse, das roh gegessen wird, sehr gr\u00fcndlich. Achten Sie beim Zubereiten von Lebensmitteln genau darauf, Schneidebretter und Messer mit Reinigungsmittel und Wasser zu waschen \u2013 besonders, wenn Sie rohes Fleisch verarbeiten<\/li>\n\n\n\n<li>In geschlossenen R\u00e4umen kann die Anzahl von Krankheitserregern in der Luft ansteigen. L\u00fcften Sie deshalb mehrmals am Tag f\u00fcr einige Minuten.<\/li>\n\n\n\n<li>Die meisten Erreger \u00fcberleben Temperaturen \u00fcber 60\u00b0C nicht. Waschen Sie Ihr Geschirr und Ihre W\u00e4sche regelm\u00e4\u00dfig bei h\u00f6heren Temperaturen.<\/li>\n\n\n\n<li>Stellen Sie sicher, dass Sie und Ihre Familie die empfohlenen Impfungen erhalten und denken Sie auch an die erforderlichen Auffrischimpfungen.<\/li>\n\n\n\n<li>Nehmen Sie kein Antibiotikum, das anderen Personen verschrieben wurde. Geben Sie niemandem Restbest\u00e4nde Ihres verordneten Antibiotikum \u2013 selbst dann nicht, wenn die Krankheitszeichen sehr \u00e4hnlich erscheinen.<\/li>\n<\/ul>\n\n\n\n<div style=\"height:50px\" aria-hidden=\"true\" class=\"wp-block-spacer\"><\/div>\n\n\n\n<h3 class=\"wp-block-heading\">Neue Anreize &amp; L\u00f6sungen<\/h3>\n\n\n\n<p>Neben den wichtigen Ma\u00dfnahmen wie der richtigen Einnahme und Verwendung von Antibiotika m\u00fcssen auch neue Anreize geschaffen werden, um die Entwicklung neuer Antibiotika voranzutreiben. Die steigende Anzahl von Bakterien, die Resistenzen gegen verf\u00fcgbare Antibiotika entwickeln, und die sinkende Anzahl von neu entwickelten Antibiotika stellen eine Herausforderung dar.<\/p>\n\n\n\n<p><\/p>\n\n\n\n<p>Die Problematik rund um Antibiotikaresistenzen liegt uns bei MSD sehr am Herzen, deshalb investieren und unterst\u00fctzen wir den AMR Action Fund mit 100 Millionen Dollar. Der AMR (Antimicrobial resistance) Action Fund ist eine zus\u00e4tzliche globale Initiative, die darauf abzielt, die Entwicklung von neuen Antibiotika voranzutreiben und zug\u00e4nglich zu machen.<\/p>\n\n\n\n<p>Die Weltgesundheitsorganisation (WHO) hat Antibiotikaresistenzen als eine der zehn gr\u00f6\u00dften Bedrohungen f\u00fcr die \u00f6ffentliche Gesundheit erkl\u00e4rt. Auch die EU-Beh\u00f6rde f\u00fcr gesundheitliche Notfallvorsorge (HERA) definiert Antibiotikaresistenzen als eine der drei gr\u00f6\u00dften Gesundheitsbedrohungen.<\/p>\n\n\n\n<p>Die steigende Anzahl von Medikamentenresistenzen f\u00fchrt zu einer erh\u00f6hten Todesrate. Schon 2019 gab es \u00fcber 400.000 Todesf\u00e4lle aufgrund von Antibiotikaresistenzen. Wenn wir nicht handeln, k\u00f6nnte diese Zahl bis 2050 auf 1,3 Millionen Todesf\u00e4lle pro Jahr steigen.<sup>1<\/sup><\/p>\n\n\n\n<p>Gemeinsam k\u00f6nnen wir daf\u00fcr sorgen, dass Antibiotika auch in Zukunft eine wirksame Behandlungsoption bleiben und die Ausbreitung von Resistenzen verlangsamt wird.<\/p>\n\n\n\n<p><\/p>\n\n\n\n<p class=\"has-text-align-right\"><sub>AT-NON-01932, Erstellt Mai 2023<\/sub><\/p>\n\n\n\n<p style=\"font-size:15px\">Referenzen:<br><sup>1<\/sup> Charles River Associates. A framework for assessing the potential net benefits realized through Transferable Exclusivity Extension (TEE) as an incentive for development of novel antimicrobials: <a href=\"https:\/\/www.efpia.eu\/media\/676634\/cra-efpia-a-framework-for-assessing-the-costs-and-benefits-of-tee-final-report.pdf\" target=\"_blank\" rel=\"noreferrer noopener\">FINAL REPORT (2022)<\/a>.&nbsp;<\/p>\n","protected":false},"excerpt":{"rendered":"<p>Was sind Antibiotika-Resistenzen? Antibiotika-Resistenzen sind ein ernstes Problem, welches sich aus der zunehmenden Anpassungsf\u00e4higkeit von Bakterien gegen\u00fcber Antibiotika ergibt. Dies f\u00fchrt dazu, dass Infektionen schwerer zu behandeln sind und das Risiko von Krankheits\u00fcbertragungen erh\u00f6ht wird. Warum entwickeln Bakterien Resistenzen gegen Antibiotika? Die zu schnelle und zu h\u00e4ufige Verschreibung von Antibiotika ist einer der h\u00e4ufigsten Gr\u00fcnde. [&hellip;]<\/p>\n","protected":false},"author":526,"featured_media":0,"parent":0,"menu_order":0,"comment_status":"closed","ping_status":"closed","template":"","meta":{"_acf_changed":false,"bdl_company_name":[],"bdl_item_external_link":[],"editor_notices":[],"footnotes":""},"class_list":["post-4000","page","type-page","status-publish","hentry"],"yoast_head":"<!-- This site is optimized with the Yoast SEO plugin v21.9.1 - https:\/\/yoast.com\/wordpress\/plugins\/seo\/ -->\n<title>Antibiotika-Resistenzen - MSD<\/title>\n<meta name=\"robots\" content=\"index, follow, max-snippet:-1, max-image-preview:large, max-video-preview:-1\" \/>\n<link rel=\"canonical\" href=\"https:\/\/www.msd.at\/de\/antibiotikaresistenzen\/\" \/>\n<meta property=\"og:locale\" content=\"en_US\" \/>\n<meta property=\"og:type\" content=\"article\" \/>\n<meta property=\"og:title\" content=\"Antibiotika-Resistenzen - MSD\" \/>\n<meta property=\"og:description\" content=\"Was sind Antibiotika-Resistenzen? Antibiotika-Resistenzen sind ein ernstes Problem, welches sich aus der zunehmenden Anpassungsf\u00e4higkeit von Bakterien gegen\u00fcber Antibiotika ergibt. Dies f\u00fchrt dazu, dass Infektionen schwerer zu behandeln sind und das Risiko von Krankheits\u00fcbertragungen erh\u00f6ht wird. Warum entwickeln Bakterien Resistenzen gegen Antibiotika? Die zu schnelle und zu h\u00e4ufige Verschreibung von Antibiotika ist einer der h\u00e4ufigsten Gr\u00fcnde. [&hellip;]\" \/>\n<meta property=\"og:url\" content=\"https:\/\/www.msd.at\/de\/antibiotikaresistenzen\/\" \/>\n<meta property=\"og:site_name\" content=\"MSD\" \/>\n<meta property=\"article:modified_time\" content=\"2025-02-06T12:59:48+00:00\" \/>\n<meta property=\"og:image\" content=\"https:\/\/www.msd.at\/de\/wp-content\/uploads\/sites\/91\/2023\/10\/msd-antibiotika-og.jpg\" \/>\n\t<meta property=\"og:image:width\" content=\"1200\" \/>\n\t<meta property=\"og:image:height\" content=\"630\" \/>\n\t<meta property=\"og:image:type\" content=\"image\/jpeg\" \/>\n<meta name=\"twitter:card\" content=\"summary_large_image\" \/>\n<meta name=\"twitter:image\" content=\"https:\/\/www.msd.at\/de\/wp-content\/uploads\/sites\/91\/2023\/10\/msd-antibiotika-og.jpg\" \/>\n<meta name=\"twitter:label1\" content=\"Est. reading time\" \/>\n\t<meta name=\"twitter:data1\" content=\"4 minutes\" \/>\n<script type=\"application\/ld+json\" class=\"yoast-schema-graph\">{\"@context\":\"https:\/\/schema.org\",\"@graph\":[{\"@type\":\"WebPage\",\"@id\":\"https:\/\/www.msd.at\/de\/antibiotikaresistenzen\/\",\"url\":\"https:\/\/www.msd.at\/de\/antibiotikaresistenzen\/\",\"name\":\"Antibiotika-Resistenzen - MSD\",\"isPartOf\":{\"@id\":\"https:\/\/www.msd.at\/de\/#website\"},\"datePublished\":\"2023-05-03T10:17:17+00:00\",\"dateModified\":\"2025-02-06T12:59:48+00:00\",\"inLanguage\":\"en-US\",\"potentialAction\":[{\"@type\":\"ReadAction\",\"target\":[\"https:\/\/www.msd.at\/de\/antibiotikaresistenzen\/\"]}]},{\"@type\":\"WebSite\",\"@id\":\"https:\/\/www.msd.at\/de\/#website\",\"url\":\"https:\/\/www.msd.at\/de\/\",\"name\":\"MSD\",\"description\":\"Just another vip2-msd.com site\",\"potentialAction\":[{\"@type\":\"SearchAction\",\"target\":{\"@type\":\"EntryPoint\",\"urlTemplate\":\"https:\/\/www.msd.at\/de\/?s={search_term_string}\"},\"query-input\":\"required name=search_term_string\"}],\"inLanguage\":\"en-US\"}]}<\/script>\n<!-- \/ Yoast SEO plugin. -->","yoast_head_json":{"title":"Antibiotika-Resistenzen - MSD","robots":{"index":"index","follow":"follow","max-snippet":"max-snippet:-1","max-image-preview":"max-image-preview:large","max-video-preview":"max-video-preview:-1"},"canonical":"https:\/\/www.msd.at\/de\/antibiotikaresistenzen\/","og_locale":"en_US","og_type":"article","og_title":"Antibiotika-Resistenzen - MSD","og_description":"Was sind Antibiotika-Resistenzen? Antibiotika-Resistenzen sind ein ernstes Problem, welches sich aus der zunehmenden Anpassungsf\u00e4higkeit von Bakterien gegen\u00fcber Antibiotika ergibt. Dies f\u00fchrt dazu, dass Infektionen schwerer zu behandeln sind und das Risiko von Krankheits\u00fcbertragungen erh\u00f6ht wird. Warum entwickeln Bakterien Resistenzen gegen Antibiotika? Die zu schnelle und zu h\u00e4ufige Verschreibung von Antibiotika ist einer der h\u00e4ufigsten Gr\u00fcnde. [&hellip;]","og_url":"https:\/\/www.msd.at\/de\/antibiotikaresistenzen\/","og_site_name":"MSD","article_modified_time":"2025-02-06T12:59:48+00:00","og_image":[{"width":1200,"height":630,"url":"https:\/\/www.msd.at\/de\/wp-content\/uploads\/sites\/91\/2023\/10\/msd-antibiotika-og.jpg","type":"image\/jpeg"}],"twitter_card":"summary_large_image","twitter_image":"https:\/\/www.msd.at\/de\/wp-content\/uploads\/sites\/91\/2023\/10\/msd-antibiotika-og.jpg","twitter_misc":{"Est. reading time":"4 minutes"},"schema":{"@context":"https:\/\/schema.org","@graph":[{"@type":"WebPage","@id":"https:\/\/www.msd.at\/de\/antibiotikaresistenzen\/","url":"https:\/\/www.msd.at\/de\/antibiotikaresistenzen\/","name":"Antibiotika-Resistenzen - MSD","isPartOf":{"@id":"https:\/\/www.msd.at\/de\/#website"},"datePublished":"2023-05-03T10:17:17+00:00","dateModified":"2025-02-06T12:59:48+00:00","inLanguage":"en-US","potentialAction":[{"@type":"ReadAction","target":["https:\/\/www.msd.at\/de\/antibiotikaresistenzen\/"]}]},{"@type":"WebSite","@id":"https:\/\/www.msd.at\/de\/#website","url":"https:\/\/www.msd.at\/de\/","name":"MSD","description":"Just another vip2-msd.com site","potentialAction":[{"@type":"SearchAction","target":{"@type":"EntryPoint","urlTemplate":"https:\/\/www.msd.at\/de\/?s={search_term_string}"},"query-input":"required name=search_term_string"}],"inLanguage":"en-US"}]}},"acf":[],"_links":{"self":[{"href":"https:\/\/www.msd.at\/de\/wp-json\/wp\/v2\/pages\/4000","targetHints":{"allow":["GET"]}}],"collection":[{"href":"https:\/\/www.msd.at\/de\/wp-json\/wp\/v2\/pages"}],"about":[{"href":"https:\/\/www.msd.at\/de\/wp-json\/wp\/v2\/types\/page"}],"author":[{"embeddable":true,"href":"https:\/\/www.msd.at\/de\/wp-json\/wp\/v2\/users\/526"}],"replies":[{"embeddable":true,"href":"https:\/\/www.msd.at\/de\/wp-json\/wp\/v2\/comments?post=4000"}],"version-history":[{"count":73,"href":"https:\/\/www.msd.at\/de\/wp-json\/wp\/v2\/pages\/4000\/revisions"}],"predecessor-version":[{"id":5716,"href":"https:\/\/www.msd.at\/de\/wp-json\/wp\/v2\/pages\/4000\/revisions\/5716"}],"wp:attachment":[{"href":"https:\/\/www.msd.at\/de\/wp-json\/wp\/v2\/media?parent=4000"}],"curies":[{"name":"wp","href":"https:\/\/api.w.org\/{rel}","templated":true}]}}