{"id":3752,"date":"2022-07-06T08:37:37","date_gmt":"2022-07-06T08:37:37","guid":{"rendered":"https:\/\/www.msd.at\/de\/?page_id=3752"},"modified":"2025-06-13T09:01:02","modified_gmt":"2025-06-13T09:01:02","slug":"onkologie-demo","status":"publish","type":"page","link":"https:\/\/www.msd.at\/de\/onkologie-demo\/","title":{"rendered":"Onkologie Demo"},"content":{"rendered":"\n<div id=\"mco-b2-hero-block-block_dd59507d551771cdbf6ced81d8cfb1ff\" class=\"mco-b2-hero-block full mccberg-block\">\n    <div class=\"mco-b2-hero-block-wrapper\">\n        <div class=\"mco-b2-hero-block-image-section \">\n                            <div class=\"mco-b2-hero-block-image-container \">\n                    <picture >\n\t<source media=\"(max-width: 767px)\" data-srcset=\"https:\/\/www.msd.at\/de\/wp-content\/uploads\/sites\/91\/2020\/10\/oncology-1.jpeg?w=768\" srcset=\"https:\/\/www.msd.at\/de\/wp-content\/uploads\/sites\/91\/2020\/10\/oncology-1.jpeg?w=768\" >\n<source media=\"(min-width: 768px) and (max-width: 1199px)\" data-srcset=\"https:\/\/www.msd.at\/de\/wp-content\/uploads\/sites\/91\/2020\/10\/oncology-1.jpeg?h=768\" srcset=\"https:\/\/www.msd.at\/de\/wp-content\/uploads\/sites\/91\/2020\/10\/oncology-1.jpeg?h=768\" >\n<source media=\"(min-width: 1200px) and (max-width: 1919px)\" data-srcset=\"https:\/\/www.msd.at\/de\/wp-content\/uploads\/sites\/91\/2020\/10\/oncology-1.jpeg?w=1200\" srcset=\"https:\/\/www.msd.at\/de\/wp-content\/uploads\/sites\/91\/2020\/10\/oncology-1.jpeg?w=1200\" >\n<source media=\"(min-width: 1920px)\" data-srcset=\"https:\/\/www.msd.at\/de\/wp-content\/uploads\/sites\/91\/2020\/10\/oncology-1.jpeg?w=1920\" srcset=\"https:\/\/www.msd.at\/de\/wp-content\/uploads\/sites\/91\/2020\/10\/oncology-1.jpeg?w=1920\" >\n\t<img data-src=\"https:\/\/www.msd.at\/de\/wp-content\/uploads\/sites\/91\/2020\/10\/oncology-1.jpeg?w=1920\" alt=\"\" class=\"eager \" loading=\"eager\" \/>\n<\/picture>                                    <\/div>\n                        <div class=\"mco-b2-hero-block-image-container-two\">\n                            <\/div>\n        <\/div>\n\n        <div class=\"mco-b2-hero-block-content-section\">\n                        \n                            <h1>Onkologie<\/h1>\n            \n                            <div class=\"mco-b2-hero-block-description\"><p>Wir arbeiten an einer Welt, in der Krebs nicht nur behandelt, sondern geheilt werden kann.<\/p>\n<\/div>\n            \n                    <\/div>\n    <\/div>\n\n    \n<\/div>\n\n\n<div id=\"mco-title-block-block_4ab356010f6d5a5f655bc8d2745f3ec8\" \n\t class=\"mco-title-block mccberg-block aligncenter\" \n\t \t >\n\t<div class=\"wrapper\">\n\t\t<div class=\"mco-title-block-content\">\n\t\t\t\n\t\t\t<h2 class=\"mco-title-block-title\">Unsere Mission ist es, bahnbrechende Innovationen zu liefern, die das Leben von Menschen mit Krebs verl\u00e4ngern und verbessern.<\/h2>\n\n\t\t\t\t\t\t\t<p class=\"mco-title-block-description\"><div id=\"mco-title-block-block_5e9de3bc8282f\" class=\"mco-title-block msdberg-block mb-2 aligncenter\">\n<div class=\"wrapper\">\n<div class=\"mco-title-block-content\">\n<p>Wir arbeiten daran, Krebs vorzubeugen und den Patientinnen und Patienten mehr M\u00f6glichkeiten zur Behandlung ihres Krebses, mehr Lebensqualit\u00e4t und mehr Zeit zu geben.<\/p>\n<\/div>\n<\/div>\n<\/div>\n<\/p>\n\t\t\t\t\t\t\n\t\t\t\t\t<\/div>\n\t<\/div>\n<\/div>\n\n<div id=\"mco-title-block-block_e178126860794ab071b9c9d27891fca6\" \n\t class=\"mco-title-block mccberg-block pull-up-stats negative mb-2 aligncenter\" \n\t \t >\n\t<div class=\"wrapper\">\n\t\t<div class=\"mco-title-block-content\">\n\t\t\t\n\t\t\t<h2 class=\"mco-title-block-title\">Unsere Arbeit in der Onkologie<\/h2>\n\n\t\t\t\t\t\t\n\t\t\t\t\t<\/div>\n\t<\/div>\n<\/div>\n\n\n<div class=\"wp-block-group stat-group mb-2\"><div class=\"wp-block-group__inner-container is-layout-flow wp-block-group-is-layout-flow\"><div id=\"stat-block-block_c737ed1547e11204acda0276934af735\" class=\"stat-block mccberg-block mb-2\">\n    <div class=\"stat-block-content  \">\n\n        \n        <div class=\"stat-block-statistic\">1M<\/div>\n\n        <div class=\"stat-block-tablet-wrapper\">\n                        <p class=\"stat-block-description\">Patientinnen und Patienten, die in den letzten f\u00fcnf Jahren mit kommerziell erh\u00e4ltlichen onkologischen Medikamenten von MSD behandelt wurden<\/p>\n            \n                    <\/div>\n\n    <\/div>\n<\/div>\n\n<div id=\"stat-block-block_f29a9c6ca82204f5554d71e1bc62ef0d\" class=\"stat-block mccberg-block mb-2\">\n    <div class=\"stat-block-content  \">\n\n        \n        <div class=\"stat-block-statistic\">2K+<\/div>\n\n        <div class=\"stat-block-tablet-wrapper\">\n                        <p class=\"stat-block-description\">klinische Studien mit unseren Krebsmedikamenten                 <\/p>\n            \n                    <\/div>\n\n    <\/div>\n<\/div>\n\n<div id=\"stat-block-block_252c3a039b37fc5ce6492714d032ebe2\" class=\"stat-block mccberg-block mb-2\">\n    <div class=\"stat-block-content  \">\n\n        \n        <div class=\"stat-block-statistic\">30+<\/div>\n\n        <div class=\"stat-block-tablet-wrapper\">\n                        <p class=\"stat-block-description\">Krebsarten, bei denen unsere Produkte untersucht werden<\/p>\n            \n                    <\/div>\n\n    <\/div>\n<\/div><\/div><\/div>\n\n\n\n<div class=\"wp-block-columns is-layout-flex wp-container-core-columns-is-layout-9d6595d7 wp-block-columns-is-layout-flex\">\n<div class=\"wp-block-column is-layout-flow wp-block-column-is-layout-flow\" style=\"flex-basis:32%\">\n<h2 class=\"wp-block-heading\">Unsere Forschung bei Krebs<\/h2>\n<\/div>\n\n\n\n<div class=\"wp-block-column is-layout-flow wp-block-column-is-layout-flow\" style=\"flex-basis:66.66%\">\n<p>Unser Team von Forschern und Wissenschaftlern vereint ein tiefes Verst\u00e4ndnis der Genomik, der Biologie und des Immunsystems, um die Art und Weise, wie wir Krebs bek\u00e4mpfen, zu verbessern.<\/p>\n<\/div>\n<\/div>\n\n\n\n<div class=\"wp-block-columns is-layout-flex wp-container-core-columns-is-layout-9d6595d7 wp-block-columns-is-layout-flex\">\n<div class=\"wp-block-column is-layout-flow wp-block-column-is-layout-flow\" style=\"flex-basis:32%\">\n<h2 class=\"wp-block-heading\">Fortschritt durch Partnerschaften<\/h2>\n<\/div>\n\n\n\n<div class=\"wp-block-column is-layout-flow wp-block-column-is-layout-flow\" style=\"flex-basis:66.66%\">\n<p>Krebs kann f\u00fcr Patientinnen und Patienten und Angeh\u00f6rige verheerend sein. Deshalb arbeiten wir mit der gesamten Krebsgemeinschaft zusammen &#8211; mit Interessenvertretern, Gesundheitsdienstleistern, Regierungen und Branchenkolleginnen und -kollegen &#8211; die alle unsere Mission teilen, das Leben von Menschen mit Krebs zu verl\u00e4ngern und zu verbessern.<\/p>\n<\/div>\n<\/div>\n\n\n\n<div class=\"wp-block-columns is-layout-flex wp-container-core-columns-is-layout-9d6595d7 wp-block-columns-is-layout-flex\"><\/div>\n\n\n<div id=\"mco-title-block-block_702a45d35a9de781547a1d74caebe3ac\" \n\t class=\"mco-title-block mccberg-block pull-up-stats negative mb-2 aligncenter\" \n\t \t >\n\t<div class=\"wrapper\">\n\t\t<div class=\"mco-title-block-content\">\n\t\t\t\n\t\t\t<h2 class=\"mco-title-block-title\">Quick facts<\/h2>\n\n\t\t\t\t\t\t\n\t\t\t\t\t<\/div>\n\t<\/div>\n<\/div>\n\n\n<div class=\"wp-block-group stat-group mb-2\"><div class=\"wp-block-group__inner-container is-layout-flow wp-block-group-is-layout-flow\"><div id=\"stat-block-block_2f10b2d3639fc60d2b9287738dc1ddf8\" class=\"stat-block mccberg-block mb-2\">\n    <div class=\"stat-block-content  \">\n\n        \n        <div class=\"stat-block-statistic\"><\/div>\n\n        <div class=\"stat-block-tablet-wrapper\">\n                        <p class=\"stat-block-description\">2020 wurden weltweit ca. 19 Mio. Krebsneuerkrankungen dokumentiert.<\/p>\n            \n                    <\/div>\n\n    <\/div>\n<\/div>\n\n<div id=\"stat-block-block_274118a481d2c59a0bea3999d6c72848\" class=\"stat-block mccberg-block mb-2\">\n    <div class=\"stat-block-content  \">\n\n        \n        <div class=\"stat-block-statistic\"><\/div>\n\n        <div class=\"stat-block-tablet-wrapper\">\n                        <p class=\"stat-block-description\">In \u00d6sterreich erkranken j\u00e4hrlich etwa \r\n42 000 Menschen an Krebs.                            <\/p>\n            \n                    <\/div>\n\n    <\/div>\n<\/div>\n\n<div id=\"stat-block-block_53bb7ba905ed05290edff9f67cb23018\" class=\"stat-block mccberg-block mb-2\">\n    <div class=\"stat-block-content  \">\n\n        \n        <div class=\"stat-block-statistic\"><\/div>\n\n        <div class=\"stat-block-tablet-wrapper\">\n                        <p class=\"stat-block-description\">Durch gute Fr\u00fcherkennungsstrategien und Vermeidung von Risikofaktoren                                                                                                                                                                  k\u00f6nnten laut WHO 30-50% der                                                                                                                                                    Krebserkrankungen vermieden werden.\r\n<\/p>\n            \n                    <\/div>\n\n    <\/div>\n<\/div><\/div><\/div>\n\n\n<div id=\"mco-title-block-block_654ae42681c5573e4522a670ca36676b\" \n\t class=\"mco-title-block mccberg-block aligncenter\" \n\t \t >\n\t<div class=\"wrapper\">\n\t\t<div class=\"mco-title-block-content\">\n\t\t\t\n\t\t\t<h2 class=\"mco-title-block-title\">WIR WOLLEN PATIENTINNEN UND PATIENTEN HOFFNUNG SCHENKEN<\/h2>\n\n\t\t\t\t\t\t\t<p class=\"mco-title-block-description\"><p>Unser Ziel ist es, einen entscheidenden Beitrag zur Behandlung und Bek\u00e4mpfung von Krebs zu leisten. Darum setzen wir unter anderem auf die Erforschung innovativer Medikamente und neuer Behandlungsmethoden im Bereich Immunonkologie.<\/p>\n<\/p>\n\t\t\t\t\t\t\n\t\t\t\t\t<\/div>\n\t<\/div>\n<\/div>\n\n\n<div class=\"wp-block-columns is-layout-flex wp-container-core-columns-is-layout-9d6595d7 wp-block-columns-is-layout-flex\">\n<div class=\"wp-block-column is-layout-flow wp-block-column-is-layout-flow\">\n<figure class=\"wp-block-image size-large is-resized\"><img loading=\"lazy\" decoding=\"async\" width=\"530\" height=\"530\" src=\"https:\/\/www.msd.at\/de\/wp-content\/uploads\/sites\/91\/2025\/06\/selbstuntersuchung.jpg?w=530\" alt=\"\" class=\"wp-image-5976\" style=\"width:auto;height:275px\"\/><\/figure>\n\n\n\n<h4 class=\"wp-block-heading\">Die Selbstuntersuchung der Brust ist ein wichtiger Teil der Krebs-Fr\u00fcherkennung. Praktische Anleitung zum Download:<\/h4>\n\n\n\n<a href=\"https:\/\/www.msd.at\/de\/wp-content\/uploads\/sites\/91\/2025\/06\/0923-DE-MSD_Brustbroschure_140x140mm-RZ.pdf\" target=\"_blank\" class=\"wp-block-button__link has-background\" style=\"background:linear-gradient(135deg,rgb(232,33,135) 4%,rgb(232,33,135) 100%); padding-bottom:1rem;\" rel=\"noopener\"><code style=\"color:#FFFFFF;\">Download (PDF)<\/code><\/a>\n<\/div>\n\n\n\n<div class=\"wp-block-column is-layout-flow wp-block-column-is-layout-flow\">\n<figure class=\"wp-block-image size-full is-resized\"><img loading=\"lazy\" decoding=\"async\" width=\"840\" height=\"840\" src=\"https:\/\/www.msd.at\/de\/wp-content\/uploads\/sites\/91\/2024\/09\/msd-breast-cancer_d47ef8.jpg\" alt=\"\" class=\"wp-image-5420\" style=\"width:275px;height:275px\"\/><\/figure>\n\n\n\n<h4 class=\"wp-block-heading\">Brustkrebs-Brosch\u00fcre zum Download, mit besonderen Augenmerk auf TNBC:<br><\/h4>\n\n\n\n<a href=\"https:\/\/www.msd.at\/de\/wp-content\/uploads\/sites\/91\/2024\/09\/AT-OBR-00189_Broschuere_Brustkrebs_FINAL.pdf\" target=\"_blank\" class=\"wp-block-button__link has-background\" style=\"background:linear-gradient(135deg,rgb(232,33,135) 4%,rgb(232,33,135) 100%); padding-bottom:1rem;\" rel=\"noopener\"><code style=\"color:#FFFFFF;\">Download (PDF)<\/code><\/a>\n<\/div>\n\n\n\n<div class=\"wp-block-column is-layout-flow wp-block-column-is-layout-flow\">\n<figure class=\"wp-block-image size-full is-resized\"><img loading=\"lazy\" decoding=\"async\" width=\"800\" height=\"800\" src=\"https:\/\/www.msd.at\/de\/wp-content\/uploads\/sites\/91\/2025\/06\/gebarmutterkrebs.jpg\" alt=\"\" class=\"wp-image-5975\" style=\"aspect-ratio:1;object-fit:cover;width:275px\"\/><\/figure>\n\n\n\n<h4 class=\"wp-block-heading\">Hier finden Sie die Geb\u00e4rmutterk\u00f6rperkrebs-Brosch\u00fcre zum Download:<\/h4>\n\n\n\n<a href=\"https:\/\/www.msd.at\/de\/wp-content\/uploads\/sites\/91\/2025\/05\/SCREEN-AT-NON-ENDO-PatBro-0425.pdf\" target=\"_blank\" class=\"wp-block-button__link has-background\" style=\"background:linear-gradient(135deg,rgb(232,33,135) 4%,rgb(232,33,135) 100%); padding-bottom:1rem;\" rel=\"noopener\"><code style=\"color:#FFFFFF;\">Download (PDF)<\/code><\/a>\n<\/div>\n<\/div>\n\n\n\n<p class=\"has-text-align-right\" style=\"font-size:11px\">AT-NON-03046, erstellt Juni 2025<\/p>\n","protected":false},"excerpt":{"rendered":"<p>Unsere Forschung bei Krebs Unser Team von Forschern und Wissenschaftlern vereint ein tiefes Verst\u00e4ndnis der Genomik, der Biologie und des Immunsystems, um die Art und Weise, wie wir Krebs bek\u00e4mpfen, zu verbessern. Fortschritt durch Partnerschaften Krebs kann f\u00fcr Patientinnen und Patienten und Angeh\u00f6rige verheerend sein. Deshalb arbeiten wir mit der gesamten Krebsgemeinschaft zusammen &#8211; mit [&hellip;]<\/p>\n","protected":false},"author":529,"featured_media":0,"parent":0,"menu_order":0,"comment_status":"closed","ping_status":"closed","template":"","meta":{"_acf_changed":false,"bdl_company_name":[],"bdl_item_external_link":[],"editor_notices":[],"footnotes":""},"class_list":["post-3752","page","type-page","status-publish","hentry"],"yoast_head":"<!-- This site is optimized with the Yoast SEO plugin v21.9.1 - https:\/\/yoast.com\/wordpress\/plugins\/seo\/ -->\n<title>Onkologie Demo - MSD<\/title>\n<meta name=\"robots\" content=\"index, follow, max-snippet:-1, max-image-preview:large, max-video-preview:-1\" \/>\n<link rel=\"canonical\" href=\"https:\/\/www.msd.at\/de\/onkologie-demo\/\" \/>\n<meta property=\"og:locale\" content=\"en_US\" \/>\n<meta property=\"og:type\" content=\"article\" \/>\n<meta property=\"og:title\" content=\"Onkologie Demo - MSD\" \/>\n<meta property=\"og:description\" content=\"Unsere Forschung bei Krebs Unser Team von Forschern und Wissenschaftlern vereint ein tiefes Verst\u00e4ndnis der Genomik, der Biologie und des Immunsystems, um die Art und Weise, wie wir Krebs bek\u00e4mpfen, zu verbessern. Fortschritt durch Partnerschaften Krebs kann f\u00fcr Patientinnen und Patienten und Angeh\u00f6rige verheerend sein. Deshalb arbeiten wir mit der gesamten Krebsgemeinschaft zusammen &#8211; mit [&hellip;]\" \/>\n<meta property=\"og:url\" content=\"https:\/\/www.msd.at\/de\/onkologie-demo\/\" \/>\n<meta property=\"og:site_name\" content=\"MSD\" \/>\n<meta property=\"article:modified_time\" content=\"2025-06-13T09:01:02+00:00\" \/>\n<meta property=\"og:image\" content=\"https:\/\/www.msd.at\/de\/wp-content\/uploads\/sites\/91\/2025\/06\/selbstuntersuchung.jpg?w=530\" \/>\n<meta name=\"twitter:card\" content=\"summary_large_image\" \/>\n<meta name=\"twitter:label1\" content=\"Est. reading time\" \/>\n\t<meta name=\"twitter:data1\" content=\"2 minutes\" \/>\n<script type=\"application\/ld+json\" class=\"yoast-schema-graph\">{\"@context\":\"https:\/\/schema.org\",\"@graph\":[{\"@type\":\"WebPage\",\"@id\":\"https:\/\/www.msd.at\/de\/onkologie-demo\/\",\"url\":\"https:\/\/www.msd.at\/de\/onkologie-demo\/\",\"name\":\"Onkologie Demo - MSD\",\"isPartOf\":{\"@id\":\"https:\/\/www.msd.at\/de\/#website\"},\"datePublished\":\"2022-07-06T08:37:37+00:00\",\"dateModified\":\"2025-06-13T09:01:02+00:00\",\"inLanguage\":\"en-US\",\"potentialAction\":[{\"@type\":\"ReadAction\",\"target\":[\"https:\/\/www.msd.at\/de\/onkologie-demo\/\"]}]},{\"@type\":\"WebSite\",\"@id\":\"https:\/\/www.msd.at\/de\/#website\",\"url\":\"https:\/\/www.msd.at\/de\/\",\"name\":\"MSD\",\"description\":\"Just another vip2-msd.com site\",\"potentialAction\":[{\"@type\":\"SearchAction\",\"target\":{\"@type\":\"EntryPoint\",\"urlTemplate\":\"https:\/\/www.msd.at\/de\/?s={search_term_string}\"},\"query-input\":\"required name=search_term_string\"}],\"inLanguage\":\"en-US\"}]}<\/script>\n<!-- \/ Yoast SEO plugin. -->","yoast_head_json":{"title":"Onkologie Demo - MSD","robots":{"index":"index","follow":"follow","max-snippet":"max-snippet:-1","max-image-preview":"max-image-preview:large","max-video-preview":"max-video-preview:-1"},"canonical":"https:\/\/www.msd.at\/de\/onkologie-demo\/","og_locale":"en_US","og_type":"article","og_title":"Onkologie Demo - MSD","og_description":"Unsere Forschung bei Krebs Unser Team von Forschern und Wissenschaftlern vereint ein tiefes Verst\u00e4ndnis der Genomik, der Biologie und des Immunsystems, um die Art und Weise, wie wir Krebs bek\u00e4mpfen, zu verbessern. Fortschritt durch Partnerschaften Krebs kann f\u00fcr Patientinnen und Patienten und Angeh\u00f6rige verheerend sein. Deshalb arbeiten wir mit der gesamten Krebsgemeinschaft zusammen &#8211; mit [&hellip;]","og_url":"https:\/\/www.msd.at\/de\/onkologie-demo\/","og_site_name":"MSD","article_modified_time":"2025-06-13T09:01:02+00:00","og_image":[{"url":"https:\/\/www.msd.at\/de\/wp-content\/uploads\/sites\/91\/2025\/06\/selbstuntersuchung.jpg?w=530"}],"twitter_card":"summary_large_image","twitter_misc":{"Est. reading time":"2 minutes"},"schema":{"@context":"https:\/\/schema.org","@graph":[{"@type":"WebPage","@id":"https:\/\/www.msd.at\/de\/onkologie-demo\/","url":"https:\/\/www.msd.at\/de\/onkologie-demo\/","name":"Onkologie Demo - MSD","isPartOf":{"@id":"https:\/\/www.msd.at\/de\/#website"},"datePublished":"2022-07-06T08:37:37+00:00","dateModified":"2025-06-13T09:01:02+00:00","inLanguage":"en-US","potentialAction":[{"@type":"ReadAction","target":["https:\/\/www.msd.at\/de\/onkologie-demo\/"]}]},{"@type":"WebSite","@id":"https:\/\/www.msd.at\/de\/#website","url":"https:\/\/www.msd.at\/de\/","name":"MSD","description":"Just another vip2-msd.com site","potentialAction":[{"@type":"SearchAction","target":{"@type":"EntryPoint","urlTemplate":"https:\/\/www.msd.at\/de\/?s={search_term_string}"},"query-input":"required name=search_term_string"}],"inLanguage":"en-US"}]}},"acf":[],"_links":{"self":[{"href":"https:\/\/www.msd.at\/de\/wp-json\/wp\/v2\/pages\/3752","targetHints":{"allow":["GET"]}}],"collection":[{"href":"https:\/\/www.msd.at\/de\/wp-json\/wp\/v2\/pages"}],"about":[{"href":"https:\/\/www.msd.at\/de\/wp-json\/wp\/v2\/types\/page"}],"author":[{"embeddable":true,"href":"https:\/\/www.msd.at\/de\/wp-json\/wp\/v2\/users\/529"}],"replies":[{"embeddable":true,"href":"https:\/\/www.msd.at\/de\/wp-json\/wp\/v2\/comments?post=3752"}],"version-history":[{"count":38,"href":"https:\/\/www.msd.at\/de\/wp-json\/wp\/v2\/pages\/3752\/revisions"}],"predecessor-version":[{"id":6055,"href":"https:\/\/www.msd.at\/de\/wp-json\/wp\/v2\/pages\/3752\/revisions\/6055"}],"wp:attachment":[{"href":"https:\/\/www.msd.at\/de\/wp-json\/wp\/v2\/media?parent=3752"}],"curies":[{"name":"wp","href":"https:\/\/api.w.org\/{rel}","templated":true}]}}