{"id":3474,"date":"2022-03-28T11:55:59","date_gmt":"2022-03-28T11:55:59","guid":{"rendered":"https:\/\/www.msd.at\/de\/?page_id=3474"},"modified":"2025-06-03T07:58:24","modified_gmt":"2025-06-03T07:58:24","slug":"gewinner-join4care-award-2020-21","status":"publish","type":"page","link":"https:\/\/www.msd.at\/de\/gewinner-join4care-award-2020-21\/","title":{"rendered":"Gewinner Join4Care Award 2020\/21"},"content":{"rendered":"<div id=\"mco-title-block-block_e3e8cacaaf7715549fd275cdc0fb5b74\" \n\t class=\"mco-title-block mccberg-block mt-2 mb-2 aligncenter\" \n\t \t >\n\t<div class=\"wrapper\">\n\t\t<div class=\"mco-title-block-content\">\n\t\t\t\n\t\t\t<h2 class=\"mco-title-block-title\">GEWINNER MSD JOIN4CARE AWARD 2021 (2. AUSGABE)<\/h2>\n\n\t\t\t\t\t\t\t<p class=\"mco-title-block-description\"><p class=\"text-center\">Projekttitel: <strong>&#8220;Standardisierte elektronische Erfassung der Beschwerden und der Lebensqualit\u00e4t von Patienten\/Innen mit Kopf\/Hals Karzinom unter laufender Radiochemotherapie&#8221;<\/strong><\/p>\n<p>Projektleitung: <strong>Dr. Prisca Pondorfer-Sch\u00e4fer<\/strong><\/p>\n<p>Institution: <strong>Medizinische Universit\u00e4t Graz<\/strong><\/p>\n<p>Wir gratulieren dem Gewinnerteam herzlich!<\/p>\n<\/p>\n\t\t\t\t\t\t\n\t\t\t\t\t<\/div>\n\t<\/div>\n<\/div>\n\n\n<div id=\"article-images-block-block_d91bf1be7b9097ffa53633b44f9a3e68\" class=\"article-images-block-wrapper wrapper-story-narrow mccberg-block mb-2\">\n    <section class=\"article-images-block single-article-block\">\n        <!-- Secondary image\/video block -->\n        \n\n        \n        <!-- Primary image\/video block -->\n                    <div class=\"article-images-block-img-wrapper mccberg-play-container\">\n                                                            <picture>\n                            <source media=\"(max-width: 767px)\"\n                                    data-srcset=\"https:\/\/www.msd.at\/de\/wp-content\/uploads\/sites\/91\/2022\/04\/join4care-winner-2020-2021.jpg?w=322\">\n                            <source media=\"(min-width: 768px) and (max-width: 1199px)\"\n                                    data-srcset=\"https:\/\/www.msd.at\/de\/wp-content\/uploads\/sites\/91\/2022\/04\/join4care-winner-2020-2021.jpg?w=656\">\n                            <source media=\"(min-width: 1200px)\"\n                                    data-srcset=\"https:\/\/www.msd.at\/de\/wp-content\/uploads\/sites\/91\/2022\/04\/join4care-winner-2020-2021.jpg?w=1076\">\n                            <img\n                                data-src=\"https:\/\/www.msd.at\/de\/wp-content\/uploads\/sites\/91\/2022\/04\/join4care-winner-2020-2021.jpg?w=1076\"\n                                alt=\"primary article image\"\n                                class=\"lazyload\"\n                                loading=\"lazy\"\n                            \/>\n                        <\/picture>\n                                                                <\/div>\n                    <\/section>\n<\/div>\n<script>\n\ndocument.addEventListener('DOMContentLoaded', () => {\n    \/\/ Collect all account IDs first and load their scripts\n    const videoPlayers = document.querySelectorAll(\n        \"#article-images-block-block_d91bf1be7b9097ffa53633b44f9a3e68 .article-images-block .article-images-block-img-wrapper video\"\n    );\n    const accountIds = new Set();\n\n    videoPlayers.forEach(player => {\n        const accountId = player.getAttribute('data-account');\n        if (accountId) {\n            accountIds.add(accountId);\n        }\n    });\n\n    \/\/ Load all required Brightcove scripts\n    accountIds.forEach(accountId => {\n        if (!document.querySelector(`script[src*=\"${accountId}\"]`)) {\n            let script = document.createElement(\"script\");\n            script.src = `https:\/\/players.brightcove.net\/${accountId}\/default_default\/index.min.js`;\n            document.body.appendChild(script);\n        }\n    });\n\n    \/\/ Initialize player controls after scripts are loaded\n    [].slice.call(document.querySelectorAll(\n            \"#article-images-block-block_d91bf1be7b9097ffa53633b44f9a3e68 .article-images-block .article-images-block-img-wrapper\"\n        ))\n        .forEach((block) => {\n            const trigger = block.querySelector('.btn-play');\n            const img = block.querySelector('.lazyload');\n            const videoType = block.querySelector('video, iframe')?.tagName.toLowerCase() === 'video' ? 'brightcove' : 'youtube';\n            const player = trigger === null ? block.querySelector('video, iframe') : trigger.nextElementSibling;\n\n            function initializeBrightcovePlayer() {\n                if (window.videojs) {\n                    \/\/ Initialize the Brightcove player\n                    const bcPlayer = videojs(player);\n\n                    \/\/ set video aspect ratio based on video metadata if available, otherwise default to 16:9\n                    const playerContainer = player.closest('.video-js');\n                    playerContainer.style.aspectRatio = player.getAttribute('data-video-id')\n                        ? bcPlayer.videoWidth() \/ bcPlayer.videoHeight()\n                        : 16 \/ 9;\n\n                    bcPlayer.ready(function() {\n                        \/\/ Play video directly\n                        bcPlayer.play();\n\n                        \/\/ Handle any play errors\n                        bcPlayer.on('error', function() {\n                            console.warn('Video playback error:', bcPlayer.error());\n                        });\n                    });\n                } else {\n                    setTimeout(() => initializeBrightcovePlayer(), 100);\n                }\n            }\n\n            function resetZIndexes() {\n                document.querySelectorAll('.article-images-block-img-wrapper').forEach(wrapper => {\n                    const videoContainer = wrapper.querySelector('.video-js')?.parentNode;\n                    if (videoContainer) {\n                        videoContainer.style.zIndex = '1';\n                    }\n                });\n            }\n\n            trigger?.addEventListener('click', (event) => {\n                event.preventDefault();\n\n                if (player.tagName === 'IFRAME') {\n                    player.src = player.dataset.src;\n                    return false;\n                }\n\n                if (player.tagName === 'DIV' || player.tagName === 'VIDEO') {\n                    const videoId = player.getAttribute('data-video-id');\n\n                    if (!videoId) {\n                        return;\n                    }\n\n                    \/\/ Reset z-indexes before showing new player\n                    resetZIndexes();\n\n                    \/\/ Hide play button\n                    trigger.style.display = 'none';\n                    block.style.height = img.offsetHeight + 'px';\n                    img.style.display = 'none';\n                    if (player.parentNode) {\n                        player.parentNode.style.zIndex = 2;\n                    }\n\n                    player.focus();\n\n                    \/\/ Initialize player with shorter timeout since scripts are preloaded\n                    setTimeout(() => {\n                        initializeBrightcovePlayer();\n                    }, 100);\n                }\n                return false;\n            });\n\n            \/\/ Keep keyboard accessibility\n            trigger?.addEventListener('keydown', (event) => {\n                if (event.keyCode === 13 || event.keyCode === 32) {\n                    event.preventDefault();\n                    trigger.click();\n                }\n            });\n\n            const ariaObserver = new MutationObserver((mutationsList) => {\n                mutationsList.forEach(mutation => {\n                    if (mutation.type === 'attributes') {\n                        if (mutation.target.getAttribute('aria-valuenow') === 'NaN') {\n                            mutation.target.setAttribute('aria-valuenow', '0');\n                            ariaObserver.disconnect();\n                        }\n                    }\n                });\n            });\n\n            ariaObserver.observe(block, {\n                subtree: true,\n                attributes: true,\n                attributeFilter: ['aria-valuenow']\n            });\n        });\n});\n<\/script>\n\n\n\n<p class=\"has-text-align-center\">Dr. Prisca Pondorfer-Sch\u00e4fer with the entire winning team from the Department of General ENT, Medical University of Graz.<\/p>\n\n\n\n<h1 class=\"wp-block-heading\">Gewinnerprojekt 2021 \u201eStandardisierte elektronische Erfassung der Beschwerden und der Lebensqualit\u00e4t von Patienten\/Innen mit Kopf\/Hals Karzinom unter laufender Radiochemotherapie\u201c<\/h1>\n\n\n\n<p>Eine standardisierte elektronische Erfassung der Beschwerden und der Lebensqualit\u00e4t (QoL-Daten) von Patienten\/Innen mit Kopf\/Hals Karzinom unter laufender Radiochemotherapie mittels einer App stellen f\u00fcr Arzt und Patient einen bedeutenden Mehrwert dar. So erm\u00f6glicht beispielsweise die Reduktion von Dokumentationsarbeit mehr Zeit f\u00fcr Arzt-Patienten Interaktionen. Die Beschwerden m\u00fcssen nicht zwingend verbalisiert werden, was eine gro\u00dfe Erleichterung f\u00fcr Kopf &amp; Hals &#8211; Patienten mit sich bringt, die aufgrund von Nebenwirkungen durch Bestrahlung und Chemotherapie oftmals Schmerzen beim Sprechen haben.<\/p>\n\n\n\n<p>Mit dem Preisgeld soll die App weiterentwickelt und vier Ambulanz-Wartezimmerpl\u00e4tze mit Tablets ausger\u00fcstet werden. Ebenso ist damit der IT Support der ersten zwei Jahre gew\u00e4hrleistet. &#8220;Wir sind \u00fcberw\u00e4ltigt und stolz, dass unser Projekt unter so vielen innovativen Projekte gewonnen hat und bedanken uns herzlich bei allen, die uns unterst\u00fctzt und motiviert haben. Wir freuen uns, mit diesem Projekt die Betreuung von onkologischen HNO Patienten\/Innen weiter verbessern zu k\u00f6nnen,&#8221; freut sich Dr. Prisca Pondorfer-Sch\u00e4fer.<\/p>\n\n\n\n<p>\u201eDer MSD Join4Care Award ist ein bedeutender Innovationspreis, da er die Umsetzung von patientenorientierten Projekten erm\u00f6glicht und so neue Perspektiven f\u00fcr KrebspatientInnen schafft,\u201c erkl\u00e4rte Jurymitglied OA Dr. Maximilian Hochmair, Leiter der onkologischen Tagesambulanz und Tagesklinik der Pneumologie im Krankenhaus Nord \u2013 Klinik Floridsdorf mit den Gewinnern.<\/p>\n\n\n\n<p>\u201eAuch dieses Jahr wurden viele innovative Projekte f\u00fcr den MSD Join4Care-Award eingereicht. Das macht die Auswahl eines Siegers unter gleichrangigen Arbeiten schwierig, zeigt aber auch das Potential patientenorientierter Projekte in \u00d6sterreich,\u201c bekr\u00e4ftigte Prim. Univ.-Prof. Dr. Wolfgang Eisterer, Leiter des Onkologischen Zentrums am Klinikum Klagenfurt.<\/p>\n\n\n\n<p>\u201eDas heurige Motto f\u00fcr den Join4Care Award lautete \u201ePatient im Fokus\u201c. Und genau das ist der Patient in unserem Siegerprojekt. Bei Patienten mit einer Krebserkrankung im HNO-Bereich, die unter Radiochemotherapie stehen, wird hier eine standardisierte elektronisch Erfassung der Beschwerden und Lebensqualit\u00e4t durchgef\u00fchrt.<\/p>\n\n\n\n<p>Gerade bei diesem Patientengut, die oftmals auch durch die Tumorlokalisation eine eingeschr\u00e4nkte stimmliche Kommunikationsm\u00f6glichkeit haben, f\u00fchrt dies zu einer fr\u00fchzeitigen Erfassung von Ver\u00e4nderungen sowie zur besseren Einsch\u00e4tzung des Behandlungsverlauf\u201c, fasste Prim. Priv. Doz. Dr. Birgit Gr\u00fcnberger zusammen, Vorstand der Abteilung f\u00fcr Innere Medizin, H\u00e4matologie und intern. Onkologie, Landesklinikum Wiener Neustadt.<\/p>\n\n\n\n<p class=\"has-text-align-right\" style=\"font-size:11px\">AT-NON-03042, Erstellt Juni 2025<\/p>\n","protected":false},"excerpt":{"rendered":"<p>Dr. Prisca Pondorfer-Sch\u00e4fer with the entire winning team from the Department of General ENT, Medical University of Graz. Gewinnerprojekt 2021 \u201eStandardisierte elektronische Erfassung der Beschwerden und der Lebensqualit\u00e4t von Patienten\/Innen mit Kopf\/Hals Karzinom unter laufender Radiochemotherapie\u201c Eine standardisierte elektronische Erfassung der Beschwerden und der Lebensqualit\u00e4t (QoL-Daten) von Patienten\/Innen mit Kopf\/Hals Karzinom unter laufender Radiochemotherapie mittels [&hellip;]<\/p>\n","protected":false},"author":529,"featured_media":0,"parent":0,"menu_order":0,"comment_status":"closed","ping_status":"closed","template":"","meta":{"_acf_changed":false,"bdl_company_name":[],"bdl_item_external_link":[],"editor_notices":[],"footnotes":""},"class_list":["post-3474","page","type-page","status-publish","hentry"],"yoast_head":"<!-- This site is optimized with the Yoast SEO plugin v21.9.1 - https:\/\/yoast.com\/wordpress\/plugins\/seo\/ -->\n<title>Gewinner Join4Care Award 2020\/21 - MSD<\/title>\n<meta name=\"robots\" content=\"index, follow, max-snippet:-1, max-image-preview:large, max-video-preview:-1\" \/>\n<link rel=\"canonical\" href=\"https:\/\/www.msd.at\/de\/gewinner-join4care-award-2020-21\/\" \/>\n<meta property=\"og:locale\" content=\"en_US\" \/>\n<meta property=\"og:type\" content=\"article\" \/>\n<meta property=\"og:title\" content=\"Gewinner Join4Care Award 2020\/21 - MSD\" \/>\n<meta property=\"og:description\" content=\"Dr. Prisca Pondorfer-Sch\u00e4fer with the entire winning team from the Department of General ENT, Medical University of Graz. Gewinnerprojekt 2021 \u201eStandardisierte elektronische Erfassung der Beschwerden und der Lebensqualit\u00e4t von Patienten\/Innen mit Kopf\/Hals Karzinom unter laufender Radiochemotherapie\u201c Eine standardisierte elektronische Erfassung der Beschwerden und der Lebensqualit\u00e4t (QoL-Daten) von Patienten\/Innen mit Kopf\/Hals Karzinom unter laufender Radiochemotherapie mittels [&hellip;]\" \/>\n<meta property=\"og:url\" content=\"https:\/\/www.msd.at\/de\/gewinner-join4care-award-2020-21\/\" \/>\n<meta property=\"og:site_name\" content=\"MSD\" \/>\n<meta property=\"article:modified_time\" content=\"2025-06-03T07:58:24+00:00\" \/>\n<meta name=\"twitter:card\" content=\"summary_large_image\" \/>\n<meta name=\"twitter:label1\" content=\"Est. reading time\" \/>\n\t<meta name=\"twitter:data1\" content=\"2 minutes\" \/>\n<script type=\"application\/ld+json\" class=\"yoast-schema-graph\">{\"@context\":\"https:\/\/schema.org\",\"@graph\":[{\"@type\":\"WebPage\",\"@id\":\"https:\/\/www.msd.at\/de\/gewinner-join4care-award-2020-21\/\",\"url\":\"https:\/\/www.msd.at\/de\/gewinner-join4care-award-2020-21\/\",\"name\":\"Gewinner Join4Care Award 2020\/21 - MSD\",\"isPartOf\":{\"@id\":\"https:\/\/www.msd.at\/de\/#website\"},\"datePublished\":\"2022-03-28T11:55:59+00:00\",\"dateModified\":\"2025-06-03T07:58:24+00:00\",\"inLanguage\":\"en-US\",\"potentialAction\":[{\"@type\":\"ReadAction\",\"target\":[\"https:\/\/www.msd.at\/de\/gewinner-join4care-award-2020-21\/\"]}]},{\"@type\":\"WebSite\",\"@id\":\"https:\/\/www.msd.at\/de\/#website\",\"url\":\"https:\/\/www.msd.at\/de\/\",\"name\":\"MSD\",\"description\":\"Just another vip2-msd.com site\",\"potentialAction\":[{\"@type\":\"SearchAction\",\"target\":{\"@type\":\"EntryPoint\",\"urlTemplate\":\"https:\/\/www.msd.at\/de\/?s={search_term_string}\"},\"query-input\":\"required name=search_term_string\"}],\"inLanguage\":\"en-US\"}]}<\/script>\n<!-- \/ Yoast SEO plugin. -->","yoast_head_json":{"title":"Gewinner Join4Care Award 2020\/21 - MSD","robots":{"index":"index","follow":"follow","max-snippet":"max-snippet:-1","max-image-preview":"max-image-preview:large","max-video-preview":"max-video-preview:-1"},"canonical":"https:\/\/www.msd.at\/de\/gewinner-join4care-award-2020-21\/","og_locale":"en_US","og_type":"article","og_title":"Gewinner Join4Care Award 2020\/21 - MSD","og_description":"Dr. Prisca Pondorfer-Sch\u00e4fer with the entire winning team from the Department of General ENT, Medical University of Graz. Gewinnerprojekt 2021 \u201eStandardisierte elektronische Erfassung der Beschwerden und der Lebensqualit\u00e4t von Patienten\/Innen mit Kopf\/Hals Karzinom unter laufender Radiochemotherapie\u201c Eine standardisierte elektronische Erfassung der Beschwerden und der Lebensqualit\u00e4t (QoL-Daten) von Patienten\/Innen mit Kopf\/Hals Karzinom unter laufender Radiochemotherapie mittels [&hellip;]","og_url":"https:\/\/www.msd.at\/de\/gewinner-join4care-award-2020-21\/","og_site_name":"MSD","article_modified_time":"2025-06-03T07:58:24+00:00","twitter_card":"summary_large_image","twitter_misc":{"Est. reading time":"2 minutes"},"schema":{"@context":"https:\/\/schema.org","@graph":[{"@type":"WebPage","@id":"https:\/\/www.msd.at\/de\/gewinner-join4care-award-2020-21\/","url":"https:\/\/www.msd.at\/de\/gewinner-join4care-award-2020-21\/","name":"Gewinner Join4Care Award 2020\/21 - MSD","isPartOf":{"@id":"https:\/\/www.msd.at\/de\/#website"},"datePublished":"2022-03-28T11:55:59+00:00","dateModified":"2025-06-03T07:58:24+00:00","inLanguage":"en-US","potentialAction":[{"@type":"ReadAction","target":["https:\/\/www.msd.at\/de\/gewinner-join4care-award-2020-21\/"]}]},{"@type":"WebSite","@id":"https:\/\/www.msd.at\/de\/#website","url":"https:\/\/www.msd.at\/de\/","name":"MSD","description":"Just another vip2-msd.com site","potentialAction":[{"@type":"SearchAction","target":{"@type":"EntryPoint","urlTemplate":"https:\/\/www.msd.at\/de\/?s={search_term_string}"},"query-input":"required name=search_term_string"}],"inLanguage":"en-US"}]}},"acf":[],"_links":{"self":[{"href":"https:\/\/www.msd.at\/de\/wp-json\/wp\/v2\/pages\/3474","targetHints":{"allow":["GET"]}}],"collection":[{"href":"https:\/\/www.msd.at\/de\/wp-json\/wp\/v2\/pages"}],"about":[{"href":"https:\/\/www.msd.at\/de\/wp-json\/wp\/v2\/types\/page"}],"author":[{"embeddable":true,"href":"https:\/\/www.msd.at\/de\/wp-json\/wp\/v2\/users\/529"}],"replies":[{"embeddable":true,"href":"https:\/\/www.msd.at\/de\/wp-json\/wp\/v2\/comments?post=3474"}],"version-history":[{"count":7,"href":"https:\/\/www.msd.at\/de\/wp-json\/wp\/v2\/pages\/3474\/revisions"}],"predecessor-version":[{"id":5986,"href":"https:\/\/www.msd.at\/de\/wp-json\/wp\/v2\/pages\/3474\/revisions\/5986"}],"wp:attachment":[{"href":"https:\/\/www.msd.at\/de\/wp-json\/wp\/v2\/media?parent=3474"}],"curies":[{"name":"wp","href":"https:\/\/api.w.org\/{rel}","templated":true}]}}