{"id":2725,"date":"2021-09-16T01:15:56","date_gmt":"2021-09-16T01:15:56","guid":{"rendered":"https:\/\/www.msd.at\/de\/?page_id=2725"},"modified":"2025-10-02T12:22:18","modified_gmt":"2025-10-02T12:22:18","slug":"kontakt","status":"publish","type":"page","link":"https:\/\/www.msd.at\/de\/kontakt\/","title":{"rendered":"Kontakt"},"content":{"rendered":"\n<h1 class=\"wp-block-heading\">KONTAKT<\/h1>\n\n\n\n<p>Bei Fragen zu unseren Produkten, inklusive medizinischen Anfragen, Nebenwirkungsmeldungen und Produktqualit\u00e4tsreklamationen stehen wir Ihnen gerne zur Verf\u00fcgung!<\/p>\n\n\n\n<h3 class=\"wp-block-heading\"><strong>Unser Kontakt f\u00fcr Human-Medizin<\/strong><\/h3>\n\n\n\n<p>Merck Sharp &amp; Dohme Ges.m.b.H.<\/p>\n\n\n\n<p>THE ICON VIENNA<br>Wiedner G\u00fcrtel 9-13<br>A-1100 Wien<\/p>\n\n\n\n<p>Tel:&nbsp; + 43 (0) 1\/260 44-0<br>Fax: + 43 (0) 1\/260 44-444<br>E-Mail:&nbsp;<a href=\"mailto:\ufffcmsd-austria@msd.com\" title=\"E-Mail Adresse von MSD\" aria-label=\"E-Mail Adresse von MSD: msd-austria@msd.com\">msd-austria@msd.com<\/a><\/p>\n\n\n\n<p>Wir m\u00f6chten unsere Interessenten informieren, dass bei der Kontaktaufnahme personenbezogene Daten zur Bearbeitung der eingehenden Anliegen aufgenommen und von MSD unter voller Achtung der Privatsph\u00e4re behandelt werden.<\/p>\n\n\n\n<p>Interessenten, die mit der Erfassung ihrer Daten nicht einverstanden sind, bitten wir, uns dies schriftlich mitzuteilen. Mehr zu unserer Datenschutzerkl\u00e4rung unter&nbsp;<a href=\"https:\/\/www.msdprivacy.com\/at\/de\/index.html\">https:\/\/www.msdprivacy.com\/at\/de\/index.html<\/a><\/p>\n\n\n\n<p>Alle Bewerbungen, die uns per Email \u00fcber&nbsp;<a href=\"mailto:\ufffcmsd-austria@msd.com\" title=\"E-Mail Adresse von MSD\" aria-label=\"E-Mail Adresse von MSD: msd-austria@msd.com\">msd-austria@msd.com<\/a> erreichen, m\u00fcssen aus Datenschutzgr\u00fcnden unmittelbar gel\u00f6scht werden.<\/p>\n\n\n\n<p>Infos zu offenen Stellen und Bewerbungen sind auf unserem Jobportal zu finden<\/p>\n\n\n\n<p>Link zu Karriere-Portal auf Button: https:\/\/jobs.msd.com\/austria<\/p>\n\n\n\n<h3 class=\"wp-block-heading\"><\/h3>\n\n\n\n<h3 class=\"wp-block-heading\"><strong>Unsere Kontakte f\u00fcr Tiergesundheit<\/strong><\/h3>\n\n\n\n<p>Intervet Ges.m.b.H<br>Siemensstra\u00dfe 107<br>A-1210 Wien-Floridsdorf<br>Tel: +43 1 256 87 87<\/p>\n\n\n\n<p><\/p>\n\n\n\n<p>MSD Animal Health Danube Biotech GmbH<br>Brennaustra\u00dfe 1<br>A-3500 Krems an der Donau<br>Tel: +43 (0)720 205116002<br>E-Mail:&nbsp;<a href=\"mailto:Info.at@msd.com\">Info.at@msd.com<\/a><\/p>\n\n\n\n<p class=\"has-text-align-right\" style=\"font-size:11px\">AT-NON-02731, Erstellt Dezember 2024<\/p>\n\n\n\n<p><\/p>\n","protected":false},"excerpt":{"rendered":"<p>KONTAKT Bei Fragen zu unseren Produkten, inklusive medizinischen Anfragen, Nebenwirkungsmeldungen und Produktqualit\u00e4tsreklamationen stehen wir Ihnen gerne zur Verf\u00fcgung! Unser Kontakt f\u00fcr Human-Medizin Merck Sharp &amp; Dohme Ges.m.b.H. THE ICON VIENNAWiedner G\u00fcrtel 9-13A-1100 Wien Tel:&nbsp; + 43 (0) 1\/260 44-0Fax: + 43 (0) 1\/260 44-444E-Mail:&nbsp;msd-austria@msd.com Wir m\u00f6chten unsere Interessenten informieren, dass bei der Kontaktaufnahme personenbezogene Daten [&hellip;]<\/p>\n","protected":false},"author":61,"featured_media":0,"parent":0,"menu_order":0,"comment_status":"closed","ping_status":"closed","template":"","meta":{"_acf_changed":false,"bdl_company_name":[],"bdl_item_external_link":[],"editor_notices":[],"footnotes":""},"class_list":["post-2725","page","type-page","status-publish","hentry"],"yoast_head":"<!-- This site is optimized with the Yoast SEO plugin v21.9.1 - https:\/\/yoast.com\/wordpress\/plugins\/seo\/ -->\n<title>Kontakt - MSD<\/title>\n<meta name=\"robots\" content=\"index, follow, max-snippet:-1, max-image-preview:large, max-video-preview:-1\" \/>\n<link rel=\"canonical\" href=\"https:\/\/www.msd.at\/de\/kontakt\/\" \/>\n<meta property=\"og:locale\" content=\"en_US\" \/>\n<meta property=\"og:type\" content=\"article\" \/>\n<meta property=\"og:title\" content=\"Kontakt - MSD\" \/>\n<meta property=\"og:description\" content=\"KONTAKT Bei Fragen zu unseren Produkten, inklusive medizinischen Anfragen, Nebenwirkungsmeldungen und Produktqualit\u00e4tsreklamationen stehen wir Ihnen gerne zur Verf\u00fcgung! Unser Kontakt f\u00fcr Human-Medizin Merck Sharp &amp; Dohme Ges.m.b.H. THE ICON VIENNAWiedner G\u00fcrtel 9-13A-1100 Wien Tel:&nbsp; + 43 (0) 1\/260 44-0Fax: + 43 (0) 1\/260 44-444E-Mail:&nbsp;msd-austria@msd.com Wir m\u00f6chten unsere Interessenten informieren, dass bei der Kontaktaufnahme personenbezogene Daten [&hellip;]\" \/>\n<meta property=\"og:url\" content=\"https:\/\/www.msd.at\/de\/kontakt\/\" \/>\n<meta property=\"og:site_name\" content=\"MSD\" \/>\n<meta property=\"article:modified_time\" content=\"2025-10-02T12:22:18+00:00\" \/>\n<meta name=\"twitter:card\" content=\"summary_large_image\" \/>\n<meta name=\"twitter:label1\" content=\"Est. reading time\" \/>\n\t<meta name=\"twitter:data1\" content=\"1 minute\" \/>\n<script type=\"application\/ld+json\" class=\"yoast-schema-graph\">{\"@context\":\"https:\/\/schema.org\",\"@graph\":[{\"@type\":\"WebPage\",\"@id\":\"https:\/\/www.msd.at\/de\/kontakt\/\",\"url\":\"https:\/\/www.msd.at\/de\/kontakt\/\",\"name\":\"Kontakt - MSD\",\"isPartOf\":{\"@id\":\"https:\/\/www.msd.at\/de\/#website\"},\"datePublished\":\"2021-09-16T01:15:56+00:00\",\"dateModified\":\"2025-10-02T12:22:18+00:00\",\"inLanguage\":\"en-US\",\"potentialAction\":[{\"@type\":\"ReadAction\",\"target\":[\"https:\/\/www.msd.at\/de\/kontakt\/\"]}]},{\"@type\":\"WebSite\",\"@id\":\"https:\/\/www.msd.at\/de\/#website\",\"url\":\"https:\/\/www.msd.at\/de\/\",\"name\":\"MSD\",\"description\":\"Just another vip2-msd.com site\",\"potentialAction\":[{\"@type\":\"SearchAction\",\"target\":{\"@type\":\"EntryPoint\",\"urlTemplate\":\"https:\/\/www.msd.at\/de\/?s={search_term_string}\"},\"query-input\":\"required name=search_term_string\"}],\"inLanguage\":\"en-US\"}]}<\/script>\n<!-- \/ Yoast SEO plugin. -->","yoast_head_json":{"title":"Kontakt - MSD","robots":{"index":"index","follow":"follow","max-snippet":"max-snippet:-1","max-image-preview":"max-image-preview:large","max-video-preview":"max-video-preview:-1"},"canonical":"https:\/\/www.msd.at\/de\/kontakt\/","og_locale":"en_US","og_type":"article","og_title":"Kontakt - MSD","og_description":"KONTAKT Bei Fragen zu unseren Produkten, inklusive medizinischen Anfragen, Nebenwirkungsmeldungen und Produktqualit\u00e4tsreklamationen stehen wir Ihnen gerne zur Verf\u00fcgung! Unser Kontakt f\u00fcr Human-Medizin Merck Sharp &amp; Dohme Ges.m.b.H. THE ICON VIENNAWiedner G\u00fcrtel 9-13A-1100 Wien Tel:&nbsp; + 43 (0) 1\/260 44-0Fax: + 43 (0) 1\/260 44-444E-Mail:&nbsp;msd-austria@msd.com Wir m\u00f6chten unsere Interessenten informieren, dass bei der Kontaktaufnahme personenbezogene Daten [&hellip;]","og_url":"https:\/\/www.msd.at\/de\/kontakt\/","og_site_name":"MSD","article_modified_time":"2025-10-02T12:22:18+00:00","twitter_card":"summary_large_image","twitter_misc":{"Est. reading time":"1 minute"},"schema":{"@context":"https:\/\/schema.org","@graph":[{"@type":"WebPage","@id":"https:\/\/www.msd.at\/de\/kontakt\/","url":"https:\/\/www.msd.at\/de\/kontakt\/","name":"Kontakt - MSD","isPartOf":{"@id":"https:\/\/www.msd.at\/de\/#website"},"datePublished":"2021-09-16T01:15:56+00:00","dateModified":"2025-10-02T12:22:18+00:00","inLanguage":"en-US","potentialAction":[{"@type":"ReadAction","target":["https:\/\/www.msd.at\/de\/kontakt\/"]}]},{"@type":"WebSite","@id":"https:\/\/www.msd.at\/de\/#website","url":"https:\/\/www.msd.at\/de\/","name":"MSD","description":"Just another vip2-msd.com site","potentialAction":[{"@type":"SearchAction","target":{"@type":"EntryPoint","urlTemplate":"https:\/\/www.msd.at\/de\/?s={search_term_string}"},"query-input":"required name=search_term_string"}],"inLanguage":"en-US"}]}},"acf":[],"_links":{"self":[{"href":"https:\/\/www.msd.at\/de\/wp-json\/wp\/v2\/pages\/2725","targetHints":{"allow":["GET"]}}],"collection":[{"href":"https:\/\/www.msd.at\/de\/wp-json\/wp\/v2\/pages"}],"about":[{"href":"https:\/\/www.msd.at\/de\/wp-json\/wp\/v2\/types\/page"}],"author":[{"embeddable":true,"href":"https:\/\/www.msd.at\/de\/wp-json\/wp\/v2\/users\/61"}],"replies":[{"embeddable":true,"href":"https:\/\/www.msd.at\/de\/wp-json\/wp\/v2\/comments?post=2725"}],"version-history":[{"count":16,"href":"https:\/\/www.msd.at\/de\/wp-json\/wp\/v2\/pages\/2725\/revisions"}],"predecessor-version":[{"id":6308,"href":"https:\/\/www.msd.at\/de\/wp-json\/wp\/v2\/pages\/2725\/revisions\/6308"}],"wp:attachment":[{"href":"https:\/\/www.msd.at\/de\/wp-json\/wp\/v2\/media?parent=2725"}],"curies":[{"name":"wp","href":"https:\/\/api.w.org\/{rel}","templated":true}]}}