{"id":2723,"date":"2021-09-16T01:13:34","date_gmt":"2021-09-16T01:13:34","guid":{"rendered":"https:\/\/www.msd.at\/de\/?page_id=2723"},"modified":"2025-06-27T08:47:50","modified_gmt":"2025-06-27T08:47:50","slug":"transparenz","status":"publish","type":"page","link":"https:\/\/www.msd.at\/de\/transparenz\/","title":{"rendered":"Transparenz"},"content":{"rendered":"\n<h1 class=\"wp-block-heading\">TRANSPARENZ<\/h1>\n\n\n\n<p>Bei allem, was wir tun, setzen wir die h\u00f6chsten Standards in Bezug auf Ethik und Integrit\u00e4t.<\/p>\n\n\n\n<p>Als Pharmaunternehmen sind wir auf das Vertrauen unserer Kunden und Partner, unserer Mitarbeitenden und der \u00d6ffentlichkeit angewiesen. Wir arbeiten tagt\u00e4glich daf\u00fcr, uns dieses Vertrauen zu verdienen. Dazu geh\u00f6rt auch die transparente Information \u00fcber unser Unternehmen.<\/p>\n\n\n\n<p>Wir informieren proaktiv und detailliert \u00fcber unser Mutterhaus in den USA:<\/p>\n\n\n\n<ul class=\"wp-block-list\">\n<li>in unseren Financial Reports und Corporate Responsibility Reports<\/li>\n\n\n\n<li>durch die Registrierung aller klinischen Studien und die Ver\u00f6ffentlichung der Ergebnisse auf www.clinicaltrials.gov<\/li>\n\n\n\n<li>via Medien<\/li>\n<\/ul>\n\n\n\n<p>Auf nationaler Ebene ver\u00f6ffentlichen wir unsere Unterst\u00fctzung von Patientenorganisationen. Seit 2016 legen wir zus\u00e4tzlich unsere j\u00e4hrlichen geldwerten Leistungen an Fachpersonen und Gesundheitsversorgungsorganisationen offen.<\/p>\n\n\n\n<h3 class=\"wp-block-heading has-text-align-center\"><strong>Ver\u00f6ffentlichung von finanziellen Zuwendungen<\/strong><\/h3>\n\n\n\n<p class=\"has-text-align-center\"><a href=\"https:\/\/www.msd.at\/de\/wp-content\/uploads\/sites\/91\/2025\/06\/Austria_2024_Final-Disclosure-Report_German.pdf\" target=\"_blank\" rel=\"noreferrer noopener\">MSD Austria Final Disclosure Report 2024<\/a><\/p>\n\n\n\n<p class=\"has-text-align-center\"><a data-type=\"URL\" data-id=\"https:\/\/www.msd.at\/de\/wp-content\/uploads\/sites\/91\/2021\/11\/msd_austria_efpia_methodology_statement.pdf\" href=\"https:\/\/www.msd.at\/de\/wp-content\/uploads\/sites\/91\/2021\/11\/msd_austria_efpia_methodology_statement.pdf\">MSD Austria EFPIA Methology Statement<\/a><\/p>\n\n\n\n<p class=\"has-text-align-center\"><a href=\"https:\/\/public-disclosure.msd.com\/2023%20Disclosure%20Report\/Austria\/Austria_2023_Final%20Disclosure%20Report_German.pdf\" target=\"_blank\" rel=\"noreferrer noopener\">MSD Austria Final Disclosure Report 2023<\/a><\/p>\n\n\n\n<p class=\"has-text-align-center\"><a href=\"http:\/\/public-disclosure.msd.com\/2022%20Disclosure%20Reports\/Austria\/Austria_2022_Final%20Disclosure%20Report_German.pdf\" target=\"_blank\" rel=\"noreferrer noopener\">MSD Austria Final Disclosure Report 2022<\/a><\/p>\n\n\n\n<p class=\"has-text-align-center\"><a href=\"http:\/\/public-disclosure.msd.com\/2021%20Disclosure%20Reports\/Austria\/Austria_2021_Final%20Disclosure%20Report_German.pdf\">MSD Austria Final Disclosure Report 2021<\/a><\/p>\n\n\n\n<h3 class=\"wp-block-heading has-text-align-center\"><strong>Von MSD unterst\u00fctzte Patientenorganisationen<\/strong><\/h3>\n\n\n\n<p class=\"has-text-align-center\"><a href=\"https:\/\/www.msd.at\/de\/wp-content\/uploads\/sites\/91\/2025\/06\/MSD-2024-Meldung-Pharmig-Transparenz-PTO_VHC_Art-10.5.pdf\" target=\"_blank\" rel=\"noreferrer noopener\">2024<\/a><\/p>\n\n\n\n<p class=\"has-text-align-center\"><a href=\"https:\/\/www.msd.at\/de\/wp-content\/uploads\/sites\/91\/2024\/06\/MSD-2023-Meldung-Pharmig-Transparenz-PTO_VHC_Art-10.5.pdf\" target=\"_blank\" rel=\"noreferrer noopener\">2023<\/a><\/p>\n\n\n\n<p class=\"has-text-align-center\"><a href=\"https:\/\/www.msd.at\/de\/wp-content\/uploads\/sites\/91\/2023\/06\/MSD-2022-Meldung-Pharmig-Transparenz-PTO_VHC_Art-10.5.pdf\" target=\"_blank\" rel=\"noreferrer noopener\">2022<\/a><\/p>\n\n\n\n<p class=\"has-text-align-center\"><a href=\"https:\/\/www.msd.at\/de\/wp-content\/uploads\/sites\/91\/2022\/07\/MSD-2021-MeldungPharmig-Transparenz-PTO_VHC_Art-10-5.pdf\" target=\"_blank\" rel=\"noreferrer noopener\">2021<\/a><\/p>\n\n\n\n<p class=\"has-text-align-right\" style=\"font-size:11px\">AT-NON-02731, Erstellt Dezember 2024<\/p>\n\n\n\n<p><\/p>\n","protected":false},"excerpt":{"rendered":"<p>TRANSPARENZ Bei allem, was wir tun, setzen wir die h\u00f6chsten Standards in Bezug auf Ethik und Integrit\u00e4t. Als Pharmaunternehmen sind wir auf das Vertrauen unserer Kunden und Partner, unserer Mitarbeitenden und der \u00d6ffentlichkeit angewiesen. Wir arbeiten tagt\u00e4glich daf\u00fcr, uns dieses Vertrauen zu verdienen. Dazu geh\u00f6rt auch die transparente Information \u00fcber unser Unternehmen. Wir informieren proaktiv [&hellip;]<\/p>\n","protected":false},"author":61,"featured_media":0,"parent":0,"menu_order":0,"comment_status":"closed","ping_status":"closed","template":"","meta":{"_acf_changed":false,"bdl_company_name":[],"bdl_item_external_link":[],"editor_notices":[],"footnotes":""},"class_list":["post-2723","page","type-page","status-publish","hentry"],"yoast_head":"<!-- This site is optimized with the Yoast SEO plugin v21.9.1 - https:\/\/yoast.com\/wordpress\/plugins\/seo\/ -->\n<title>Transparenz - MSD<\/title>\n<meta name=\"robots\" content=\"index, follow, max-snippet:-1, max-image-preview:large, max-video-preview:-1\" \/>\n<link rel=\"canonical\" href=\"https:\/\/www.msd.at\/de\/transparenz\/\" \/>\n<meta property=\"og:locale\" content=\"en_US\" \/>\n<meta property=\"og:type\" content=\"article\" \/>\n<meta property=\"og:title\" content=\"Transparenz - MSD\" \/>\n<meta property=\"og:description\" content=\"TRANSPARENZ Bei allem, was wir tun, setzen wir die h\u00f6chsten Standards in Bezug auf Ethik und Integrit\u00e4t. Als Pharmaunternehmen sind wir auf das Vertrauen unserer Kunden und Partner, unserer Mitarbeitenden und der \u00d6ffentlichkeit angewiesen. Wir arbeiten tagt\u00e4glich daf\u00fcr, uns dieses Vertrauen zu verdienen. Dazu geh\u00f6rt auch die transparente Information \u00fcber unser Unternehmen. Wir informieren proaktiv [&hellip;]\" \/>\n<meta property=\"og:url\" content=\"https:\/\/www.msd.at\/de\/transparenz\/\" \/>\n<meta property=\"og:site_name\" content=\"MSD\" \/>\n<meta property=\"article:modified_time\" content=\"2025-06-27T08:47:50+00:00\" \/>\n<meta name=\"twitter:card\" content=\"summary_large_image\" \/>\n<meta name=\"twitter:label1\" content=\"Est. reading time\" \/>\n\t<meta name=\"twitter:data1\" content=\"1 minute\" \/>\n<script type=\"application\/ld+json\" class=\"yoast-schema-graph\">{\"@context\":\"https:\/\/schema.org\",\"@graph\":[{\"@type\":\"WebPage\",\"@id\":\"https:\/\/www.msd.at\/de\/transparenz\/\",\"url\":\"https:\/\/www.msd.at\/de\/transparenz\/\",\"name\":\"Transparenz - MSD\",\"isPartOf\":{\"@id\":\"https:\/\/www.msd.at\/de\/#website\"},\"datePublished\":\"2021-09-16T01:13:34+00:00\",\"dateModified\":\"2025-06-27T08:47:50+00:00\",\"inLanguage\":\"en-US\",\"potentialAction\":[{\"@type\":\"ReadAction\",\"target\":[\"https:\/\/www.msd.at\/de\/transparenz\/\"]}]},{\"@type\":\"WebSite\",\"@id\":\"https:\/\/www.msd.at\/de\/#website\",\"url\":\"https:\/\/www.msd.at\/de\/\",\"name\":\"MSD\",\"description\":\"Just another vip2-msd.com site\",\"potentialAction\":[{\"@type\":\"SearchAction\",\"target\":{\"@type\":\"EntryPoint\",\"urlTemplate\":\"https:\/\/www.msd.at\/de\/?s={search_term_string}\"},\"query-input\":\"required name=search_term_string\"}],\"inLanguage\":\"en-US\"}]}<\/script>\n<!-- \/ Yoast SEO plugin. -->","yoast_head_json":{"title":"Transparenz - MSD","robots":{"index":"index","follow":"follow","max-snippet":"max-snippet:-1","max-image-preview":"max-image-preview:large","max-video-preview":"max-video-preview:-1"},"canonical":"https:\/\/www.msd.at\/de\/transparenz\/","og_locale":"en_US","og_type":"article","og_title":"Transparenz - MSD","og_description":"TRANSPARENZ Bei allem, was wir tun, setzen wir die h\u00f6chsten Standards in Bezug auf Ethik und Integrit\u00e4t. Als Pharmaunternehmen sind wir auf das Vertrauen unserer Kunden und Partner, unserer Mitarbeitenden und der \u00d6ffentlichkeit angewiesen. Wir arbeiten tagt\u00e4glich daf\u00fcr, uns dieses Vertrauen zu verdienen. Dazu geh\u00f6rt auch die transparente Information \u00fcber unser Unternehmen. Wir informieren proaktiv [&hellip;]","og_url":"https:\/\/www.msd.at\/de\/transparenz\/","og_site_name":"MSD","article_modified_time":"2025-06-27T08:47:50+00:00","twitter_card":"summary_large_image","twitter_misc":{"Est. reading time":"1 minute"},"schema":{"@context":"https:\/\/schema.org","@graph":[{"@type":"WebPage","@id":"https:\/\/www.msd.at\/de\/transparenz\/","url":"https:\/\/www.msd.at\/de\/transparenz\/","name":"Transparenz - MSD","isPartOf":{"@id":"https:\/\/www.msd.at\/de\/#website"},"datePublished":"2021-09-16T01:13:34+00:00","dateModified":"2025-06-27T08:47:50+00:00","inLanguage":"en-US","potentialAction":[{"@type":"ReadAction","target":["https:\/\/www.msd.at\/de\/transparenz\/"]}]},{"@type":"WebSite","@id":"https:\/\/www.msd.at\/de\/#website","url":"https:\/\/www.msd.at\/de\/","name":"MSD","description":"Just another vip2-msd.com site","potentialAction":[{"@type":"SearchAction","target":{"@type":"EntryPoint","urlTemplate":"https:\/\/www.msd.at\/de\/?s={search_term_string}"},"query-input":"required name=search_term_string"}],"inLanguage":"en-US"}]}},"acf":[],"_links":{"self":[{"href":"https:\/\/www.msd.at\/de\/wp-json\/wp\/v2\/pages\/2723","targetHints":{"allow":["GET"]}}],"collection":[{"href":"https:\/\/www.msd.at\/de\/wp-json\/wp\/v2\/pages"}],"about":[{"href":"https:\/\/www.msd.at\/de\/wp-json\/wp\/v2\/types\/page"}],"author":[{"embeddable":true,"href":"https:\/\/www.msd.at\/de\/wp-json\/wp\/v2\/users\/61"}],"replies":[{"embeddable":true,"href":"https:\/\/www.msd.at\/de\/wp-json\/wp\/v2\/comments?post=2723"}],"version-history":[{"count":18,"href":"https:\/\/www.msd.at\/de\/wp-json\/wp\/v2\/pages\/2723\/revisions"}],"predecessor-version":[{"id":6235,"href":"https:\/\/www.msd.at\/de\/wp-json\/wp\/v2\/pages\/2723\/revisions\/6235"}],"wp:attachment":[{"href":"https:\/\/www.msd.at\/de\/wp-json\/wp\/v2\/media?parent=2723"}],"curies":[{"name":"wp","href":"https:\/\/api.w.org\/{rel}","templated":true}]}}