{"id":2716,"date":"2021-09-16T01:00:42","date_gmt":"2021-09-16T01:00:42","guid":{"rendered":"https:\/\/www.msd.at\/de\/?page_id=2716"},"modified":"2025-10-02T12:27:50","modified_gmt":"2025-10-02T12:27:50","slug":"impressum","status":"publish","type":"page","link":"https:\/\/www.msd.at\/de\/impressum\/","title":{"rendered":"Impressum"},"content":{"rendered":"\n<h1 class=\"wp-block-heading\">IMPRESSUM<\/h1>\n\n\n\n<p>Informationspflicht nach \u00a7 5 Abs. 1 E-Commerce-Gesetz und Offenlegung nach \u00a7 25 Mediengesetz.<\/p>\n\n\n\n<h3 class=\"wp-block-heading\"><br><strong>Firmenwortlaut Betreiber und Medieninhaber<\/strong><\/h3>\n\n\n\n<p>Merck Sharp &amp; Dohme Ges.m.b.H.<\/p>\n\n\n\n<p>THE ICON VIENNA&nbsp;<br>Wiedner G\u00fcrtel 9-13<br>A-1100 Wien<\/p>\n\n\n\n<p>Tel:&nbsp; + 43 (0) 1\/260 44-0<br>Fax: + 43 (0) 1\/260 44-444<br>E-Mail: <a href=\"mailto:msd-austria@msd.com\" title=\"E-Mail Adresse von MSD\" aria-label=\"E-Mail Adresse von MSD: msd-austria@msd.com\">msd-austria@msd.com<\/a><br>Internet: <a href=\"http:\/\/www.msd.at\/\" target=\"_blank\" rel=\"noreferrer noopener\">http:\/\/www.msd.at\/<\/a><\/p>\n\n\n\n<p>UID-Nummer: ATU17537903<br>Firmenbuchnummer: FN 112226p, Handelsgericht Wien<br>DVR:&nbsp;0107450<\/p>\n\n\n\n<p><a href=\"https:\/\/www.msd.at\/de\/wp-content\/uploads\/sites\/91\/2021\/12\/AGB_MSD_Verkauf_und_Lieferung_Dec_2021.pdf\" target=\"_blank\" rel=\"noreferrer noopener\">Allgemeine Verkaufs- und Lieferbedingungen<\/a>&nbsp;(PDF)<\/p>\n\n\n\n<p><a href=\"https:\/\/www.msd.at\/de\/wp-content\/uploads\/sites\/91\/2024\/03\/Terms-and-Conditions_Austria-_GER-Update_March-2024.pdf\" target=\"_blank\" rel=\"noreferrer noopener\">Einkaufsbedingungen <\/a>(PDF)<br><a href=\"https:\/\/www.msd.at\/de\/wp-content\/uploads\/sites\/91\/2024\/03\/Terms-and-Conditions_Austria_ENG-Update_March_2024.pdf\" target=\"_blank\" rel=\"noreferrer noopener\">Terms &amp; Conditions (english)<\/a> (PDF)<\/p>\n\n\n\n<h3 class=\"wp-block-heading\"><strong>Mitgliedschaften<\/strong><\/h3>\n\n\n\n<p>Mitglied der Pharmig: <a href=\"https:\/\/www.pharmig.at\" target=\"_blank\" rel=\"noreferrer noopener\">www.pharmig.at<\/a><br>Mitglied der Wirtschaftskammer \u00d6sterreich: <a href=\"https:\/\/www.wko.at\" target=\"_blank\" rel=\"noreferrer noopener\">www.wko.at<\/a><\/p>\n\n\n\n<h3 class=\"wp-block-heading\"><strong>Aufsichtsbeh\u00f6rden<\/strong><\/h3>\n\n\n\n<p>Magistrat der Stadt Wien als Gewerbebeh\u00f6rde: <a href=\"https:\/\/www.wien.gv.at\" target=\"_blank\" rel=\"noreferrer noopener\">www.wien.gv.at<\/a><br>Bundesministerium f\u00fcr Soziales, Gesundheit, Pflege und Konsumentenschutz: <a href=\"https:\/\/www.bmgf.gv.at\" target=\"_blank\" rel=\"noreferrer noopener\">www.bmgf.gv.at<\/a><br>Bundesamt f\u00fcr Sicherheit im Gesundheitswesen\/Medizinmarktaufsicht:&nbsp;<a href=\"https:\/\/www.basg.gv.at\" target=\"_blank\" rel=\"noreferrer noopener\">www.basg.gv.at<\/a><\/p>\n\n\n\n<h3 class=\"wp-block-heading\"><strong>Berufsrechtliche Vorschriften<\/strong><\/h3>\n\n\n\n<p>Gewerbeordnung (GewO):&nbsp;<a href=\"https:\/\/ris.bka.gv.at\/geltendefassung.wxe?abfrage=bundesnormen&amp;gesetzesnummer=10007517&amp;fassungvom=2022-02-14&amp;ShowPrintPreview=True\" target=\"_blank\" rel=\"noreferrer noopener\">www.ris.bka.gv.at\/Bund<\/a><br>Arzneimittelgesetz (AMG):&nbsp;<a href=\"https:\/\/ris.bka.gv.at\/geltendefassung.wxe?abfrage=bundesnormen&amp;gesetzesnummer=10010441&amp;fassungvom=2022-01-05&amp;ShowPrintPreview=True\" target=\"_blank\" rel=\"noreferrer noopener\">www.ris.bka.gv.at\/Bund<\/a><br>Pharmig-Verhaltenscodex: <a href=\"https:\/\/www.pharmig.at\/der-verband\/pharmig-verhaltenscodex\/\" target=\"_blank\" rel=\"noreferrer noopener\">www.pharmig.at<\/a><\/p>\n\n\n\n<h3 class=\"wp-block-heading\"><strong>Unternehmensgegenstand<\/strong><\/h3>\n\n\n\n<p>Pharmaunternehmen, Gro\u00dfhandel mit Arzneimitteln<\/p>\n\n\n\n<h3 class=\"wp-block-heading\"><strong>Grundlegende Richtung der Website<\/strong><\/h3>\n\n\n\n<p>Informationsseiten f\u00fcr Patienten, Angeh\u00f6rige und Interessenten gem\u00e4\u00df \u00a7 50 Abs2 Z3 Arzneimittelgesetz.<br>Informationsseiten f\u00fcr medizinisches Fachpublikum (Personen, die zur Verschreibung, Anwendung und Abgabe befugt sind) gem\u00e4\u00df \u00a7 54 AMG iVm \u00a7 2 AMG.<br>Zus\u00e4tzlich informieren wir Interessenten \u00fcber Neuigkeiten im Unternehmen, \u00fcber Karrierem\u00f6glichkeiten bei MSD und \u00fcber Gesundheitsthemen im Allgemeinen.<\/p>\n\n\n\n<h3 class=\"wp-block-heading\"><strong>Gesch\u00e4ftsf\u00fchrer:in<\/strong><\/h3>\n\n\n\n<p>Nicole Schlautmann<br>Omar Israel Albarran Gonzalez<\/p>\n\n\n\n<h3 class=\"wp-block-heading\"><strong>Gesellschafter<\/strong><\/h3>\n\n\n\n<p>MSD Human Health Holding B.V.<\/p>\n\n\n\n<p>Der angef\u00fchrte direkten Gesellschafter der Merck Sharp &amp; Dohme Gesellschaft m.b.H. sind verbundene Unternehmen, die zum Konzern der Merck &amp; Co. Inc. mit Sitz in Rahway, NJ, USA geh\u00f6ren. Merck &amp; Co. Inc. ist an der New York Stock Exchange gelistet.<\/p>\n\n\n\n<p>Alle Rechte, insbesondere das Urheberrecht an allen unter www.msd.at ver\u00f6ffentlichten Informationen (Texte, Bilder, Dateien, usw.) liegen bei&nbsp; Merck &amp; Co., Inc., Rahway, NJ, USA bzw. Merck Sharp &amp; Dohme Gesellschaft m.b.H.,<\/p>\n\n\n\n<p>Bitte beachten Sie, dass der Inhalt dieser Website nur f\u00fcr Besucher aus \u00d6sterreich bestimmt ist. Nutzer au\u00dferhalb \u00d6sterreichs wenden sich bitte an die jeweiligen MSD Landesvertretungen.<\/p>\n\n\n\n<h3 class=\"wp-block-heading\"><strong>Haftungsausschluss<\/strong><\/h3>\n\n\n\n<p>Die bereitgestellten Informationen auf dieser Website wurden sorgf\u00e4ltig gepr\u00fcft und werden regelm\u00e4\u00dfig aktualisiert. Jedoch kann keine Garantie daf\u00fcr \u00fcbernommen werden, dass alle Angaben zu jeder Zeit vollst\u00e4ndig, richtig und in letzter Aktualit\u00e4t dargestellt sind. Dies gilt insbesondere f\u00fcr alle Links zu anderen Websites, auf die direkt oder indirekt verwiesen wird. Alle Angaben k\u00f6nnen ohne vorherige Ank\u00fcndigung erg\u00e4nzt, entfernt oder ge\u00e4ndert werden.<\/p>\n\n\n\n<p>Die beste Darstellung erhalten Sie auf Ihrem PC mit Internet Firefox 3.5+ oder Chrome oder Microsoft Edge; auf Apple Macintosh mit Safari. Die optimale Bildschirmaufl\u00f6sung ist 1024 x 768 oder h\u00f6her.<\/p>\n\n\n\n<p class=\"has-text-align-right\" style=\"font-size:11px\">AT-NON-02731, Erstellt Dezember 2024<\/p>\n","protected":false},"excerpt":{"rendered":"<p>IMPRESSUM Informationspflicht nach \u00a7 5 Abs. 1 E-Commerce-Gesetz und Offenlegung nach \u00a7 25 Mediengesetz. Firmenwortlaut Betreiber und Medieninhaber Merck Sharp &amp; Dohme Ges.m.b.H. THE ICON VIENNA&nbsp;Wiedner G\u00fcrtel 9-13A-1100 Wien Tel:&nbsp; + 43 (0) 1\/260 44-0Fax: + 43 (0) 1\/260 44-444E-Mail: msd-austria@msd.comInternet: http:\/\/www.msd.at\/ UID-Nummer: ATU17537903Firmenbuchnummer: FN 112226p, Handelsgericht WienDVR:&nbsp;0107450 Allgemeine Verkaufs- und Lieferbedingungen&nbsp;(PDF) Einkaufsbedingungen (PDF)Terms &amp; [&hellip;]<\/p>\n","protected":false},"author":61,"featured_media":0,"parent":0,"menu_order":0,"comment_status":"closed","ping_status":"closed","template":"","meta":{"_acf_changed":false,"bdl_company_name":[],"bdl_item_external_link":[],"editor_notices":[],"footnotes":""},"class_list":["post-2716","page","type-page","status-publish","hentry"],"yoast_head":"<!-- This site is optimized with the Yoast SEO plugin v21.9.1 - https:\/\/yoast.com\/wordpress\/plugins\/seo\/ -->\n<title>Impressum - MSD<\/title>\n<meta name=\"robots\" content=\"index, follow, max-snippet:-1, max-image-preview:large, max-video-preview:-1\" \/>\n<link rel=\"canonical\" href=\"https:\/\/www.msd.at\/de\/impressum\/\" \/>\n<meta property=\"og:locale\" content=\"en_US\" \/>\n<meta property=\"og:type\" content=\"article\" \/>\n<meta property=\"og:title\" content=\"Impressum - MSD\" \/>\n<meta property=\"og:description\" content=\"IMPRESSUM Informationspflicht nach \u00a7 5 Abs. 1 E-Commerce-Gesetz und Offenlegung nach \u00a7 25 Mediengesetz. Firmenwortlaut Betreiber und Medieninhaber Merck Sharp &amp; Dohme Ges.m.b.H. THE ICON VIENNA&nbsp;Wiedner G\u00fcrtel 9-13A-1100 Wien Tel:&nbsp; + 43 (0) 1\/260 44-0Fax: + 43 (0) 1\/260 44-444E-Mail: msd-austria@msd.comInternet: http:\/\/www.msd.at\/ UID-Nummer: ATU17537903Firmenbuchnummer: FN 112226p, Handelsgericht WienDVR:&nbsp;0107450 Allgemeine Verkaufs- und Lieferbedingungen&nbsp;(PDF) Einkaufsbedingungen (PDF)Terms &amp; [&hellip;]\" \/>\n<meta property=\"og:url\" content=\"https:\/\/www.msd.at\/de\/impressum\/\" \/>\n<meta property=\"og:site_name\" content=\"MSD\" \/>\n<meta property=\"article:modified_time\" content=\"2025-10-02T12:27:50+00:00\" \/>\n<meta name=\"twitter:card\" content=\"summary_large_image\" \/>\n<meta name=\"twitter:label1\" content=\"Est. reading time\" \/>\n\t<meta name=\"twitter:data1\" content=\"2 minutes\" \/>\n<script type=\"application\/ld+json\" class=\"yoast-schema-graph\">{\"@context\":\"https:\/\/schema.org\",\"@graph\":[{\"@type\":\"WebPage\",\"@id\":\"https:\/\/www.msd.at\/de\/impressum\/\",\"url\":\"https:\/\/www.msd.at\/de\/impressum\/\",\"name\":\"Impressum - MSD\",\"isPartOf\":{\"@id\":\"https:\/\/www.msd.at\/de\/#website\"},\"datePublished\":\"2021-09-16T01:00:42+00:00\",\"dateModified\":\"2025-10-02T12:27:50+00:00\",\"inLanguage\":\"en-US\",\"potentialAction\":[{\"@type\":\"ReadAction\",\"target\":[\"https:\/\/www.msd.at\/de\/impressum\/\"]}]},{\"@type\":\"WebSite\",\"@id\":\"https:\/\/www.msd.at\/de\/#website\",\"url\":\"https:\/\/www.msd.at\/de\/\",\"name\":\"MSD\",\"description\":\"Just another vip2-msd.com site\",\"potentialAction\":[{\"@type\":\"SearchAction\",\"target\":{\"@type\":\"EntryPoint\",\"urlTemplate\":\"https:\/\/www.msd.at\/de\/?s={search_term_string}\"},\"query-input\":\"required name=search_term_string\"}],\"inLanguage\":\"en-US\"}]}<\/script>\n<!-- \/ Yoast SEO plugin. -->","yoast_head_json":{"title":"Impressum - MSD","robots":{"index":"index","follow":"follow","max-snippet":"max-snippet:-1","max-image-preview":"max-image-preview:large","max-video-preview":"max-video-preview:-1"},"canonical":"https:\/\/www.msd.at\/de\/impressum\/","og_locale":"en_US","og_type":"article","og_title":"Impressum - MSD","og_description":"IMPRESSUM Informationspflicht nach \u00a7 5 Abs. 1 E-Commerce-Gesetz und Offenlegung nach \u00a7 25 Mediengesetz. Firmenwortlaut Betreiber und Medieninhaber Merck Sharp &amp; Dohme Ges.m.b.H. THE ICON VIENNA&nbsp;Wiedner G\u00fcrtel 9-13A-1100 Wien Tel:&nbsp; + 43 (0) 1\/260 44-0Fax: + 43 (0) 1\/260 44-444E-Mail: msd-austria@msd.comInternet: http:\/\/www.msd.at\/ UID-Nummer: ATU17537903Firmenbuchnummer: FN 112226p, Handelsgericht WienDVR:&nbsp;0107450 Allgemeine Verkaufs- und Lieferbedingungen&nbsp;(PDF) Einkaufsbedingungen (PDF)Terms &amp; [&hellip;]","og_url":"https:\/\/www.msd.at\/de\/impressum\/","og_site_name":"MSD","article_modified_time":"2025-10-02T12:27:50+00:00","twitter_card":"summary_large_image","twitter_misc":{"Est. reading time":"2 minutes"},"schema":{"@context":"https:\/\/schema.org","@graph":[{"@type":"WebPage","@id":"https:\/\/www.msd.at\/de\/impressum\/","url":"https:\/\/www.msd.at\/de\/impressum\/","name":"Impressum - MSD","isPartOf":{"@id":"https:\/\/www.msd.at\/de\/#website"},"datePublished":"2021-09-16T01:00:42+00:00","dateModified":"2025-10-02T12:27:50+00:00","inLanguage":"en-US","potentialAction":[{"@type":"ReadAction","target":["https:\/\/www.msd.at\/de\/impressum\/"]}]},{"@type":"WebSite","@id":"https:\/\/www.msd.at\/de\/#website","url":"https:\/\/www.msd.at\/de\/","name":"MSD","description":"Just another vip2-msd.com site","potentialAction":[{"@type":"SearchAction","target":{"@type":"EntryPoint","urlTemplate":"https:\/\/www.msd.at\/de\/?s={search_term_string}"},"query-input":"required name=search_term_string"}],"inLanguage":"en-US"}]}},"acf":[],"_links":{"self":[{"href":"https:\/\/www.msd.at\/de\/wp-json\/wp\/v2\/pages\/2716","targetHints":{"allow":["GET"]}}],"collection":[{"href":"https:\/\/www.msd.at\/de\/wp-json\/wp\/v2\/pages"}],"about":[{"href":"https:\/\/www.msd.at\/de\/wp-json\/wp\/v2\/types\/page"}],"author":[{"embeddable":true,"href":"https:\/\/www.msd.at\/de\/wp-json\/wp\/v2\/users\/61"}],"replies":[{"embeddable":true,"href":"https:\/\/www.msd.at\/de\/wp-json\/wp\/v2\/comments?post=2716"}],"version-history":[{"count":30,"href":"https:\/\/www.msd.at\/de\/wp-json\/wp\/v2\/pages\/2716\/revisions"}],"predecessor-version":[{"id":6311,"href":"https:\/\/www.msd.at\/de\/wp-json\/wp\/v2\/pages\/2716\/revisions\/6311"}],"wp:attachment":[{"href":"https:\/\/www.msd.at\/de\/wp-json\/wp\/v2\/media?parent=2716"}],"curies":[{"name":"wp","href":"https:\/\/api.w.org\/{rel}","templated":true}]}}