{"id":2385,"date":"2021-09-01T02:08:11","date_gmt":"2021-09-01T02:08:11","guid":{"rendered":"https:\/\/www.msd.at\/de\/?page_id=2385"},"modified":"2025-07-08T10:11:07","modified_gmt":"2025-07-08T10:11:07","slug":"forschung-entwicklung","status":"publish","type":"page","link":"https:\/\/www.msd.at\/de\/forschung-entwicklung\/","title":{"rendered":"Forschung &#038; Entwicklung"},"content":{"rendered":"\n<div id=\"mco-b2-hero-block-block_86a9255930ff32a34681f678deee8eb1\" class=\"mco-b2-hero-block full mccberg-block\">\n    <div class=\"mco-b2-hero-block-wrapper\">\n        <div class=\"mco-b2-hero-block-image-section \">\n\n                            <div class=\"mco-b2-hero-block-image-container \">\n                    <picture >\n\t<source media=\"(max-width: 767px)\" data-srcset=\"https:\/\/www.msd.at\/de\/wp-content\/uploads\/sites\/91\/2021\/10\/Discovery-Development.jpg?w=768\" srcset=\"https:\/\/www.msd.at\/de\/wp-content\/uploads\/sites\/91\/2021\/10\/Discovery-Development.jpg?w=768\" >\n<source media=\"(min-width: 768px) and (max-width: 1199px)\" data-srcset=\"https:\/\/www.msd.at\/de\/wp-content\/uploads\/sites\/91\/2021\/10\/Discovery-Development.jpg?h=768\" srcset=\"https:\/\/www.msd.at\/de\/wp-content\/uploads\/sites\/91\/2021\/10\/Discovery-Development.jpg?h=768\" >\n<source media=\"(min-width: 1200px) and (max-width: 1919px)\" data-srcset=\"https:\/\/www.msd.at\/de\/wp-content\/uploads\/sites\/91\/2021\/10\/Discovery-Development.jpg?w=1200\" srcset=\"https:\/\/www.msd.at\/de\/wp-content\/uploads\/sites\/91\/2021\/10\/Discovery-Development.jpg?w=1200\" >\n<source media=\"(min-width: 1920px)\" data-srcset=\"https:\/\/www.msd.at\/de\/wp-content\/uploads\/sites\/91\/2021\/10\/Discovery-Development.jpg?w=1920\" srcset=\"https:\/\/www.msd.at\/de\/wp-content\/uploads\/sites\/91\/2021\/10\/Discovery-Development.jpg?w=1920\" >\n\t<img data-src=\"https:\/\/www.msd.at\/de\/wp-content\/uploads\/sites\/91\/2021\/10\/Discovery-Development.jpg?w=1920\" alt=\"\" class=\"eager \" loading=\"eager\" \/>\n<\/picture>                                    <\/div>\n                        <div class=\"mco-b2-hero-block-image-container-two\">\n                            <\/div>\n        <\/div>\n\n        <div class=\"mco-b2-hero-block-content-section\">\n                        \n                            <h1>Forschung &amp; Entwicklung <\/h1>\n            \n                            <div class=\"mco-b2-hero-block-description\"><p>Wir streben danach, das f\u00fchrende, forschungsintensive biopharmazeutische Unternehmen zu sein. Wir bringen kreative K\u00f6pfe zusammen, um Wissenschaft in lebensver\u00e4ndernde Medikamente und Impfstoffe zu verwandeln. Denn wir forschen f\u00fcr das Leben!<\/p>\n<\/div>\n            \n                    <\/div>\n    <\/div>\n\n    \n<\/div>\n\n\n<div id=\"mco-title-block-block_00b83dfebdc3329e76716dd27e1d487c\" \n\t class=\"mco-title-block mccberg-block aligncenter\" \n\t \t >\n\t<div class=\"wrapper\">\n\t\t<div class=\"mco-title-block-content\">\n\t\t\t\n\t\t\t<h2 class=\"mco-title-block-title\">ARZNEIMITTEL\u00adENTWICKLUNG \u2013 VOM MOLEK\u00dcL ZUM MEDIKAMENT<\/h2>\n\n\t\t\t\t\t\t\t<p class=\"mco-title-block-description\"><p>Von der Entdeckung bis zur Zulassung muss ein Wirkstoff viele Prozesse durchlaufen. Erst nach eingehender Pr\u00fcfung und intensiven Studien wird ein neu entdeckter Wirkstoff zum zugelassenen Medikament. Nur ein Bruchteil der erforschten Substanzen bekommt eine Zulassung. Bis der Wirkstoff als Medikament beim Patienten ankommt, vergehen im Durchschnitt 13,5 Jahre.<\/p>\n<p>Hier k\u00f6nnen Sie alle aktuellen Studien einsehen, die wir als MSD derzeit in \u00d6sterreich durchf\u00fchren.<\/p>\n<\/p>\n\t\t\t\t\t\t\n\t\t\t \n\t\t\t\t<div class=\"mco-title-block-cta-container\">\n\n\t\t\t\t\t\t\t\t\t\t\t<a\n                            class=\"btn mco-title-block-cta-btn\"\n                            href=\"https:\/\/www.msdclinicaltrials.com\/?lang=de\"\n                            title=\"Zu den aktuellen Studien\"\n                            target=\"_blank\"\n                                                    >Zu den aktuellen Studien<\/a>\n\t\t\t\t\t\n\t\t\t\t\t\t\t\t\t\t\n\t\t\t\t<\/div>\n\t\t\t\t\t<\/div>\n\t<\/div>\n<\/div>\n\n<div id=\"mco-title-block-block_3a4ffdb8fee18d200c88e74e831fdb17\" \n\t class=\"mco-title-block mccberg-block aligncenter\" \n\t \t >\n\t<div class=\"wrapper\">\n\t\t<div class=\"mco-title-block-content\">\n\t\t\t\n\t\t\t<h2 class=\"mco-title-block-title\">VIER SCHRITTE DER ARZNEIMITTEL\u00adENTWICKLUNG<\/h2>\n\n\t\t\t\t\t\t\t<p class=\"mco-title-block-description\"><p>WIRKSTOFFENTDECKUNG<\/p>\n<p>PR\u00c4KLINISCHE ENTWICKLUNG<\/p>\n<p>KLINISCHE ENTWICKLUNG<\/p>\n<p>ZULASSUNG UND LAUFENDE REGULATORISCHE \u00dcBERWACHUNG<\/p>\n<\/p>\n\t\t\t\t\t\t\n\t\t\t\t\t<\/div>\n\t<\/div>\n<\/div>\n\n<link rel='stylesheet' id='mccberg-f7-listicle-module-css-css' href='https:\/\/www.msd.at\/de\/wp-content\/themes\/cex-wpvip-mhh-mhh2-mcc-theme\/blocks\/mccberg\/f7-listicle\/css\/style.css?ver=6.8.5' media='all' \/>\n\n<div class=\"mccberg-block wp-block-mccberg-f7-listicle mco-f7-block wrapper-story-narrower\">\n<div class=\"wp-block-mccberg-f7-listicle-item f7-listicle-item\"><div class=\"f7-listicle-header\"><div><\/div><div><p>01.<\/p><\/div><div><\/div><\/div><div class=\"f7-listicle-content\">\n<p class=\"has-text-align-center\"><strong>WIRKSTOFFENTDECKUNG<\/strong><\/p>\n\n\n\n<p class=\"has-text-align-center\">Um neue Behandlungsmethoden und Wirkstoffe entwickeln zu k\u00f6nnen, muss zuerst die Erkrankung, ihre Mechanismen und ihre Entstehung verstanden werden. Darum beginnt die Arzneimittelentwicklung bei einer genauen Beobachtung und Erforschung von Gesundheitsproblemen &#8211; von der Genetik einer Krankheit \u00fcber die Struktur einzelner Proteine bis hin zur Art und Weise, wie Molek\u00fcle in Krankheiten miteinander interagieren. So k\u00f6nnen Wissenschaftler dann neue Ansatzpunkte f\u00fcr Therapien identifizieren und passende Wirkstoffe entwickeln.<\/p>\n<\/div><\/div>\n<\/div>\n\n\n\n<div class=\"mccberg-block wp-block-mccberg-f7-listicle mco-f7-block wrapper-story-narrower\">\n<div class=\"wp-block-mccberg-f7-listicle-item f7-listicle-item\"><div class=\"f7-listicle-header\"><div><\/div><div><p>02.<\/p><\/div><div><\/div><\/div><div class=\"f7-listicle-content\">\n<p class=\"has-text-align-center\"><strong>PR\u00c4KLINISCHE ENTWICKLUNG<\/strong><\/p>\n\n\n\n<p class=\"has-text-align-center\">Die bei der Wirkstoffentdeckung erforschten Substanzen werden verfeinert, optimiert und umfassend in Labor- und Tiermodellen getestet, um ausreichende Nachweise f\u00fcr die Sicherheit und Wirksamkeit zu liefern, bevor die klinische Pr\u00fcfung am Menschen beginnen kann. Bevor der Wirkstoff in die Phase der klinischen Entwicklung kommt, muss sichergestellt werden, dass die neue Substanz w\u00e4hrend der klinischen Studien in ausreichender Menge zur Verf\u00fcgung steht. Da bisher nur kleine Mengen ben\u00f6tigt wurden, muss nun die Produktion an den deutlich h\u00f6heren Bedarf in der klinischen Phase angepasst werden.<\/p>\n<\/div><\/div>\n<\/div>\n\n\n\n<div class=\"mccberg-block wp-block-mccberg-f7-listicle mco-f7-block wrapper-story-narrower\">\n<div class=\"wp-block-mccberg-f7-listicle-item f7-listicle-item\"><div class=\"f7-listicle-header\"><div><\/div><div><p>03.<\/p><\/div><div><\/div><\/div><div class=\"f7-listicle-content\">\n<p class=\"has-text-align-center\"><strong>KLINISCHE ENTWICKLUNG<\/strong><\/p>\n\n\n\n<p class=\"has-text-align-center\">Eine klinische Studie ist eine Untersuchung an freiwilligen Personen, die neue Wege zur Vorbeugung, Erkennung, Diagnose und Behandlung von Krankheiten testen. In diesen kontrollierten Studien werden Impfstoffe und Medikamente auf ihre Wirksamkeit und Vertr\u00e4glichkeit gepr\u00fcft. Dabei m\u00fcssen Wirkstoffe vier klinische Phasen durchlaufen.<\/p>\n\n\n\n<p class=\"has-text-align-center\"><strong>PHASE I<\/strong><\/p>\n\n\n\n<p class=\"has-text-align-center\">In klinischen Studien der Phase I wird das Arzneimittel das erste Mal am Menschen gepr\u00fcft (&#8220;First-in-Man&#8221;). Dabei wird der Weg des Arzneimittels durch den K\u00f6rper und seine Verstoffwechslung an meist gesunden Freiwilligen beziehungsweise an freiwilligen Patienten untersucht.<\/p>\n\n\n\n<p class=\"has-text-align-center\"><strong>PHASE II<\/strong><\/p>\n\n\n\n<p class=\"has-text-align-center\">In klinischen Studien der Phase II wird die Wirkung an Menschen, die an einer bestimmten Krankheit leiden, gepr\u00fcft. An den Studien der Phase II nehmen bis zu 500 Patienten teil. In dieser Phase sollen nicht nur die Wirksamkeit und die Vertr\u00e4glichkeit des Arzneimittels gepr\u00fcft, sondern auch die geeignete Dosierung festgelegt werden.<\/p>\n\n\n\n<p class=\"has-text-align-center\"><strong>PHASE III<\/strong><\/p>\n\n\n\n<p class=\"has-text-align-center\">Hat das Arzneimittel erfolgreich die Phase II durchlaufen, wird es in klinischen Studien der Phase III an einer gr\u00f6\u00dferen Zahl von Patienten weiter untersucht. Ziel ist es zu zeigen, dass das Arzneimittel bei vielen Patienten die erw\u00fcnschte Wirksamkeit zeigt. Weiters k\u00f6nnen in dieser Phase seltene Nebenwirkungen entdeckt werden.<\/p>\n\n\n\n<p class=\"has-text-align-center\">Verl\u00e4uft die Phase III erfolgreich, kann der Hersteller die Zulassung f\u00fcr das Arzneimittel beantragen \u2013 also die beh\u00f6rdliche Erlaubnis, das Arzneimittel in den Verkehr zu bringen.<\/p>\n\n\n\n<p class=\"has-text-align-center\"><strong>PHASE IV<\/strong><\/p>\n\n\n\n<p class=\"has-text-align-center\">In klinischen Studien der Phase IV wird ein Arzneimittel auch nach der Zulassung weiteren Pr\u00fcfungen unterzogen. Hier wird das Arzneimittel unter Alltagsbedingungen an bis zu mehreren tausend Patienten untersucht. Dabei wird beispielsweise die Langzeitvertr\u00e4glichkeit des Arzneimittels oder die Wechselwirkungen mit anderen Arzneimitteln gepr\u00fcft.<\/p>\n<\/div><\/div>\n<\/div>\n\n\n\n<div class=\"mccberg-block wp-block-mccberg-f7-listicle mco-f7-block wrapper-story-narrower\">\n<div class=\"wp-block-mccberg-f7-listicle-item f7-listicle-item\"><div class=\"f7-listicle-header\"><div><\/div><div><p>04.<\/p><\/div><div><\/div><\/div><div class=\"f7-listicle-content\">\n<p class=\"has-text-align-center\"><strong>ZULASSUNG UND LAUFENDE REGULATORISCHE \u00dcBERWACHUNG<\/strong><\/p>\n\n\n\n<p class=\"has-text-align-center\">Wenn ein Wirkstoff den Prozess der klinischen Pr\u00fcfung abgeschlossen hat und die Daten gesammelt und analysiert wurden, k\u00f6nnen sie den zust\u00e4ndigen Beh\u00f6rden zur \u00dcberpr\u00fcfung vorgelegt werden. Bevor ein Medikament oder Impfstoff in \u00d6sterreich verkauft werden kann, ist die nationale Zulassung durch das Bundesamt f\u00fcr Sicherheit im Gesundheitswesen (BASG) oder die europ\u00e4ische Zulassung bei der European Medicine Agency (EMA) erforderlich.<\/p>\n\n\n\n<p class=\"has-text-align-center\">Nur etwa eines von der Vielzahl der getesteten Molek\u00fclen schafft es letztendlich durch den Prozess der klinischen Studienphasen und beh\u00f6rdlichen Pr\u00fcfungen und wird schlie\u00dflich als Arzneimittel oder Impfstoff zugelassen. Dabei werden von der Entwicklung im Labor bis zur ersten Verschreibung rund 800 Mio. Euro in einen Wirkstoff investiert. Unsere Forschungs- und Entwicklungsarbeit setzt sich auch nach der Zulassung eines neuen Medikaments oder Impfstoffs fort, da wir die Sicherheit, Wirksamkeit und den Wert unserer Produkte kontinuierlich \u00fcberwachen und auswerten.<\/p>\n<\/div><\/div>\n<\/div>\n\n\n\n<div style=\"height:100px\" aria-hidden=\"true\" class=\"wp-block-spacer\"><\/div>\n\n\n\n<p class=\"has-text-align-right\" style=\"font-size:11px\">AT-NON-03089, Erstellt Juli 2025<\/p>\n","protected":false},"excerpt":{"rendered":"<p>AT-NON-03089, Erstellt Juli 2025<\/p>\n","protected":false},"author":61,"featured_media":0,"parent":0,"menu_order":2,"comment_status":"closed","ping_status":"closed","template":"","meta":{"_acf_changed":false,"bdl_company_name":[],"bdl_item_external_link":[],"editor_notices":[],"footnotes":""},"class_list":["post-2385","page","type-page","status-publish","hentry"],"yoast_head":"<!-- This site is optimized with the Yoast SEO plugin v21.9.1 - https:\/\/yoast.com\/wordpress\/plugins\/seo\/ -->\n<title>Forschung &amp; Entwicklung - MSD<\/title>\n<meta name=\"robots\" content=\"index, follow, max-snippet:-1, max-image-preview:large, max-video-preview:-1\" \/>\n<link rel=\"canonical\" href=\"https:\/\/www.msd.at\/de\/forschung-entwicklung\/\" \/>\n<meta property=\"og:locale\" content=\"en_US\" \/>\n<meta property=\"og:type\" content=\"article\" \/>\n<meta property=\"og:title\" content=\"Forschung &amp; Entwicklung - MSD\" \/>\n<meta property=\"og:description\" content=\"AT-NON-03089, Erstellt Juli 2025\" \/>\n<meta property=\"og:url\" content=\"https:\/\/www.msd.at\/de\/forschung-entwicklung\/\" \/>\n<meta property=\"og:site_name\" content=\"MSD\" \/>\n<meta property=\"article:modified_time\" content=\"2025-07-08T10:11:07+00:00\" \/>\n<meta name=\"twitter:card\" content=\"summary_large_image\" \/>\n<meta name=\"twitter:label1\" content=\"Est. reading time\" \/>\n\t<meta name=\"twitter:data1\" content=\"3 minutes\" \/>\n<script type=\"application\/ld+json\" class=\"yoast-schema-graph\">{\"@context\":\"https:\/\/schema.org\",\"@graph\":[{\"@type\":\"WebPage\",\"@id\":\"https:\/\/www.msd.at\/de\/forschung-entwicklung\/\",\"url\":\"https:\/\/www.msd.at\/de\/forschung-entwicklung\/\",\"name\":\"Forschung & Entwicklung - MSD\",\"isPartOf\":{\"@id\":\"https:\/\/www.msd.at\/de\/#website\"},\"datePublished\":\"2021-09-01T02:08:11+00:00\",\"dateModified\":\"2025-07-08T10:11:07+00:00\",\"inLanguage\":\"en-US\",\"potentialAction\":[{\"@type\":\"ReadAction\",\"target\":[\"https:\/\/www.msd.at\/de\/forschung-entwicklung\/\"]}]},{\"@type\":\"WebSite\",\"@id\":\"https:\/\/www.msd.at\/de\/#website\",\"url\":\"https:\/\/www.msd.at\/de\/\",\"name\":\"MSD\",\"description\":\"Just another vip2-msd.com site\",\"potentialAction\":[{\"@type\":\"SearchAction\",\"target\":{\"@type\":\"EntryPoint\",\"urlTemplate\":\"https:\/\/www.msd.at\/de\/?s={search_term_string}\"},\"query-input\":\"required name=search_term_string\"}],\"inLanguage\":\"en-US\"}]}<\/script>\n<!-- \/ Yoast SEO plugin. -->","yoast_head_json":{"title":"Forschung & Entwicklung - MSD","robots":{"index":"index","follow":"follow","max-snippet":"max-snippet:-1","max-image-preview":"max-image-preview:large","max-video-preview":"max-video-preview:-1"},"canonical":"https:\/\/www.msd.at\/de\/forschung-entwicklung\/","og_locale":"en_US","og_type":"article","og_title":"Forschung & Entwicklung - MSD","og_description":"AT-NON-03089, Erstellt Juli 2025","og_url":"https:\/\/www.msd.at\/de\/forschung-entwicklung\/","og_site_name":"MSD","article_modified_time":"2025-07-08T10:11:07+00:00","twitter_card":"summary_large_image","twitter_misc":{"Est. reading time":"3 minutes"},"schema":{"@context":"https:\/\/schema.org","@graph":[{"@type":"WebPage","@id":"https:\/\/www.msd.at\/de\/forschung-entwicklung\/","url":"https:\/\/www.msd.at\/de\/forschung-entwicklung\/","name":"Forschung & Entwicklung - MSD","isPartOf":{"@id":"https:\/\/www.msd.at\/de\/#website"},"datePublished":"2021-09-01T02:08:11+00:00","dateModified":"2025-07-08T10:11:07+00:00","inLanguage":"en-US","potentialAction":[{"@type":"ReadAction","target":["https:\/\/www.msd.at\/de\/forschung-entwicklung\/"]}]},{"@type":"WebSite","@id":"https:\/\/www.msd.at\/de\/#website","url":"https:\/\/www.msd.at\/de\/","name":"MSD","description":"Just another vip2-msd.com site","potentialAction":[{"@type":"SearchAction","target":{"@type":"EntryPoint","urlTemplate":"https:\/\/www.msd.at\/de\/?s={search_term_string}"},"query-input":"required name=search_term_string"}],"inLanguage":"en-US"}]}},"acf":[],"_links":{"self":[{"href":"https:\/\/www.msd.at\/de\/wp-json\/wp\/v2\/pages\/2385","targetHints":{"allow":["GET"]}}],"collection":[{"href":"https:\/\/www.msd.at\/de\/wp-json\/wp\/v2\/pages"}],"about":[{"href":"https:\/\/www.msd.at\/de\/wp-json\/wp\/v2\/types\/page"}],"author":[{"embeddable":true,"href":"https:\/\/www.msd.at\/de\/wp-json\/wp\/v2\/users\/61"}],"replies":[{"embeddable":true,"href":"https:\/\/www.msd.at\/de\/wp-json\/wp\/v2\/comments?post=2385"}],"version-history":[{"count":57,"href":"https:\/\/www.msd.at\/de\/wp-json\/wp\/v2\/pages\/2385\/revisions"}],"predecessor-version":[{"id":6242,"href":"https:\/\/www.msd.at\/de\/wp-json\/wp\/v2\/pages\/2385\/revisions\/6242"}],"wp:attachment":[{"href":"https:\/\/www.msd.at\/de\/wp-json\/wp\/v2\/media?parent=2385"}],"curies":[{"name":"wp","href":"https:\/\/api.w.org\/{rel}","templated":true}]}}