{"id":2033,"date":"2021-09-01T01:59:48","date_gmt":"2021-09-01T01:59:48","guid":{"rendered":"https:\/\/www.msd.at\/de\/?page_id=2033"},"modified":"2025-09-19T10:15:35","modified_gmt":"2025-09-19T10:15:35","slug":"join4care","status":"publish","type":"page","link":"https:\/\/www.msd.at\/de\/join4care\/","title":{"rendered":"Join4Care"},"content":{"rendered":"<div id=\"mco-title-block-block_e0c64479b806918e8e00970705109e13\" \n\t class=\"mco-title-block mccberg-block aligncenter\" \n\t \t >\n\t<div class=\"wrapper\">\n\t\t<div class=\"mco-title-block-content\">\n\t\t\t\n\t\t\t<h2 class=\"mco-title-block-title\">MSD JOIN4CARE<\/h2>\n\n\t\t\t\t\t\t\t<p class=\"mco-title-block-description\"><h3>EINER DER GR\u00d6\u00dfTEN INNOVATIONSPREISE IN DER ONKOLOGIE IN \u00d6STERREICH<\/h3>\n<p>2019 wurde der MSD Join4Care Award ins Leben gerufen. Mit einer Dotierung von <strong>30.000\u20ac<\/strong> ist der MSD Join4Care Award einer der gr\u00f6\u00dften Innovationspreise in der (Immun-) Onkologie in \u00d6sterreich.<\/p>\n<p style=\"text-align: center\">Der Award unterst\u00fctzt Angeh\u00f6rige des Gesundheitswesens, ihre innovativen, praxis- und <strong>patientenorientierten Projekte<\/strong> im Bereich (Immun-) Onkologie umzusetzen.<\/p>\n<p>Der MSD Join4Care Award wird jedes Jahr von einer unabh\u00e4ngigen Jury anhand bestimmter Kriterien (diese k\u00f6nnen Sie unten sehen) bewertet und bei den\u00a0<strong>Oncology Days 2026<\/strong> \u00fcberreicht.<span class=\"Apple-converted-space\">\u00a0<\/span><\/p>\n<p>Die Projekte k\u00f6nnen ab jetzt bis <strong>Ende J\u00e4nner 2026<\/strong> eingereicht werden.<\/p>\n<\/p>\n\t\t\t\t\t\t\n\t\t\t \n\t\t\t\t<div class=\"mco-title-block-cta-container\">\n\n\t\t\t\t\t\t\t\t\t\t\t<a\n                            class=\"btn mco-title-block-cta-btn\"\n                            href=\"https:\/\/go.screver.com\/msd-at-cx\/68a42e8be6a08e2d71bab401\"\n                            title=\"JETZT BEWERBEN\"\n                            target=\"_self\"\n                                                    >JETZT BEWERBEN<\/a>\n\t\t\t\t\t\n\t\t\t\t\t\t\t\t\t\t\n\t\t\t\t<\/div>\n\t\t\t\t\t<\/div>\n\t<\/div>\n<\/div>\n\n<div id=\"mco-b5-content-block-block_698965d3d6219506ff2253db397d6e4f\"\n     class=\"mco-b5-content-block mccberg-block negative right\">\n    <div class=\"wrapper\">\n\t\t\t\t\t\t\t            <div class=\"mco-b5-content-block-image-section \">\n\t\t\t\t                <picture >\n                                                                        <source media=\"(max-width: 767px)\"\n                                    data-srcset=\"https:\/\/www.msd.at\/de\/wp-content\/uploads\/sites\/91\/2025\/05\/header-join4care2025.jpg?resize=696,425\" \/>\n                                                                                                <source media=\"(min-width: 768px) and (max-width: 1199px)\"\n                                    data-srcset=\"https:\/\/www.msd.at\/de\/wp-content\/uploads\/sites\/91\/2025\/05\/header-join4care2025.jpg?resize=384,468\" \/>\n                                                                                                <source media=\"(min-width: 1200px)\"\n                                    data-srcset=\"https:\/\/www.msd.at\/de\/wp-content\/uploads\/sites\/91\/2025\/05\/header-join4care2025.jpg?resize=750,650\" \/>\n                                                                                                <source media=\"(min-width: 1600px)\"\n                                    data-srcset=\"https:\/\/www.msd.at\/de\/wp-content\/uploads\/sites\/91\/2025\/05\/header-join4care2025.jpg?resize=850,744\" \/>\n                                                                                                <source media=\"(min-width: 1920px)\"\n                                    data-srcset=\"https:\/\/www.msd.at\/de\/wp-content\/uploads\/sites\/91\/2025\/05\/header-join4care2025.jpg?resize=980,832\" \/>\n                                                                                                <img\n                                data-src=\"https:\/\/www.msd.at\/de\/wp-content\/uploads\/sites\/91\/2025\/05\/header-join4care2025.jpg?resize=650,544\"\n                                alt=\"\"\n                                class=\"lazyload parallax-scroll\"\n                                loading=\"lazy\"\n                            \/>\n                                                            <\/picture>\n\t\t\t\t            <\/div>\n\t\t        <div class=\"mco-b5-content-block-content-section\">\n\t\t\t\n\t\t\t                <h3 class=\"mco-b5-content-block-heading mcc-b5-normal-title\">\n                    Der MSD Award hat eine Dotierung von 30.000\u20ac                <\/h3 >\n\t\t\t\n\t\t\t\n                        <div class=\"mco-b5-content-block-content-buttons-container\">\n\t\t\t\t\t\t\t\t\t\t\t\t            <\/div>\n        <\/div>\n    <\/div>\n<\/div>\n<div class=\"mco-b5-content-block-modal popup\" style=\"display: none;\" role=\"dialog\" >\n    <div class=\"popup-wrapper\">\n        <div class=\"mco-b5-content-block-modal-content popup-content\">\n            <button class=\"mco-b5-content-block-modal-close popup-close\" >&times;<\/button>\n            <div class=\"mco-b5-content-block-modal-video\"><\/div>\n        <\/div>\n    <\/div>\n<\/div>\n\n\n<div id=\"mco-title-block-block_ef4f900d34c63b1ca2ea2d35ee9b6438\" \n\t class=\"mco-title-block mccberg-block aligncenter\" \n\t \t >\n\t<div class=\"wrapper\">\n\t\t<div class=\"mco-title-block-content\">\n\t\t\t\n\t\t\t<h2 class=\"mco-title-block-title\">UNABH\u00c4NGIGE JURY<\/h2>\n\n\t\t\t\t\t\t\t<p class=\"mco-title-block-description\"><p>Der <strong>MSD Join4Care Award<\/strong> wird von unabh\u00e4ngigen und renommierten Experten aus dem Gesundheitswesen vergeben.<\/p>\n<\/p>\n\t\t\t\t\t\t\n\t\t\t \n\t\t\t\t<div class=\"mco-title-block-cta-container\">\n\n\t\t\t\t\t\t\t\t\t\t\t<a\n                            class=\"btn mco-title-block-cta-btn\"\n                            href=\"https:\/\/www.msd.at\/de\/jury\/\"\n                            title=\"Lernen Sie die Mitglieder der Jury kennen\"\n                            target=\"_self\"\n                                                    >Lernen Sie die Mitglieder der Jury kennen<\/a>\n\t\t\t\t\t\n\t\t\t\t\t\t\t\t\t\t\n\t\t\t\t<\/div>\n\t\t\t\t\t<\/div>\n\t<\/div>\n<\/div>\n\n\n<div class=\"wp-block-columns is-layout-flex wp-container-core-columns-is-layout-9d6595d7 wp-block-columns-is-layout-flex\">\n<div class=\"wp-block-column is-layout-flow wp-block-column-is-layout-flow\" style=\"flex-basis:66.66%\"><div id=\"mco-title-block-block_fd4319b7a049a0158625d4b699333227\" \n\t class=\"mco-title-block mccberg-block\" \n\t \t >\n\t<div class=\"wrapper\">\n\t\t<div class=\"mco-title-block-content\">\n\t\t\t\n\t\t\t<h2 class=\"mco-title-block-title\">KRITERIEN<\/h2>\n\n\t\t\t\t\t\t\t<p class=\"mco-title-block-description\"><h4 class=\"text\"><strong><span style=\"color: #00877c\">Mindestens eines der folgenden Kriterien muss erf\u00fcllt werden:<br \/>\n<\/span><\/strong><\/h4>\n<ol>\n<li>Praxisorientierte L\u00f6sungen, die das Therapiemanagement und Wohlbefinden von Patient:innen verbessern.\n<p><em>Beispiel: Entwicklung einer App zur individualisierten Betreuungsplanung von onkologischen Patient:innen zur Erh\u00f6hung der Lebensqualit\u00e4t (z.B. psychoonkologische Betreuung, Gestaltung von Trainingsprogrammen, standardisierte Erfassung von Beschwerden, etc.)<\/em><\/li>\n<li>Steigerung der Effizienz von Prozessen im Krankenhaus zur qualitativen Optimierung der Versorgungsstrukturen.\n<p><em>Beispiel: St\u00e4rkung des interdisziplin\u00e4ren Austauschs zwischen Abteilungen bzw. innovative L\u00f6sungen f\u00fcr die Kommunikation und Betreuung von Patient:innen (z.B. Aufbau multidisziplin\u00e4rer Ambulanzen, Einf\u00fchrung digitaler Kommunikationstools, Online-Patientenplattform, etc.)<\/em><\/li>\n<li>L\u00f6sungsans\u00e4tze zur qualitativen Steigerung der klinischen Therapieentscheidung\n<p><em>Beispiel: Implementierung neuartiger Trainings- und Ausbildungsmodalit\u00e4ten zur gezielten Verbesserung der Behandlungsm\u00f6glichkeiten und Betreuung von onkologischen Patient:innen (St\u00e4rkung onkologischer Pflegeberatung, Nebenwirkungsmanagement, etc.)<\/em><\/li>\n<\/ol>\n<p>Projekte die leider nicht f\u00fcr den &#8220;Join4Care Award&#8221; in Betracht gezogen werden k\u00f6nnen:<\/p>\n<ul>\n<li>Klinische Studienantr\u00e4ge<\/li>\n<li>Direkte Finanzierung von Krankenhaus- oder Studienpersonal<\/li>\n<\/ul>\n<\/p>\n\t\t\t\t\t\t\n\t\t\t\t\t<\/div>\n\t<\/div>\n<\/div><\/div>\n\n\n\n<div class=\"wp-block-column is-layout-flow wp-block-column-is-layout-flow\" style=\"flex-basis:33.33%\"><div id=\"mco-title-block-block_b3482070f07110fafcf975b2f824d6c7\" \n\t class=\"mco-title-block mccberg-block\" \n\t \t >\n\t<div class=\"wrapper\">\n\t\t<div class=\"mco-title-block-content\">\n\t\t\t\n\t\t\t<h2 class=\"mco-title-block-title\">ZIELPUPLIKUM<\/h2>\n\n\t\t\t\t\t\t\t<p class=\"mco-title-block-description\"><h4 class=\"text\"><strong><span style=\"color: #00877c\">Angeh\u00f6rige des Gesundheitswesens mit T\u00e4tigkeit in der (Immun-)Onkologie &#8211;<\/span><\/strong><\/h4>\n<ul>\n<li>\u00c4rzt:innen &#8211;<\/li>\n<li>Pflegefachkr\u00e4fte &#8211;<\/li>\n<li>Vereine\/Organisationen<\/li>\n<\/ul>\n<\/p>\n\t\t\t\t\t\t\n\t\t\t\t\t<\/div>\n\t<\/div>\n<\/div><\/div>\n<\/div>\n\n\n<div id=\"mco-title-block-block_8d5e579dceb25b3540fd6eb37377c15e\" \n\t class=\"mco-title-block mccberg-block aligncenter\" \n\t \t >\n\t<div class=\"wrapper\">\n\t\t<div class=\"mco-title-block-content\">\n\t\t\t\n\t\t\t<h2 class=\"mco-title-block-title\">Bisherige Gewinner<\/h2>\n\n\t\t\t\t\t\t\t<p class=\"mco-title-block-description\"><h2 class=\"text\"><strong><span style=\"color: #00877c\">2025<\/span><\/strong><\/h2>\n<p>Das Projekt \u201eInterdisziplin\u00e4re Palliativmedizinische Ambulanz\u201c von Dr. Matthias Huemer (Medizinische Universit\u00e4t Graz)<\/p>\n<h2 class=\"text\"><strong><span style=\"color: #00877c\">2024<\/span><\/strong><\/h2>\n<p>Das\u00a0Projekt \u201eLiver Cancer Nurse\u201c von Dr. Christina Fricke (Universit\u00e4tsklinikum St. P\u00f6lten)<\/p>\n<h2 class=\"text\"><strong><span style=\"color: #00877c\">2023<\/span><\/strong><\/h2>\n<p>Das Projekt &#8220;Heartfish-Uro-Oncology&#8221; von Dr. David Kiesl (Ordensklinikum Linz)<\/p>\n<h2 class=\"text\"><strong><span style=\"color: #00877c\">2022<\/span><\/strong><\/h2>\n<p>Das Projekt &#8220;Integration einer psychoonkologischen Erst- und \u00dcbergangsversorgung in das ambulante Setting&#8221; von Univ.-Prof. Dr. Alexander Gaiger &amp; Dr. Elisabeth Zeilinger (Medizinische Universit\u00e4t Wien)<\/p>\n<h2 class=\"text\"><strong><span style=\"color: #00877c\">2021<\/span><\/strong><\/h2>\n<p>Das Projekt &#8220;Standardisierte elektronische Erfassung der Beschwerden und der Lebensqualit\u00e4t von Patienten\/Innen mit Kopf\/Hals Karzinom unter laufender Radiochemotherapie\u201c von Dr. Prisca Pondorfer-Sch\u00e4fer (Medizinische Universit\u00e4t Graz)<\/p>\n<h2 class=\"text\"><strong><span style=\"color: #00877c\">2020<\/span><\/strong><\/h2>\n<p>Das Projekt &#8220;Alle f\u00fcr Alle&#8221; von Univ. Prof. Dr. Erika Richtig und Dr. Lukas Koch (Medizinische Universit\u00e4t Graz).<\/p>\n<\/p>\n\t\t\t\t\t\t\n\t\t\t \n\t\t\t\t<div class=\"mco-title-block-cta-container\">\n\n\t\t\t\t\t\t\t\t\t\t\t<a\n                            class=\"btn mco-title-block-cta-btn\"\n                            href=\"https:\/\/www.msd.at\/de\/join4care-preistraeger\/\"\n                            title=\"Mehr erfahren\"\n                            target=\"_blank\"\n                                                    >Mehr erfahren<\/a>\n\t\t\t\t\t\n\t\t\t\t\t\t\t\t\t\t\n\t\t\t\t<\/div>\n\t\t\t\t\t<\/div>\n\t<\/div>\n<\/div>\n\n<div id=\"mco-g4-contact-list-block-block_e92d4ff3c829ec6fe1829ce34b00761d\" class=\"mco-g4-contact-list-block mccberg-block\">\n     \n        <h2>KONTAKT<\/h2>\n    \n    \n    <div class=\"contact-list-container\">\n                    <script>console.log(\"\")<\/script>            <div class=\"contact-item\">\n                <p>\n                    <strong><\/strong>\n                                    <\/p>\n                                \n\n                                <p><a href=\"mailto:join4care@msd.com\"><svg xmlns=\"http:\/\/www.w3.org\/2000\/svg\" width=\"16\" height=\"16\" viewBox=\"0 0 16 16\">\n    <path fill=\"#00857C\" d=\"M16 5.7V14c0 .6-.4 1-1 1H1c-.6 0-1-.4-1-1V5.7l7.5 4.2c.28.14.72.14 1 0L16 5.7zM15 1c.6 0 1 .4 1 1v1.5L8 7.9 0 3.4V2c0-.6.4-1 1-1z\" \/>\n<title>Email icon<\/title><\/svg>\n join4care@msd.com<\/a><\/p>\n                            <\/div>\n            <\/div>\n<\/div>\n\n\n\n<p class=\"has-text-align-right\" style=\"font-size:11px\">AT-NON-03183, Erstellt September 2025<\/p>\n","protected":false},"excerpt":{"rendered":"<p>AT-NON-03183, Erstellt September 2025<\/p>\n","protected":false},"author":61,"featured_media":0,"parent":0,"menu_order":0,"comment_status":"closed","ping_status":"closed","template":"","meta":{"_acf_changed":false,"bdl_company_name":[],"bdl_item_external_link":[],"editor_notices":[],"footnotes":""},"class_list":["post-2033","page","type-page","status-publish","hentry"],"yoast_head":"<!-- This site is optimized with the Yoast SEO plugin v21.9.1 - https:\/\/yoast.com\/wordpress\/plugins\/seo\/ -->\n<title>Join4Care - MSD<\/title>\n<meta name=\"robots\" content=\"index, follow, max-snippet:-1, max-image-preview:large, max-video-preview:-1\" \/>\n<link rel=\"canonical\" href=\"https:\/\/www.msd.at\/de\/join4care\/\" \/>\n<meta property=\"og:locale\" content=\"en_US\" \/>\n<meta property=\"og:type\" content=\"article\" \/>\n<meta property=\"og:title\" content=\"Join4Care - MSD\" \/>\n<meta property=\"og:description\" content=\"AT-NON-03183, Erstellt September 2025\" \/>\n<meta property=\"og:url\" content=\"https:\/\/www.msd.at\/de\/join4care\/\" \/>\n<meta property=\"og:site_name\" content=\"MSD\" \/>\n<meta property=\"article:modified_time\" content=\"2025-09-19T10:15:35+00:00\" \/>\n<meta name=\"twitter:card\" content=\"summary_large_image\" \/>\n<meta name=\"twitter:label1\" content=\"Est. reading time\" \/>\n\t<meta name=\"twitter:data1\" content=\"1 minute\" \/>\n<script type=\"application\/ld+json\" class=\"yoast-schema-graph\">{\"@context\":\"https:\/\/schema.org\",\"@graph\":[{\"@type\":\"WebPage\",\"@id\":\"https:\/\/www.msd.at\/de\/join4care\/\",\"url\":\"https:\/\/www.msd.at\/de\/join4care\/\",\"name\":\"Join4Care - MSD\",\"isPartOf\":{\"@id\":\"https:\/\/www.msd.at\/de\/#website\"},\"datePublished\":\"2021-09-01T01:59:48+00:00\",\"dateModified\":\"2025-09-19T10:15:35+00:00\",\"inLanguage\":\"en-US\",\"potentialAction\":[{\"@type\":\"ReadAction\",\"target\":[\"https:\/\/www.msd.at\/de\/join4care\/\"]}]},{\"@type\":\"WebSite\",\"@id\":\"https:\/\/www.msd.at\/de\/#website\",\"url\":\"https:\/\/www.msd.at\/de\/\",\"name\":\"MSD\",\"description\":\"Just another vip2-msd.com site\",\"potentialAction\":[{\"@type\":\"SearchAction\",\"target\":{\"@type\":\"EntryPoint\",\"urlTemplate\":\"https:\/\/www.msd.at\/de\/?s={search_term_string}\"},\"query-input\":\"required name=search_term_string\"}],\"inLanguage\":\"en-US\"}]}<\/script>\n<!-- \/ Yoast SEO plugin. -->","yoast_head_json":{"title":"Join4Care - MSD","robots":{"index":"index","follow":"follow","max-snippet":"max-snippet:-1","max-image-preview":"max-image-preview:large","max-video-preview":"max-video-preview:-1"},"canonical":"https:\/\/www.msd.at\/de\/join4care\/","og_locale":"en_US","og_type":"article","og_title":"Join4Care - MSD","og_description":"AT-NON-03183, Erstellt September 2025","og_url":"https:\/\/www.msd.at\/de\/join4care\/","og_site_name":"MSD","article_modified_time":"2025-09-19T10:15:35+00:00","twitter_card":"summary_large_image","twitter_misc":{"Est. reading time":"1 minute"},"schema":{"@context":"https:\/\/schema.org","@graph":[{"@type":"WebPage","@id":"https:\/\/www.msd.at\/de\/join4care\/","url":"https:\/\/www.msd.at\/de\/join4care\/","name":"Join4Care - MSD","isPartOf":{"@id":"https:\/\/www.msd.at\/de\/#website"},"datePublished":"2021-09-01T01:59:48+00:00","dateModified":"2025-09-19T10:15:35+00:00","inLanguage":"en-US","potentialAction":[{"@type":"ReadAction","target":["https:\/\/www.msd.at\/de\/join4care\/"]}]},{"@type":"WebSite","@id":"https:\/\/www.msd.at\/de\/#website","url":"https:\/\/www.msd.at\/de\/","name":"MSD","description":"Just another vip2-msd.com site","potentialAction":[{"@type":"SearchAction","target":{"@type":"EntryPoint","urlTemplate":"https:\/\/www.msd.at\/de\/?s={search_term_string}"},"query-input":"required name=search_term_string"}],"inLanguage":"en-US"}]}},"acf":[],"_links":{"self":[{"href":"https:\/\/www.msd.at\/de\/wp-json\/wp\/v2\/pages\/2033","targetHints":{"allow":["GET"]}}],"collection":[{"href":"https:\/\/www.msd.at\/de\/wp-json\/wp\/v2\/pages"}],"about":[{"href":"https:\/\/www.msd.at\/de\/wp-json\/wp\/v2\/types\/page"}],"author":[{"embeddable":true,"href":"https:\/\/www.msd.at\/de\/wp-json\/wp\/v2\/users\/61"}],"replies":[{"embeddable":true,"href":"https:\/\/www.msd.at\/de\/wp-json\/wp\/v2\/comments?post=2033"}],"version-history":[{"count":165,"href":"https:\/\/www.msd.at\/de\/wp-json\/wp\/v2\/pages\/2033\/revisions"}],"predecessor-version":[{"id":6298,"href":"https:\/\/www.msd.at\/de\/wp-json\/wp\/v2\/pages\/2033\/revisions\/6298"}],"wp:attachment":[{"href":"https:\/\/www.msd.at\/de\/wp-json\/wp\/v2\/media?parent=2033"}],"curies":[{"name":"wp","href":"https:\/\/api.w.org\/{rel}","templated":true}]}}