{"id":1985,"date":"2021-09-01T02:04:43","date_gmt":"2021-09-01T02:04:43","guid":{"rendered":"https:\/\/www.msd.at\/de\/?page_id=1985"},"modified":"2024-11-27T10:21:13","modified_gmt":"2024-11-27T10:21:13","slug":"infektionskrankheiten","status":"publish","type":"page","link":"https:\/\/www.msd.at\/de\/infektionskrankheiten\/","title":{"rendered":"Infektionskrankheiten"},"content":{"rendered":"\n<div id=\"mco-b2-hero-block-block_396038f431b400eb2972d52234a9db24\" class=\"mco-b2-hero-block full mccberg-block\">\n    <div class=\"mco-b2-hero-block-wrapper\">\n        <div class=\"mco-b2-hero-block-image-section \">\n                            <div class=\"mco-b2-hero-block-image-container \">\n                    <picture >\n\t<source media=\"(max-width: 767px)\" data-srcset=\"https:\/\/www.msd.at\/de\/wp-content\/uploads\/sites\/91\/2021\/10\/Infectious-Disease.jpg?w=768\" srcset=\"https:\/\/www.msd.at\/de\/wp-content\/uploads\/sites\/91\/2021\/10\/Infectious-Disease.jpg?w=768\" >\n<source media=\"(min-width: 768px) and (max-width: 1199px)\" data-srcset=\"https:\/\/www.msd.at\/de\/wp-content\/uploads\/sites\/91\/2021\/10\/Infectious-Disease.jpg?h=768\" srcset=\"https:\/\/www.msd.at\/de\/wp-content\/uploads\/sites\/91\/2021\/10\/Infectious-Disease.jpg?h=768\" >\n<source media=\"(min-width: 1200px) and (max-width: 1919px)\" data-srcset=\"https:\/\/www.msd.at\/de\/wp-content\/uploads\/sites\/91\/2021\/10\/Infectious-Disease.jpg?w=1200\" srcset=\"https:\/\/www.msd.at\/de\/wp-content\/uploads\/sites\/91\/2021\/10\/Infectious-Disease.jpg?w=1200\" >\n<source media=\"(min-width: 1920px)\" data-srcset=\"https:\/\/www.msd.at\/de\/wp-content\/uploads\/sites\/91\/2021\/10\/Infectious-Disease.jpg?w=1920\" srcset=\"https:\/\/www.msd.at\/de\/wp-content\/uploads\/sites\/91\/2021\/10\/Infectious-Disease.jpg?w=1920\" >\n\t<img data-src=\"https:\/\/www.msd.at\/de\/wp-content\/uploads\/sites\/91\/2021\/10\/Infectious-Disease.jpg?w=1920\" alt=\"\" class=\"eager \" loading=\"eager\" \/>\n<\/picture>                                    <\/div>\n                        <div class=\"mco-b2-hero-block-image-container-two\">\n                            <\/div>\n        <\/div>\n\n        <div class=\"mco-b2-hero-block-content-section\">\n                        \n                            <h1>Infektionskrankheiten<\/h1>\n            \n                            <div class=\"mco-b2-hero-block-description\"><p>Gemeinsam arbeiten wir daran, die Welt vor der gro\u00dfen Gesundheitsbedrohung der Antibiotikaresistenz zu bewahren.<\/p>\n<\/div>\n            \n                    <\/div>\n    <\/div>\n\n    \n<\/div>\n\n\n<div id=\"mco-title-block-block_b893812b162284c59086b5bd369b30bc\" \n\t class=\"mco-title-block mccberg-block aligncenter\" \n\t \t >\n\t<div class=\"wrapper\">\n\t\t<div class=\"mco-title-block-content\">\n\t\t\t\n\t\t\t<h2 class=\"mco-title-block-title\">Seit vielen Jahrzehnten erforscht und entwickelt MSD Antibiotika, um den wachsenden Bedarf der Bev\u00f6lkerung zu decken.<\/h2>\n\n\t\t\t\t\t\t\t<p class=\"mco-title-block-description\"><p>MSD blickt auf eine lange Geschichte der Antibiotika-Forschung und -Entwicklung zur\u00fcck. MSD war nicht nur an der Entwicklung eines der ersten Antibiotika der Welt beteiligt, sondern entwickelte auch eine Methode zur Massenproduktion von Penicillin w\u00e4hrend des Zweiten Weltkriegs, um den Bedarf der Bev\u00f6lkerung zu decken. Wir sind eines der wenigen Unternehmen, die weiterhin in die Forschung und Entwicklung von Antiinfektiva investieren. Deshalb sind wir stolz darauf, einen Beitrag zum Kampf gegen Antibiotikaresistenzen leisten zu k\u00f6nnen.<\/p>\n<\/p>\n\t\t\t\t\t\t\n\t\t\t \n\t\t\t\t<div class=\"mco-title-block-cta-container\">\n\n\t\t\t\t\t\t\t\t\t\t\t<a\n                            class=\"btn mco-title-block-cta-btn\"\n                            href=\"https:\/\/www.msd.com\/research\/infectious-diseases\/\"\n                            title=\"Mehr Infos\"\n                            target=\"_blank\"\n                                                    >Mehr Infos<\/a>\n\t\t\t\t\t\n\t\t\t\t\t\t\t\t\t\t\n\t\t\t\t<\/div>\n\t\t\t\t\t<\/div>\n\t<\/div>\n<\/div>\n\n<div id=\"mco-title-block-block_53896f1c01e8ee635927f3646a7e0b8f\" \n\t class=\"mco-title-block mccberg-block pull-up-stats negative mb-2 aligncenter\" \n\t \t >\n\t<div class=\"wrapper\">\n\t\t<div class=\"mco-title-block-content\">\n\t\t\t\n\t\t\t<h2 class=\"mco-title-block-title\">Unsere Arbeit im Bereich Infektionskrankheiten<\/h2>\n\n\t\t\t\t\t\t\t<p class=\"mco-title-block-description\"><p>Der AMR Action Fund ist eine Initiative der International Federation of Pharmaceutical Manufacturers &amp; Associations (IFPMA). Sie hat sich das ehrgeizige Ziel gesetzt, bis 2030 zwei bis vier innovative Antibiotika zu entwickeln und auf den Markt zu bringen. Zu diesem Zweck stellen mehr als 20 Mitgliedsunternehmen rund 1 Milliarde US-Dollar zur Unterst\u00fctzung von Forschung und Entwicklung (F&amp;E) zur Verf\u00fcgung.<\/p>\n<p>MSD unterst\u00fctzt den AMR Action Fund sowohl finanziell mit rund 100 Millionen Dollar f\u00fcr 10 Jahre als auch mit unserer jahrzehntelangen Expertise.<\/p>\n<\/p>\n\t\t\t\t\t\t\n\t\t\t \n\t\t\t\t<div class=\"mco-title-block-cta-container\">\n\n\t\t\t\t\t\t\t\t\t\t\t<a\n                            class=\"btn mco-title-block-cta-btn\"\n                            href=\"https:\/\/www.msd.de\/gesundheit-im-dialog\/themen-positionen\/beitrag\/?tx_msdnewsextended_news%5Bnews%5D=2817&#038;cHash=d41c9a44951073e87a93020138e0c7b1\"\n                            title=\"Launch des AMR Action Fund: Eine neue Initiative gegen Antibiotikaresistenzen: MSD\"\n                            target=\"_blank\"\n                                                    >Launch des AMR Action Fund: Eine neue Initiative gegen Antibiotikaresistenzen: MSD<\/a>\n\t\t\t\t\t\n\t\t\t\t\t\t\t\t\t\t\n\t\t\t\t<\/div>\n\t\t\t\t\t<\/div>\n\t<\/div>\n<\/div>\n\n\n<div class=\"wp-block-group stat-group mb-2\"><div class=\"wp-block-group__inner-container is-layout-flow wp-block-group-is-layout-flow\"><div id=\"stat-block-block_2127a8d31382a59d6af990509c1fbd3a\" class=\"stat-block mccberg-block mb-2\">\n    <div class=\"stat-block-content  \">\n\n        \n        <div class=\"stat-block-statistic\">70t.<\/div>\n\n        <div class=\"stat-block-tablet-wrapper\">\n                        <p class=\"stat-block-description\">Tonnen von Antibiotika werden j\u00e4hrlich allein in der Humanmedizin in \u00d6sterreich ben\u00f6tigt\u00b2<\/p>\n            \n                            <a href=\"https:\/\/www.euro.who.int\/de\/media-centre\/sections\/press-releases\/2012\/11\/self-prescription-of-antibiotics-boosts-superbugs-epidemic-in-the-european-region\/antibiotic-resistance\"\n                   title=\"Mehr Infos\"\n                   target=\"_blank\"\n                   class=\"stat-block-cta btn secondary\"\n                                   >Mehr Infos<\/a>\n                    <\/div>\n\n    <\/div>\n<\/div>\n\n<div id=\"stat-block-block_87150445470c318f359e3a096cb89564\" class=\"stat-block mccberg-block mb-2\">\n    <div class=\"stat-block-content  \">\n\n        \n        <div class=\"stat-block-statistic\">1942<\/div>\n\n        <div class=\"stat-block-tablet-wrapper\">\n                        <p class=\"stat-block-description\">Das Jahr, in dem wir mit der Produktion von Penicillin &#8220;G&#8221; begannen<\/p>\n            \n                            <a href=\"https:\/\/www.msd.com\/research\/infectious-diseases\/\"\n                   title=\"Mehr Infos\"\n                   target=\"_blank\"\n                   class=\"stat-block-cta btn secondary\"\n                                   >Mehr Infos<\/a>\n                    <\/div>\n\n    <\/div>\n<\/div>\n\n<div id=\"stat-block-block_1f4aa728b538fb0798baf5c39a7938a1\" class=\"stat-block mccberg-block mb-2\">\n    <div class=\"stat-block-content  \">\n\n        \n        <div class=\"stat-block-statistic\">33,000<\/div>\n\n        <div class=\"stat-block-tablet-wrapper\">\n                        <p class=\"stat-block-description\">Jedes Jahr sterben in der EU Menschen an den Folgen von Antibiotikaresistenzen\u00b9<\/p>\n            \n                            <a href=\"https:\/\/www.euro.who.int\/de\/media-centre\/sections\/press-releases\/2012\/11\/self-prescription-of-antibiotics-boosts-superbugs-epidemic-in-the-european-region\/antibiotic-resistance\"\n                   title=\"Mehr Infos\"\n                   target=\"_blank\"\n                   class=\"stat-block-cta btn secondary\"\n                                   >Mehr Infos<\/a>\n                    <\/div>\n\n    <\/div>\n<\/div><\/div><\/div>\n\n\n\n<div style=\"height:100px\" aria-hidden=\"true\" class=\"wp-block-spacer\"><\/div>\n\n\n\n<p class=\"has-text-align-right\" style=\"font-size:11px\">AT-NON-01087, Erstellt Oktober 2021<\/p>\n\n\n\n<p style=\"font-size:17px\"><strong>Referenzen:<\/strong><\/p>\n\n\n\n<ol class=\"wp-block-list\">\n<li><a href=\"https:\/\/www.ecdc.europa.eu\/en\/news-events\/33000-people-die-every-year-due-infections-antibiotic-resistant-bacteria\">https:\/\/www.ecdc.europa.eu\/en\/news-events\/33000-people-die-every-year-due-infections-antibiotic-resistant-bacteria<\/a><\/li>\n\n\n\n<li><a href=\"https:\/\/www.ages.at\/service\/service-presse\/pressemeldungen\/antibiotikaresistenz\/\">https:\/\/www.ages.at\/service\/service-presse\/pressemeldungen\/antibiotikaresistenz\/<\/a><\/li>\n<\/ol>\n","protected":false},"excerpt":{"rendered":"<p>AT-NON-01087, Erstellt Oktober 2021 Referenzen:<\/p>\n","protected":false},"author":61,"featured_media":0,"parent":0,"menu_order":0,"comment_status":"closed","ping_status":"closed","template":"","meta":{"_acf_changed":false,"bdl_company_name":[],"bdl_item_external_link":[],"editor_notices":[],"footnotes":""},"class_list":["post-1985","page","type-page","status-publish","hentry"],"yoast_head":"<!-- This site is optimized with the Yoast SEO plugin v21.9.1 - https:\/\/yoast.com\/wordpress\/plugins\/seo\/ -->\n<title>Infektionskrankheiten - MSD<\/title>\n<meta name=\"description\" content=\"MSD&#039;s decades of research in infectious diseases have led to profound scientific advances. At MSD, we follow the science.\" \/>\n<meta name=\"robots\" content=\"index, follow, max-snippet:-1, max-image-preview:large, max-video-preview:-1\" \/>\n<link rel=\"canonical\" href=\"https:\/\/www.msd.at\/de\/infektionskrankheiten\/\" \/>\n<meta property=\"og:locale\" content=\"en_US\" \/>\n<meta property=\"og:type\" content=\"article\" \/>\n<meta property=\"og:title\" content=\"Infektionskrankheiten - MSD\" \/>\n<meta property=\"og:description\" content=\"MSD&#039;s decades of research in infectious diseases have led to profound scientific advances. At MSD, we follow the science.\" \/>\n<meta property=\"og:url\" content=\"https:\/\/www.msd.at\/de\/infektionskrankheiten\/\" \/>\n<meta property=\"og:site_name\" content=\"MSD\" \/>\n<meta property=\"article:modified_time\" content=\"2024-11-27T10:21:13+00:00\" \/>\n<meta name=\"twitter:card\" content=\"summary_large_image\" \/>\n<meta name=\"twitter:label1\" content=\"Est. reading time\" \/>\n\t<meta name=\"twitter:data1\" content=\"1 minute\" \/>\n<script type=\"application\/ld+json\" class=\"yoast-schema-graph\">{\"@context\":\"https:\/\/schema.org\",\"@graph\":[{\"@type\":\"WebPage\",\"@id\":\"https:\/\/www.msd.at\/de\/infektionskrankheiten\/\",\"url\":\"https:\/\/www.msd.at\/de\/infektionskrankheiten\/\",\"name\":\"Infektionskrankheiten - MSD\",\"isPartOf\":{\"@id\":\"https:\/\/www.msd.at\/de\/#website\"},\"datePublished\":\"2021-09-01T02:04:43+00:00\",\"dateModified\":\"2024-11-27T10:21:13+00:00\",\"description\":\"MSD's decades of research in infectious diseases have led to profound scientific advances. At MSD, we follow the science.\",\"inLanguage\":\"en-US\",\"potentialAction\":[{\"@type\":\"ReadAction\",\"target\":[\"https:\/\/www.msd.at\/de\/infektionskrankheiten\/\"]}]},{\"@type\":\"WebSite\",\"@id\":\"https:\/\/www.msd.at\/de\/#website\",\"url\":\"https:\/\/www.msd.at\/de\/\",\"name\":\"MSD\",\"description\":\"Just another vip2-msd.com site\",\"potentialAction\":[{\"@type\":\"SearchAction\",\"target\":{\"@type\":\"EntryPoint\",\"urlTemplate\":\"https:\/\/www.msd.at\/de\/?s={search_term_string}\"},\"query-input\":\"required name=search_term_string\"}],\"inLanguage\":\"en-US\"}]}<\/script>\n<!-- \/ Yoast SEO plugin. -->","yoast_head_json":{"title":"Infektionskrankheiten - MSD","description":"MSD's decades of research in infectious diseases have led to profound scientific advances. At MSD, we follow the science.","robots":{"index":"index","follow":"follow","max-snippet":"max-snippet:-1","max-image-preview":"max-image-preview:large","max-video-preview":"max-video-preview:-1"},"canonical":"https:\/\/www.msd.at\/de\/infektionskrankheiten\/","og_locale":"en_US","og_type":"article","og_title":"Infektionskrankheiten - MSD","og_description":"MSD's decades of research in infectious diseases have led to profound scientific advances. At MSD, we follow the science.","og_url":"https:\/\/www.msd.at\/de\/infektionskrankheiten\/","og_site_name":"MSD","article_modified_time":"2024-11-27T10:21:13+00:00","twitter_card":"summary_large_image","twitter_misc":{"Est. reading time":"1 minute"},"schema":{"@context":"https:\/\/schema.org","@graph":[{"@type":"WebPage","@id":"https:\/\/www.msd.at\/de\/infektionskrankheiten\/","url":"https:\/\/www.msd.at\/de\/infektionskrankheiten\/","name":"Infektionskrankheiten - MSD","isPartOf":{"@id":"https:\/\/www.msd.at\/de\/#website"},"datePublished":"2021-09-01T02:04:43+00:00","dateModified":"2024-11-27T10:21:13+00:00","description":"MSD's decades of research in infectious diseases have led to profound scientific advances. At MSD, we follow the science.","inLanguage":"en-US","potentialAction":[{"@type":"ReadAction","target":["https:\/\/www.msd.at\/de\/infektionskrankheiten\/"]}]},{"@type":"WebSite","@id":"https:\/\/www.msd.at\/de\/#website","url":"https:\/\/www.msd.at\/de\/","name":"MSD","description":"Just another vip2-msd.com site","potentialAction":[{"@type":"SearchAction","target":{"@type":"EntryPoint","urlTemplate":"https:\/\/www.msd.at\/de\/?s={search_term_string}"},"query-input":"required name=search_term_string"}],"inLanguage":"en-US"}]}},"acf":[],"_links":{"self":[{"href":"https:\/\/www.msd.at\/de\/wp-json\/wp\/v2\/pages\/1985","targetHints":{"allow":["GET"]}}],"collection":[{"href":"https:\/\/www.msd.at\/de\/wp-json\/wp\/v2\/pages"}],"about":[{"href":"https:\/\/www.msd.at\/de\/wp-json\/wp\/v2\/types\/page"}],"author":[{"embeddable":true,"href":"https:\/\/www.msd.at\/de\/wp-json\/wp\/v2\/users\/61"}],"replies":[{"embeddable":true,"href":"https:\/\/www.msd.at\/de\/wp-json\/wp\/v2\/comments?post=1985"}],"version-history":[{"count":28,"href":"https:\/\/www.msd.at\/de\/wp-json\/wp\/v2\/pages\/1985\/revisions"}],"predecessor-version":[{"id":5696,"href":"https:\/\/www.msd.at\/de\/wp-json\/wp\/v2\/pages\/1985\/revisions\/5696"}],"wp:attachment":[{"href":"https:\/\/www.msd.at\/de\/wp-json\/wp\/v2\/media?parent=1985"}],"curies":[{"name":"wp","href":"https:\/\/api.w.org\/{rel}","templated":true}]}}