{"id":1922,"date":"2021-09-01T02:04:18","date_gmt":"2021-09-01T02:04:18","guid":{"rendered":"https:\/\/www.msd.at\/de\/?page_id=1922"},"modified":"2025-08-28T16:54:23","modified_gmt":"2025-08-28T16:54:23","slug":"impfstoffe","status":"publish","type":"page","link":"https:\/\/www.msd.at\/de\/impfstoffe\/","title":{"rendered":"Impfstoffe"},"content":{"rendered":"\n<div id=\"mco-b2-hero-block-block_a3be746508bcc7abc3947f35e7a0c452\" class=\"mco-b2-hero-block full mccberg-block\">\n    <div class=\"mco-b2-hero-block-wrapper\">\n        <div class=\"mco-b2-hero-block-image-section \">\n                            <div class=\"mco-b2-hero-block-image-container \">\n                    <picture >\n\t<source media=\"(max-width: 767px)\" data-srcset=\"https:\/\/www.msd.at\/de\/wp-content\/uploads\/sites\/91\/2024\/12\/MSD-HPV-header.jpg?w=768\" srcset=\"https:\/\/www.msd.at\/de\/wp-content\/uploads\/sites\/91\/2024\/12\/MSD-HPV-header.jpg?w=768\" >\n<source media=\"(min-width: 768px) and (max-width: 1199px)\" data-srcset=\"https:\/\/www.msd.at\/de\/wp-content\/uploads\/sites\/91\/2024\/12\/MSD-HPV-header.jpg?h=768\" srcset=\"https:\/\/www.msd.at\/de\/wp-content\/uploads\/sites\/91\/2024\/12\/MSD-HPV-header.jpg?h=768\" >\n<source media=\"(min-width: 1200px) and (max-width: 1919px)\" data-srcset=\"https:\/\/www.msd.at\/de\/wp-content\/uploads\/sites\/91\/2024\/12\/MSD-HPV-header.jpg?w=1200\" srcset=\"https:\/\/www.msd.at\/de\/wp-content\/uploads\/sites\/91\/2024\/12\/MSD-HPV-header.jpg?w=1200\" >\n<source media=\"(min-width: 1920px)\" data-srcset=\"https:\/\/www.msd.at\/de\/wp-content\/uploads\/sites\/91\/2024\/12\/MSD-HPV-header.jpg?w=1920\" srcset=\"https:\/\/www.msd.at\/de\/wp-content\/uploads\/sites\/91\/2024\/12\/MSD-HPV-header.jpg?w=1920\" >\n\t<img data-src=\"https:\/\/www.msd.at\/de\/wp-content\/uploads\/sites\/91\/2024\/12\/MSD-HPV-header.jpg?w=1920\" alt=\"\" class=\"eager \" loading=\"eager\" \/>\n<\/picture>                                    <\/div>\n                        <div class=\"mco-b2-hero-block-image-container-two\">\n                            <\/div>\n        <\/div>\n\n        <div class=\"mco-b2-hero-block-content-section\">\n                        \n                            <h1>Impfstoffe<\/h1>\n            \n                            <div class=\"mco-b2-hero-block-description\"><p>Unsere Arbeit im Bereich Impfstoffe konzentriert sich darauf, Menschen auf der ganzen Welt zu sch\u00fctzen und bestimmten Krankheiten vorzubeugen.<\/p>\n<\/div>\n            \n                    <\/div>\n    <\/div>\n\n    \n<\/div>\n\n\n\n<h2 class=\"wp-block-heading has-text-align-center\">Impfstoffe sind eine der wichtigsten,<br>wirksamen Pr\u00e4ventivma\u00dfnahmen in der Medizin.<sup>1<\/sup><\/h2>\n\n\n\n<p class=\"has-text-align-center\">Die Immunisierung durch Impfungen verhindert derzeit laut WHO jedes Jahr 3,5-5 Millionen Todesf\u00e4lle durch Krankheiten wie Diphtherie, Tetanus, Keuchhusten, Grippe und Masern.<sup>2<\/sup><\/p>\n\n\n\n<div style=\"height:100px\" aria-hidden=\"true\" class=\"wp-block-spacer\"><\/div>\n\n\n\n<p><\/p>\n\n\n\n<div class=\"wp-block-columns is-layout-flex wp-container-core-columns-is-layout-9d6595d7 wp-block-columns-is-layout-flex\">\n<div class=\"wp-block-column is-layout-flow wp-block-column-is-layout-flow\" style=\"flex-basis:32%\">\n<h2 class=\"wp-block-heading\">Bedeutung von Impfstoffen<\/h2>\n<\/div>\n\n\n\n<div class=\"wp-block-column is-layout-flow wp-block-column-is-layout-flow\" style=\"flex-basis:66.66%\">\n<p>Wir sind uns unserer globalen Verantwortung bewusst und arbeiten deshalb st\u00e4ndig daran, den Zugang zu unseren Impfstoffen jetzt und in Zukunft zu verbessern. Unser breites Impfstoffportfolio kann Krankheiten vorbeugen, die alle Lebensabschnitte betreffen &#8211; von der Kindheit bis zum Erwachsenenalter.<\/p>\n<\/div>\n<\/div>\n\n\n\n<hr class=\"wp-block-separator has-css-opacity\"\/>\n\n\n\n<div class=\"wp-block-columns is-layout-flex wp-container-core-columns-is-layout-9d6595d7 wp-block-columns-is-layout-flex\">\n<div class=\"wp-block-column is-layout-flow wp-block-column-is-layout-flow\" style=\"flex-basis:32%\">\n<h2 class=\"wp-block-heading\">Wie Impfstoffe wirken<\/h2>\n<\/div>\n\n\n\n<div class=\"wp-block-column is-layout-flow wp-block-column-is-layout-flow\" style=\"flex-basis:66.66%\">\n<p>Impfstoffe helfen dem k\u00f6rpereigenen Immunsystem, Krankheitserreger zu erkennen und zu bek\u00e4mpfen. Impfstoffe k\u00f6nnen vor \u00fcber 20 lebensbedrohlichen Erkrankungen sch\u00fctzen. Impfungen k\u00f6nnen schwerwiegende Krankheiten verhindern, zum Beispiel Masern, Windpocken und bestimmte HPV-bedingte Krankheiten.<sup>2<\/sup><\/p>\n<\/div>\n<\/div>\n\n\n\n<hr class=\"wp-block-separator has-css-opacity\"\/>\n\n\n\n<div class=\"wp-block-columns is-layout-flex wp-container-core-columns-is-layout-9d6595d7 wp-block-columns-is-layout-flex\">\n<div class=\"wp-block-column is-layout-flow wp-block-column-is-layout-flow\" style=\"flex-basis:32%\">\n<h2 class=\"wp-block-heading\">Erfahrung mit Impfstoffen<\/h2>\n<\/div>\n\n\n\n<div class=\"wp-block-column is-layout-flow wp-block-column-is-layout-flow\" style=\"flex-basis:66.66%\">\n<p>Wir bem\u00fchen uns, mit der sich st\u00e4ndig ver\u00e4ndernden Infektionslandschaft Schritt zu halten, indem wir Impfstoffkandidaten f\u00fcr viele bedrohliche Krankheiten erforschen und weiterentwickeln. MSD* leistet seit mehr als 100 Jahren Pionierarbeit in der Erforschung und Bereitstellung von Impfstoffen.<\/p>\n\n\n\n<p>* einschlie\u00dflich aller Vorg\u00e4ngerunternehmen und Fusionen<\/p>\n<\/div>\n<\/div>\n\n\n<div id=\"mco-title-block-block_e92e792a1307ac2f7d13aa53752763b3\" \n\t class=\"mco-title-block mccberg-block mb-2 aligncenter\" \n\t \t >\n\t<div class=\"wrapper\">\n\t\t<div class=\"mco-title-block-content\">\n\t\t\t\n\t\t\t<h2 class=\"mco-title-block-title\">Mehr Webseiten: <\/h2>\n\n\t\t\t\t\t\t\n\t\t\t\t\t<\/div>\n\t<\/div>\n<\/div>\n\n\n<div class=\"wp-block-columns is-layout-flex wp-container-core-columns-is-layout-9d6595d7 wp-block-columns-is-layout-flex\">\n<div class=\"wp-block-column is-layout-flow wp-block-column-is-layout-flow\">\n<figure class=\"wp-block-image size-large is-resized\"><a aria-label=\"Besuchen Sie die Website: Gemeinsam gegen HPV. Gemeinsam gegen Krebs.\" href=\"https:\/\/www.gemeinsam-gegen-hpv.at\/?utm_source=at+vacgm+vacci&amp;utm_medium=nld+nle&amp;utm_campaign=diseasaware+GGHPVsite&amp;utm_term=+A-D&amp;utm_content=rat&amp;tLinkID=965\"><img loading=\"lazy\" decoding=\"async\" width=\"1200\" height=\"1200\" src=\"https:\/\/www.msd.at\/de\/wp-content\/uploads\/sites\/91\/2024\/12\/gemeinsam-gegen-krebs-2024.jpg?w=1024\" alt=\"Banner der Website: Gemeinsam gegen HPV. Gemeinsam gegen Krebs.\" class=\"wp-image-5628\" style=\"width:300px;height:300px\"\/><\/a><\/figure>\n\n\n\n<figure class=\"wp-block-image size-full\"><a aria-label=\"Besuchen Sie das Instagram-Profil: Gemeinsam gegen HPV. Gemeinsam gegen Krebs.\" href=\"https:\/\/www.instagram.com\/gemeinsam.gegen.hpv\/\"><img loading=\"lazy\" decoding=\"async\" width=\"300\" height=\"260\" src=\"https:\/\/www.msd.at\/de\/wp-content\/uploads\/sites\/91\/2024\/12\/insta-gemeinsam-gegen-hpv.png\" alt=\"Bild des Instagram-Logos und des QR-Codes zum Instagram-Profil von Gemeinsam gegen HPV. Gemeinsam gegen Krebs.\" class=\"wp-image-5652\"\/><\/a><\/figure>\n<\/div>\n\n\n\n<div class=\"wp-block-column is-layout-flow wp-block-column-is-layout-flow\">\n<figure class=\"wp-block-image size-full\"><a aria-label=\"Link auf das Youtube-Video des \u00d6VIH zum Thema: Wozu Impfen?\" href=\"https:\/\/www.youtube.com\/watch?v=plb5URzQq8A&amp;utm_source=at+vacgm+vacci&amp;utm_medium=nld+nle&amp;utm_campaign=diseasaware+HPVYTVideo&amp;utm_term=+A-D&amp;utm_content=rat&amp;tLinkID=967\"><img loading=\"lazy\" decoding=\"async\" width=\"300\" height=\"300\" src=\"https:\/\/www.msd.at\/de\/wp-content\/uploads\/sites\/91\/2023\/11\/einfach-erklaert-impfen-play-button.jpg\" alt=\"Banner des \u00d6VIH f\u00fcr ein Video zum Thema: Wozu Impfen?\" class=\"wp-image-4689\"\/><\/a><\/figure>\n<\/div>\n\n\n\n<div class=\"wp-block-column is-layout-flow wp-block-column-is-layout-flow\">\n<figure class=\"wp-block-image size-large is-resized\"><a aria-label=\"Besuchen Sie die Website: pneumokokken-stoppen.at\" href=\"https:\/\/pneumokokken-stoppen.at\/\"><img loading=\"lazy\" decoding=\"async\" width=\"500\" height=\"500\" src=\"https:\/\/www.msd.at\/de\/wp-content\/uploads\/sites\/91\/2024\/12\/Pneumokokken.jpg?w=500\" alt=\"Logo der Website: Pneumokokken stoppen\" class=\"wp-image-5649\" style=\"width:300px;height:300px\"\/><\/a><\/figure>\n<\/div>\n<\/div>\n\n\n\n<div style=\"height:90px\" aria-hidden=\"true\" class=\"wp-block-spacer\"><\/div>\n\n\n\n<hr class=\"wp-block-separator has-css-opacity\"\/>\n\n\n\n<p>References: <br>1. Bundesministerium f\u00fcr Soziales, Gesundheit, Pflege und Konsumentenschutz (BMSGPK)<\/p>\n\n\n\n<p>2. World Health Organization (WHO) <a href=\"https:\/\/www.who.int\/health-topics\/vaccines-and-immunization#tab=tab_1\">Vaccines and immunization (who.int)<\/a>, dated\/downloaded 09.12.2024<\/p>\n\n\n\n<div style=\"height:50px\" aria-hidden=\"true\" class=\"wp-block-spacer\"><\/div>\n\n\n\n<p class=\"has-text-align-right\" style=\"font-size:11px\">AT-NON-02700, erstellt Dezember 2024<\/p>\n","protected":false},"excerpt":{"rendered":"<p>Impfstoffe sind eine der wichtigsten,wirksamen Pr\u00e4ventivma\u00dfnahmen in der Medizin.1 Die Immunisierung durch Impfungen verhindert derzeit laut WHO jedes Jahr 3,5-5 Millionen Todesf\u00e4lle durch Krankheiten wie Diphtherie, Tetanus, Keuchhusten, Grippe und Masern.2 Bedeutung von Impfstoffen Wir sind uns unserer globalen Verantwortung bewusst und arbeiten deshalb st\u00e4ndig daran, den Zugang zu unseren Impfstoffen jetzt und in Zukunft [&hellip;]<\/p>\n","protected":false},"author":61,"featured_media":0,"parent":0,"menu_order":0,"comment_status":"closed","ping_status":"closed","template":"","meta":{"_acf_changed":false,"bdl_company_name":[],"bdl_item_external_link":[],"editor_notices":[],"footnotes":""},"class_list":["post-1922","page","type-page","status-publish","hentry"],"yoast_head":"<!-- This site is optimized with the Yoast SEO plugin v21.9.1 - https:\/\/yoast.com\/wordpress\/plugins\/seo\/ -->\n<title>Impfstoffe - MSD<\/title>\n<meta name=\"description\" content=\"MSD&#039;s work in vaccines focuses on making certain diseases a thing of the past. At MSD, we follow the science.\" \/>\n<meta name=\"robots\" content=\"index, follow, max-snippet:-1, max-image-preview:large, max-video-preview:-1\" \/>\n<link rel=\"canonical\" href=\"https:\/\/www.msd.at\/de\/impfstoffe\/\" \/>\n<meta property=\"og:locale\" content=\"en_US\" \/>\n<meta property=\"og:type\" content=\"article\" \/>\n<meta property=\"og:title\" content=\"Impfstoffe - MSD\" \/>\n<meta property=\"og:description\" content=\"MSD&#039;s work in vaccines focuses on making certain diseases a thing of the past. At MSD, we follow the science.\" \/>\n<meta property=\"og:url\" content=\"https:\/\/www.msd.at\/de\/impfstoffe\/\" \/>\n<meta property=\"og:site_name\" content=\"MSD\" \/>\n<meta property=\"article:modified_time\" content=\"2025-08-28T16:54:23+00:00\" \/>\n<meta property=\"og:image\" content=\"https:\/\/www.msd.at\/de\/wp-content\/uploads\/sites\/91\/2024\/12\/gemeinsam-gegen-krebs-2024.jpg?w=1024\" \/>\n<meta name=\"twitter:card\" content=\"summary_large_image\" \/>\n<meta name=\"twitter:label1\" content=\"Est. reading time\" \/>\n\t<meta name=\"twitter:data1\" content=\"2 minutes\" \/>\n<script type=\"application\/ld+json\" class=\"yoast-schema-graph\">{\"@context\":\"https:\/\/schema.org\",\"@graph\":[{\"@type\":\"WebPage\",\"@id\":\"https:\/\/www.msd.at\/de\/impfstoffe\/\",\"url\":\"https:\/\/www.msd.at\/de\/impfstoffe\/\",\"name\":\"Impfstoffe - MSD\",\"isPartOf\":{\"@id\":\"https:\/\/www.msd.at\/de\/#website\"},\"datePublished\":\"2021-09-01T02:04:18+00:00\",\"dateModified\":\"2025-08-28T16:54:23+00:00\",\"description\":\"MSD's work in vaccines focuses on making certain diseases a thing of the past. At MSD, we follow the science.\",\"inLanguage\":\"en-US\",\"potentialAction\":[{\"@type\":\"ReadAction\",\"target\":[\"https:\/\/www.msd.at\/de\/impfstoffe\/\"]}]},{\"@type\":\"WebSite\",\"@id\":\"https:\/\/www.msd.at\/de\/#website\",\"url\":\"https:\/\/www.msd.at\/de\/\",\"name\":\"MSD\",\"description\":\"Just another vip2-msd.com site\",\"potentialAction\":[{\"@type\":\"SearchAction\",\"target\":{\"@type\":\"EntryPoint\",\"urlTemplate\":\"https:\/\/www.msd.at\/de\/?s={search_term_string}\"},\"query-input\":\"required name=search_term_string\"}],\"inLanguage\":\"en-US\"}]}<\/script>\n<!-- \/ Yoast SEO plugin. -->","yoast_head_json":{"title":"Impfstoffe - MSD","description":"MSD's work in vaccines focuses on making certain diseases a thing of the past. At MSD, we follow the science.","robots":{"index":"index","follow":"follow","max-snippet":"max-snippet:-1","max-image-preview":"max-image-preview:large","max-video-preview":"max-video-preview:-1"},"canonical":"https:\/\/www.msd.at\/de\/impfstoffe\/","og_locale":"en_US","og_type":"article","og_title":"Impfstoffe - MSD","og_description":"MSD's work in vaccines focuses on making certain diseases a thing of the past. At MSD, we follow the science.","og_url":"https:\/\/www.msd.at\/de\/impfstoffe\/","og_site_name":"MSD","article_modified_time":"2025-08-28T16:54:23+00:00","og_image":[{"url":"https:\/\/www.msd.at\/de\/wp-content\/uploads\/sites\/91\/2024\/12\/gemeinsam-gegen-krebs-2024.jpg?w=1024"}],"twitter_card":"summary_large_image","twitter_misc":{"Est. reading time":"2 minutes"},"schema":{"@context":"https:\/\/schema.org","@graph":[{"@type":"WebPage","@id":"https:\/\/www.msd.at\/de\/impfstoffe\/","url":"https:\/\/www.msd.at\/de\/impfstoffe\/","name":"Impfstoffe - MSD","isPartOf":{"@id":"https:\/\/www.msd.at\/de\/#website"},"datePublished":"2021-09-01T02:04:18+00:00","dateModified":"2025-08-28T16:54:23+00:00","description":"MSD's work in vaccines focuses on making certain diseases a thing of the past. At MSD, we follow the science.","inLanguage":"en-US","potentialAction":[{"@type":"ReadAction","target":["https:\/\/www.msd.at\/de\/impfstoffe\/"]}]},{"@type":"WebSite","@id":"https:\/\/www.msd.at\/de\/#website","url":"https:\/\/www.msd.at\/de\/","name":"MSD","description":"Just another vip2-msd.com site","potentialAction":[{"@type":"SearchAction","target":{"@type":"EntryPoint","urlTemplate":"https:\/\/www.msd.at\/de\/?s={search_term_string}"},"query-input":"required name=search_term_string"}],"inLanguage":"en-US"}]}},"acf":[],"_links":{"self":[{"href":"https:\/\/www.msd.at\/de\/wp-json\/wp\/v2\/pages\/1922","targetHints":{"allow":["GET"]}}],"collection":[{"href":"https:\/\/www.msd.at\/de\/wp-json\/wp\/v2\/pages"}],"about":[{"href":"https:\/\/www.msd.at\/de\/wp-json\/wp\/v2\/types\/page"}],"author":[{"embeddable":true,"href":"https:\/\/www.msd.at\/de\/wp-json\/wp\/v2\/users\/61"}],"replies":[{"embeddable":true,"href":"https:\/\/www.msd.at\/de\/wp-json\/wp\/v2\/comments?post=1922"}],"version-history":[{"count":57,"href":"https:\/\/www.msd.at\/de\/wp-json\/wp\/v2\/pages\/1922\/revisions"}],"predecessor-version":[{"id":6285,"href":"https:\/\/www.msd.at\/de\/wp-json\/wp\/v2\/pages\/1922\/revisions\/6285"}],"wp:attachment":[{"href":"https:\/\/www.msd.at\/de\/wp-json\/wp\/v2\/media?parent=1922"}],"curies":[{"name":"wp","href":"https:\/\/api.w.org\/{rel}","templated":true}]}}