{"id":1763,"date":"2021-09-01T02:07:38","date_gmt":"2021-09-01T02:07:38","guid":{"rendered":"https:\/\/www.msd.at\/de\/?page_id=1763"},"modified":"2024-12-04T09:58:09","modified_gmt":"2024-12-04T09:58:09","slug":"csr-weltweit","status":"publish","type":"page","link":"https:\/\/www.msd.at\/de\/csr-weltweit\/","title":{"rendered":"Corporate Responsibility Weltweit"},"content":{"rendered":"\n<div id=\"mco-b2-hero-block-block_11a579ee6be6ffe86aa3df5ec1164807\" class=\"mco-b2-hero-block full mccberg-block mobile-mb-1\">\n    <div class=\"mco-b2-hero-block-wrapper\">\n        <div class=\"mco-b2-hero-block-image-section \">\n\n                            <div class=\"mco-b2-hero-block-image-container \">\n                    <picture >\n\t<source media=\"(max-width: 767px)\" data-srcset=\"https:\/\/www.msd.at\/de\/wp-content\/uploads\/sites\/91\/2021\/10\/CSR_Worldwide.jpg?w=768\" srcset=\"https:\/\/www.msd.at\/de\/wp-content\/uploads\/sites\/91\/2021\/10\/CSR_Worldwide.jpg?w=768\" >\n<source media=\"(min-width: 768px) and (max-width: 1199px)\" data-srcset=\"https:\/\/www.msd.at\/de\/wp-content\/uploads\/sites\/91\/2021\/10\/CSR_Worldwide.jpg?h=768\" srcset=\"https:\/\/www.msd.at\/de\/wp-content\/uploads\/sites\/91\/2021\/10\/CSR_Worldwide.jpg?h=768\" >\n<source media=\"(min-width: 1200px) and (max-width: 1919px)\" data-srcset=\"https:\/\/www.msd.at\/de\/wp-content\/uploads\/sites\/91\/2021\/10\/CSR_Worldwide.jpg?w=1200\" srcset=\"https:\/\/www.msd.at\/de\/wp-content\/uploads\/sites\/91\/2021\/10\/CSR_Worldwide.jpg?w=1200\" >\n<source media=\"(min-width: 1920px)\" data-srcset=\"https:\/\/www.msd.at\/de\/wp-content\/uploads\/sites\/91\/2021\/10\/CSR_Worldwide.jpg?w=1920\" srcset=\"https:\/\/www.msd.at\/de\/wp-content\/uploads\/sites\/91\/2021\/10\/CSR_Worldwide.jpg?w=1920\" >\n\t<img data-src=\"https:\/\/www.msd.at\/de\/wp-content\/uploads\/sites\/91\/2021\/10\/CSR_Worldwide.jpg?w=1920\" alt=\"\" class=\"eager \" loading=\"eager\" \/>\n<\/picture>                                    <\/div>\n                        <div class=\"mco-b2-hero-block-image-container-two\">\n                            <\/div>\n        <\/div>\n\n        <div class=\"mco-b2-hero-block-content-section\">\n                        \n                            <h1>Corporate Responsibility Weltweit <\/h1>\n            \n                            <div class=\"mco-b2-hero-block-description\"><p>Wir \u00fcbernehmen Verantwortung und unterst\u00fctzen Programme, die dazu beitragen, den Zugang zur Gesundheitsversorgung zu verbessern und die Lebensqualit\u00e4t weltweit zu erh\u00f6hen.<\/p>\n<\/div>\n            \n                    <\/div>\n    <\/div>\n\n    \n<\/div>\n\n\n<div id=\"mco-title-block-block_0365914d58c84474cdb57c648bb4c418\" \n\t class=\"mco-title-block mccberg-block aligncenter\" \n\t \t >\n\t<div class=\"wrapper\">\n\t\t<div class=\"mco-title-block-content\">\n\t\t\t\n\t\t\t<h2 class=\"mco-title-block-title\">Wir streben danach, die Gesundheit und das Wohlbefinden aller Menschen auf der ganzen Welt zu verbessern<\/h2>\n\n\t\t\t\t\t\t\t<p class=\"mco-title-block-description\"><p>Wir haben uns das Ziel gesetzt, j\u00e4hrlich mindestens 75% der L\u00e4nder weltweit mit unseren Produkten zu erreichen.<\/p>\n<\/p>\n\t\t\t\t\t\t\n\t\t\t\t\t<\/div>\n\t<\/div>\n<\/div>\n\n\n<div class=\"wp-block-group\"><div class=\"wp-block-group__inner-container is-layout-flow wp-block-group-is-layout-flow\">\n<div class=\"wp-block-columns is-layout-flex wp-container-core-columns-is-layout-9d6595d7 wp-block-columns-is-layout-flex\">\n<div class=\"wp-block-column is-layout-flow wp-block-column-is-layout-flow\" style=\"flex-basis:33.33%\">\n<h3 class=\"wp-block-heading\">MSD FOR MOTHERS<\/h3>\n<\/div>\n\n\n\n<div class=\"wp-block-column is-layout-flow wp-block-column-is-layout-flow\" style=\"flex-basis:66.66%\">\n<p>Alle zwei Minuten stirbt eine Frau an den Komplikationen w\u00e4hrend der Schwangerschaft oder Geburt \u2013 das wollen wir \u00e4ndern.<\/p>\n\n\n\n<p>Mit dem Projekt MSD for Mothers arbeiten wir an einer nachhaltigen Verbesserung des Gesundheitssystems f\u00fcr werdende M\u00fctter. Dabei konzentrieren wir uns auf einen besseren Zugang zu qualitativer Betreuung, Behandlung und Vorsorge f\u00fcr schwangere und geb\u00e4rende Frauen. In Zusammenarbeit mit unseren Partnern k\u00f6nnen wir dazu beitragen, dass Schwangerschaft und Geburt f\u00fcr Frauen eine sichere, gesunde und positive Erfahrung werden.<\/p>\n\n\n\n<p>&nbsp;<a href=\"https:\/\/www.msdformothers.com\/\" target=\"_blank\" rel=\"noreferrer noopener\">Mehr Infos<\/a><\/p>\n<\/div>\n<\/div>\n<\/div><\/div>\n\n\n\n<hr class=\"wp-block-separator has-css-opacity\"\/>\n\n\n\n<div class=\"wp-block-columns is-layout-flex wp-container-core-columns-is-layout-9d6595d7 wp-block-columns-is-layout-flex\">\n<div class=\"wp-block-column is-layout-flow wp-block-column-is-layout-flow\" style=\"flex-basis:33.33%\">\n<h3 class=\"wp-block-heading\">IVERMECTIN-SPENDENPROGRAMM<\/h3>\n<\/div>\n\n\n\n<div class=\"wp-block-column is-layout-flow wp-block-column-is-layout-flow\" style=\"flex-basis:66.66%\">\n<p>Vor mehr als 30 Jahren gr\u00fcndete MSD das Ivermectin-Spendenprogramm (MDP). Darum sehen wir es seit 1987 als unsere Verpflichtung an, Ivermectin zur Behandlung von Onchozerkose \u2013 auch bekannt als Flussblindheit \u2013 an alle zu spenden, die es brauchen und das so lange wie n\u00f6tig. Zus\u00e4tzlich haben wir unser Spendenprogramm mit der Behandlung von lymphatischer Filariose (LF) erweitert.&nbsp; MSD stellt diese Medikamente solange kostenlos zur Verf\u00fcgung, bis beide Krankheiten weltweit eliminiert sind. Wie die WHO schon heute best\u00e4tigt, konnten wir damit die Flussblindheit in Kolumbien, Ecuador, Guatemala und Mexiko bereits besiegen.<\/p>\n\n\n\n<p><a href=\"https:\/\/www.msdresponsibility.com\/\" target=\"_blank\" rel=\"noreferrer noopener\">Mehr Infos<\/a><\/p>\n<\/div>\n<\/div>\n\n\n\n<hr class=\"wp-block-separator has-css-opacity\"\/>\n\n\n\n<div class=\"wp-block-columns is-layout-flex wp-container-core-columns-is-layout-9d6595d7 wp-block-columns-is-layout-flex\">\n<div class=\"wp-block-column is-layout-flow wp-block-column-is-layout-flow\" style=\"flex-basis:33.33%\">\n<h3 class=\"wp-block-heading\">ELEFANTIASIS<\/h3>\n<\/div>\n\n\n\n<div class=\"wp-block-column is-layout-flow wp-block-column-is-layout-flow\" style=\"flex-basis:66.66%\">\n<p>Nach dem Erfolg des Ivermectin-Programms, entschlie\u00dft sich MSD 1998 das Programm auf lymphatischer Filariose, allgemein auch als Elefantiasis bekannt, auszuweiten. Seit dem Start des Spendenprogramms konnten in 29 L\u00e4ndern \u00c4quatorialafrikas, Mittel- und S\u00fcdamerikas und im Jemen \u00fcber 3,4 Milliarden Behandlungen durchgef\u00fchrt und j\u00e4hrlich mehr als 300 Millionen Menschen in den betroffenen Gebieten erreicht werden.<\/p>\n\n\n\n<p><a href=\"https:\/\/www.msdresponsibility.com\/\" target=\"_blank\" rel=\"noreferrer noopener\">Mehr Infos<\/a><\/p>\n<\/div>\n<\/div>\n\n\n\n<hr class=\"wp-block-separator has-css-opacity\"\/>\n\n\n\n<div class=\"wp-block-columns is-layout-flex wp-container-core-columns-is-layout-9d6595d7 wp-block-columns-is-layout-flex\">\n<div class=\"wp-block-column is-layout-flow wp-block-column-is-layout-flow\" style=\"flex-basis:33.33%\">\n<h3 class=\"wp-block-heading\">FELLOWSHIP PROGRAM<\/h3>\n<\/div>\n\n\n\n<div class=\"wp-block-column is-layout-flow wp-block-column-is-layout-flow\" style=\"flex-basis:66.66%\">\n<p>Wir wollen intelligente und nachhaltige Wege finden, um den Zugang zur Gesundheitsversorgung zu verbessern \u2013 insbesondere in Gebieten mit begrenzter Infrastruktur und Ressourcen. Zu diesem Zweck arbeiten wir mit ausgew\u00e4hlten, gemeinn\u00fctzigen Organisationen zusammen. MSD erm\u00f6glicht j\u00e4hrlich bis zu 30 konzerninternen Mitarbeitern im Rahmen eines dreimonatigen Fellowships, Organisationen mit begrenzten Ressourcen zu unterst\u00fctzen.<\/p>\n\n\n\n<p>Gemeinsam mit unseren Partnern wie Regierungen, Patientenorganisationen, multilateralen Organisationen, sowie Partnern aus dem Gesundheits- und Privatsektor wollen wir die Kapazit\u00e4t und Reichweite von gemeinn\u00fctzigen Organisationen st\u00e4rken, um einige der gr\u00f6\u00dften Herausforderungen im Gesundheitswesen weltweit zu l\u00f6sen.<\/p>\n\n\n\n<p><a href=\"https:\/\/www.msd.com\/\" target=\"_blank\" rel=\"noreferrer noopener\">Mehr Infos<\/a><\/p>\n<\/div>\n<\/div>\n\n\n\n<hr class=\"wp-block-separator has-css-opacity\"\/>\n\n\n\n<div class=\"wp-block-columns is-layout-flex wp-container-core-columns-is-layout-9d6595d7 wp-block-columns-is-layout-flex\">\n<div class=\"wp-block-column is-layout-flow wp-block-column-is-layout-flow\" style=\"flex-basis:33.33%\">\n<h3 class=\"wp-block-heading\">EBOLA<\/h3>\n<\/div>\n\n\n\n<div class=\"wp-block-column is-layout-flow wp-block-column-is-layout-flow\" style=\"flex-basis:66.66%\">\n<p>Seit 1976, als das Ebola-Virus erstmals entdeckt wurde, steigt die Zahl der Ausbr\u00fcche stetig an und stellt eine globale Herausforderung dar. MSD hat es sich daher zur Aufgabe gemacht, mit der Hilfe von zahlreichen Organisationen und Volunteers diese t\u00f6dliche Krankheit zu bek\u00e4mpfen.<\/p>\n\n\n\n<p>2019 wurde der von MSD zusammen mit der European Medicines Agency und der WHO entwickelte erste Impfstoff gegen Ebola zugelassen. Bis zum heutigen Tag wurden bereits 253.000 Dosen des Impfstoffes verschickt und mehr als 238.000 Menschen damit geimpft.<\/p>\n<\/div>\n<\/div>\n\n\n\n<hr class=\"wp-block-separator has-css-opacity\"\/>\n\n\n\n<div class=\"wp-block-columns is-layout-flex wp-container-core-columns-is-layout-9d6595d7 wp-block-columns-is-layout-flex\">\n<div class=\"wp-block-column is-layout-flow wp-block-column-is-layout-flow\" style=\"flex-basis:33.33%\">\n<h3 class=\"wp-block-heading\">SCHUTZ VOR MEDIKAMENTEN\u00adF\u00c4LSCHUNGEN<\/h3>\n<\/div>\n\n\n\n<div class=\"wp-block-column is-layout-flow wp-block-column-is-layout-flow\" style=\"flex-basis:66.66%\">\n<p>Wir setzen weltweit Ma\u00dfnahmen zur Bek\u00e4mpfung von Medikamentenf\u00e4lschungen und unterst\u00fctzen strafrechtliche und zivilrechtliche Sanktionen f\u00fcr F\u00e4lscher.<\/p>\n\n\n\n<p>Medikamentenf\u00e4lschungen gef\u00e4hrden weltweit die \u00f6ffentliche Gesundheit. In vielen gef\u00e4lschten Medikamenten ist der Wirkstoff falsch dosiert oder gar nicht enthalten. In einigen F\u00e4llen enthalten sie auch gesundheitlich bedenkliche Stoffe.<\/p>\n\n\n\n<p><a href=\"https:\/\/www.msdresponsibility.com\/#tab-558dd33cadb29\" target=\"_blank\" rel=\"noreferrer noopener\">Mehr Infos<\/a><\/p>\n<\/div>\n<\/div>\n\n\n\n<div style=\"height:100px\" aria-hidden=\"true\" class=\"wp-block-spacer\"><\/div>\n\n\n\n<p class=\"has-text-align-right\" style=\"font-size:11px\">AT-NON-02737, Erstellt Dezember 2024<\/p>\n","protected":false},"excerpt":{"rendered":"<p>MSD FOR MOTHERS Alle zwei Minuten stirbt eine Frau an den Komplikationen w\u00e4hrend der Schwangerschaft oder Geburt \u2013 das wollen wir \u00e4ndern. Mit dem Projekt MSD for Mothers arbeiten wir an einer nachhaltigen Verbesserung des Gesundheitssystems f\u00fcr werdende M\u00fctter. Dabei konzentrieren wir uns auf einen besseren Zugang zu qualitativer Betreuung, Behandlung und Vorsorge f\u00fcr schwangere [&hellip;]<\/p>\n","protected":false},"author":61,"featured_media":0,"parent":0,"menu_order":2,"comment_status":"closed","ping_status":"closed","template":"","meta":{"_acf_changed":false,"bdl_company_name":[],"bdl_item_external_link":[],"editor_notices":[],"footnotes":""},"class_list":["post-1763","page","type-page","status-publish","hentry"],"yoast_head":"<!-- This site is optimized with the Yoast SEO plugin v21.9.1 - https:\/\/yoast.com\/wordpress\/plugins\/seo\/ -->\n<title>Corporate Responsibility Weltweit - MSD<\/title>\n<meta name=\"robots\" content=\"index, follow, max-snippet:-1, max-image-preview:large, max-video-preview:-1\" \/>\n<link rel=\"canonical\" href=\"https:\/\/www.msd.at\/de\/csr-weltweit\/\" \/>\n<meta property=\"og:locale\" content=\"en_US\" \/>\n<meta property=\"og:type\" content=\"article\" \/>\n<meta property=\"og:title\" content=\"Corporate Responsibility Weltweit - MSD\" \/>\n<meta property=\"og:description\" content=\"MSD FOR MOTHERS Alle zwei Minuten stirbt eine Frau an den Komplikationen w\u00e4hrend der Schwangerschaft oder Geburt \u2013 das wollen wir \u00e4ndern. Mit dem Projekt MSD for Mothers arbeiten wir an einer nachhaltigen Verbesserung des Gesundheitssystems f\u00fcr werdende M\u00fctter. Dabei konzentrieren wir uns auf einen besseren Zugang zu qualitativer Betreuung, Behandlung und Vorsorge f\u00fcr schwangere [&hellip;]\" \/>\n<meta property=\"og:url\" content=\"https:\/\/www.msd.at\/de\/csr-weltweit\/\" \/>\n<meta property=\"og:site_name\" content=\"MSD\" \/>\n<meta property=\"article:modified_time\" content=\"2024-12-04T09:58:09+00:00\" \/>\n<meta name=\"twitter:card\" content=\"summary_large_image\" \/>\n<meta name=\"twitter:label1\" content=\"Est. reading time\" \/>\n\t<meta name=\"twitter:data1\" content=\"2 minutes\" \/>\n<script type=\"application\/ld+json\" class=\"yoast-schema-graph\">{\"@context\":\"https:\/\/schema.org\",\"@graph\":[{\"@type\":\"WebPage\",\"@id\":\"https:\/\/www.msd.at\/de\/csr-weltweit\/\",\"url\":\"https:\/\/www.msd.at\/de\/csr-weltweit\/\",\"name\":\"Corporate Responsibility Weltweit - MSD\",\"isPartOf\":{\"@id\":\"https:\/\/www.msd.at\/de\/#website\"},\"datePublished\":\"2021-09-01T02:07:38+00:00\",\"dateModified\":\"2024-12-04T09:58:09+00:00\",\"inLanguage\":\"en-US\",\"potentialAction\":[{\"@type\":\"ReadAction\",\"target\":[\"https:\/\/www.msd.at\/de\/csr-weltweit\/\"]}]},{\"@type\":\"WebSite\",\"@id\":\"https:\/\/www.msd.at\/de\/#website\",\"url\":\"https:\/\/www.msd.at\/de\/\",\"name\":\"MSD\",\"description\":\"Just another vip2-msd.com site\",\"potentialAction\":[{\"@type\":\"SearchAction\",\"target\":{\"@type\":\"EntryPoint\",\"urlTemplate\":\"https:\/\/www.msd.at\/de\/?s={search_term_string}\"},\"query-input\":\"required name=search_term_string\"}],\"inLanguage\":\"en-US\"}]}<\/script>\n<!-- \/ Yoast SEO plugin. -->","yoast_head_json":{"title":"Corporate Responsibility Weltweit - MSD","robots":{"index":"index","follow":"follow","max-snippet":"max-snippet:-1","max-image-preview":"max-image-preview:large","max-video-preview":"max-video-preview:-1"},"canonical":"https:\/\/www.msd.at\/de\/csr-weltweit\/","og_locale":"en_US","og_type":"article","og_title":"Corporate Responsibility Weltweit - MSD","og_description":"MSD FOR MOTHERS Alle zwei Minuten stirbt eine Frau an den Komplikationen w\u00e4hrend der Schwangerschaft oder Geburt \u2013 das wollen wir \u00e4ndern. Mit dem Projekt MSD for Mothers arbeiten wir an einer nachhaltigen Verbesserung des Gesundheitssystems f\u00fcr werdende M\u00fctter. Dabei konzentrieren wir uns auf einen besseren Zugang zu qualitativer Betreuung, Behandlung und Vorsorge f\u00fcr schwangere [&hellip;]","og_url":"https:\/\/www.msd.at\/de\/csr-weltweit\/","og_site_name":"MSD","article_modified_time":"2024-12-04T09:58:09+00:00","twitter_card":"summary_large_image","twitter_misc":{"Est. reading time":"2 minutes"},"schema":{"@context":"https:\/\/schema.org","@graph":[{"@type":"WebPage","@id":"https:\/\/www.msd.at\/de\/csr-weltweit\/","url":"https:\/\/www.msd.at\/de\/csr-weltweit\/","name":"Corporate Responsibility Weltweit - MSD","isPartOf":{"@id":"https:\/\/www.msd.at\/de\/#website"},"datePublished":"2021-09-01T02:07:38+00:00","dateModified":"2024-12-04T09:58:09+00:00","inLanguage":"en-US","potentialAction":[{"@type":"ReadAction","target":["https:\/\/www.msd.at\/de\/csr-weltweit\/"]}]},{"@type":"WebSite","@id":"https:\/\/www.msd.at\/de\/#website","url":"https:\/\/www.msd.at\/de\/","name":"MSD","description":"Just another vip2-msd.com site","potentialAction":[{"@type":"SearchAction","target":{"@type":"EntryPoint","urlTemplate":"https:\/\/www.msd.at\/de\/?s={search_term_string}"},"query-input":"required name=search_term_string"}],"inLanguage":"en-US"}]}},"acf":[],"_links":{"self":[{"href":"https:\/\/www.msd.at\/de\/wp-json\/wp\/v2\/pages\/1763","targetHints":{"allow":["GET"]}}],"collection":[{"href":"https:\/\/www.msd.at\/de\/wp-json\/wp\/v2\/pages"}],"about":[{"href":"https:\/\/www.msd.at\/de\/wp-json\/wp\/v2\/types\/page"}],"author":[{"embeddable":true,"href":"https:\/\/www.msd.at\/de\/wp-json\/wp\/v2\/users\/61"}],"replies":[{"embeddable":true,"href":"https:\/\/www.msd.at\/de\/wp-json\/wp\/v2\/comments?post=1763"}],"version-history":[{"count":21,"href":"https:\/\/www.msd.at\/de\/wp-json\/wp\/v2\/pages\/1763\/revisions"}],"predecessor-version":[{"id":5702,"href":"https:\/\/www.msd.at\/de\/wp-json\/wp\/v2\/pages\/1763\/revisions\/5702"}],"wp:attachment":[{"href":"https:\/\/www.msd.at\/de\/wp-json\/wp\/v2\/media?parent=1763"}],"curies":[{"name":"wp","href":"https:\/\/api.w.org\/{rel}","templated":true}]}}